{"id":11918,"date":"2020-03-18T19:51:09","date_gmt":"2020-03-19T00:51:09","guid":{"rendered":"https:\/\/fittingsgo.com\/product\/fr-liqui-moly-top-tec-atf-1200\/"},"modified":"2020-03-18T19:54:37","modified_gmt":"2020-03-19T00:54:37","slug":"fr-liqui-moly-top-tec-atf-1200","status":"publish","type":"product","link":"https:\/\/fittingsgo.com\/fr\/produit\/fr-liqui-moly-top-tec-atf-1200\/","title":{"rendered":"Liqui Moly Top Tec ATF 1200"},"content":{"rendered":"<p>Sp\u00e9cifications et agr\u00e9ments:<br \/>\nAPPROVALS:<br \/>\nAllison C4<br \/>\nDexron III H<br \/>\nFord Mercon V<br \/>\nHonda ATF Z1 (ausser CVT)<br \/>\nHyundai SP-II<br \/>\nHyundai SP-III<br \/>\nJASO 1-A<br \/>\nKia SP-II<br \/>\nKia SP-III<br \/>\nMazda ATF M-III<br \/>\nMazda ATF M-V<br \/>\nMitsubishi SP-II<br \/>\nMitsubishi SP-III<br \/>\nNissan AT-Matic D Fluid<br \/>\nNissan AT-Matic J Fluid<br \/>\nNissan AT-Matic K Fluid<br \/>\nToyota Type T-II<br \/>\nToyota Type T-IV<br \/>\nLIQUI MOLY recommande en outre ce produit pour les v\u00e9hicules et organes pour lesquels les sp\u00e9cifications ou r\u00e9f\u00e9rences de pi\u00e8ce de rechange d&#8217;origine suivantes sont requises :<br \/>\nAllison TES 295<br \/>\nBMW 7045 E<br \/>\nBMW 8072 B<br \/>\nBMW LA 2634<br \/>\nBMW LT 71141<br \/>\nCaterpillar TO-2<br \/>\nChrysler ATF +3<br \/>\nChrysler ATF +4<br \/>\nDaimler NAG-1<br \/>\nJWS 3309 (Aisin Warner)<br \/>\nMAN 339 Typ V1<br \/>\nMAN 339 Typ Z1<br \/>\nMAN 339 Typ Z2<br \/>\nMB 236.2<br \/>\nMB 236.5<br \/>\nMB 236.6<br \/>\nMB 236.7<br \/>\nMB 236.9<br \/>\nMB 236.10<br \/>\nMB 236.11<br \/>\nSubaru ATF<br \/>\nVoith H55.6335.XX (G 607)<br \/>\nVolvo 97340<br \/>\nVolvo 97341<br \/>\nVW Audi G 052 162 (G052162)<br \/>\nVW Audi G 052 990 (G052990)<br \/>\nVW Audi G 055 025 (G055025)<br \/>\nZF TE-ML 02F<br \/>\nZF TE-ML 03D<br \/>\nZF TE-ML 04D<br \/>\nZF TE-ML 05L<br \/>\nZF TE-ML 09<br \/>\nZF TE-ML 11A<br \/>\nZF TE-ML 11B<br \/>\nZF TE-ML 14A<br \/>\nZF TE-ML 14B<br \/>\nZF TE-ML 17C<br \/>\nLM20018<\/p>\n<div id=\"themify_builder_content-11918\" data-postid=\"11918\" class=\"themify_builder_content themify_builder_content-11918 themify_builder\">\n    <\/div>\n<!-- \/themify_builder_content -->\n","protected":false},"excerpt":{"rendered":"<p>Top Tec ATF 1200 est une huile de bo\u00eetes automa- tiques de la tout derni\u00e8re g\u00e9n\u00e9ration \u00e0 base d&#8217;huiles de base de synth\u00e8se HC en combinaison avec des composants d&#8217;additif ultramodernes et performants. La composition remarquable de diff\u00e9rents composants d&#8217;huiles de base et d&#8217;additifs garantit une stabilit\u00e9 au vieillissement optimale, une excellente protection contre l&#8217;usure et un comportement \u00e0 la friction avantageux. Top Tec ATF 1200 respecte les exigences de nombreux fabricants d&#8217;organes et constructeurs automobiles et garantit un fonctionnement parfait m\u00eame en cas de conditions de service tr\u00e8s s\u00e9v\u00e8res et face \u00e0 d&#8217;importantes fluctuations de temp\u00e9rature. Convient aussi pour les intervalles de vidange d&#8217;huile prolong\u00e9s.<br \/>\n1 L<\/p>\n","protected":false},"featured_media":11920,"comment_status":"open","ping_status":"closed","template":"","meta":[],"product_brand":[],"product_cat":[569],"product_tag":[],"class_list":{"0":"post-11918","1":"product","2":"type-product","3":"status-publish","4":"has-post-thumbnail","6":"product_cat-huile-de-transmission-automatique","7":"has-post-title","8":"has-post-date","9":"has-post-category","10":"has-post-tag","11":"has-post-comment","12":"has-post-author","13":"","14":"fullcover","16":"first","17":"instock","18":"taxable","19":"shipping-taxable","20":"purchasable","21":"product-type-simple"},"jetpack_sharing_enabled":true,"builder_content":"","_links":{"self":[{"href":"https:\/\/fittingsgo.com\/fr\/wp-json\/wp\/v2\/product\/11918","targetHints":{"allow":["GET"]}}],"collection":[{"href":"https:\/\/fittingsgo.com\/fr\/wp-json\/wp\/v2\/product"}],"about":[{"href":"https:\/\/fittingsgo.com\/fr\/wp-json\/wp\/v2\/types\/product"}],"replies":[{"embeddable":true,"href":"https:\/\/fittingsgo.com\/fr\/wp-json\/wp\/v2\/comments?post=11918"}],"wp:featuredmedia":[{"embeddable":true,"href":"https:\/\/fittingsgo.com\/fr\/wp-json\/wp\/v2\/media\/11920"}],"wp:attachment":[{"href":"https:\/\/fittingsgo.com\/fr\/wp-json\/wp\/v2\/media?parent=11918"}],"wp:term":[{"taxonomy":"product_brand","embeddable":true,"href":"https:\/\/fittingsgo.com\/fr\/wp-json\/wp\/v2\/product_brand?post=11918"},{"taxonomy":"product_cat","embeddable":true,"href":"https:\/\/fittingsgo.com\/fr\/wp-json\/wp\/v2\/product_cat?post=11918"},{"taxonomy":"product_tag","embeddable":true,"href":"https:\/\/fittingsgo.com\/fr\/wp-json\/wp\/v2\/product_tag?post=11918"}],"curies":[{"name":"wp","href":"https:\/\/api.w.org\/{rel}","templated":true}]}}