{"id":11912,"date":"2020-03-18T11:36:14","date_gmt":"2020-03-18T16:36:14","guid":{"rendered":"https:\/\/fittingsgo.com\/product\/liquide-de-transmission-automatique-mercon-v\/"},"modified":"2020-03-18T11:39:11","modified_gmt":"2020-03-18T16:39:11","slug":"liquide-de-transmission-automatique-mercon-v","status":"publish","type":"product","link":"https:\/\/fittingsgo.com\/fr\/produit\/liquide-de-transmission-automatique-mercon-v\/","title":{"rendered":"Liquide de transmission automatique Mercon V"},"content":{"rendered":"<p>PUREZONE ATF MV est un liquide de transmission multiv\u00e9hicules de premi\u00e8re qualit\u00e9 con\u00e7u pour offrir des performances de fonctionnement in\u00e9gal\u00e9es en service intensif. Cette formule a \u00e9t\u00e9 con\u00e7ue pour r\u00e9pondre aux exigences de performance des transmissions mondiales des fabricants de transmissions nord-am\u00e9ricains, europ\u00e9ens et asiatiques. L&#8217;utilisation d&#8217;un fluide pour de multiples applications r\u00e9duit les risques de mauvaise application et r\u00e9duit le besoin de plusieurs produits \u00e0 transporter en stock.<br \/>\nATFMV946<\/p>\n<div id=\"themify_builder_content-11912\" data-postid=\"11912\" class=\"themify_builder_content themify_builder_content-11912 themify_builder\">\n    <\/div>\n<!-- \/themify_builder_content -->\n","protected":false},"excerpt":{"rendered":"<p>R\u00c9POND OU D\u00c9PASSE LES EXIGENCES SUIVANTES:<br \/>\n&#8211; Mercon V approved<br \/>\n&#8211; Voith extended drain<br \/>\n&#8211; ZF (TE-ML.14.B)<br \/>\n&#8211; Allison C-4<br \/>\n&#8211; Caterpillar TO-2<br \/>\n&#8211; ATF +4, ATF +3 capable<br \/>\n&#8211; Convient pour une utilisation o\u00f9 Dexron IIIH, IIIG, IIE ou II est recommand\u00e9<br \/>\nDur\u00e9e de vie maximale dans les parcs de v\u00e9hicules lourds &#8211; jusqu&#8217;\u00e0 100 000 miles ou 50 000 miles en service s\u00e9v\u00e8re, comme recommand\u00e9 par les OEM<br \/>\nFabriqu\u00e9 par Purezone<\/p>\n","protected":false},"featured_media":11911,"comment_status":"open","ping_status":"closed","template":"","meta":[],"product_brand":[],"product_cat":[569],"product_tag":[],"class_list":{"0":"post-11912","1":"product","2":"type-product","3":"status-publish","4":"has-post-thumbnail","6":"product_cat-huile-de-transmission-automatique","7":"has-post-title","8":"has-post-date","9":"has-post-category","10":"has-post-tag","11":"has-post-comment","12":"has-post-author","13":"","14":"fullcover","16":"first","17":"instock","18":"taxable","19":"shipping-taxable","20":"purchasable","21":"product-type-simple"},"jetpack_sharing_enabled":true,"builder_content":"","_links":{"self":[{"href":"https:\/\/fittingsgo.com\/fr\/wp-json\/wp\/v2\/product\/11912","targetHints":{"allow":["GET"]}}],"collection":[{"href":"https:\/\/fittingsgo.com\/fr\/wp-json\/wp\/v2\/product"}],"about":[{"href":"https:\/\/fittingsgo.com\/fr\/wp-json\/wp\/v2\/types\/product"}],"replies":[{"embeddable":true,"href":"https:\/\/fittingsgo.com\/fr\/wp-json\/wp\/v2\/comments?post=11912"}],"wp:featuredmedia":[{"embeddable":true,"href":"https:\/\/fittingsgo.com\/fr\/wp-json\/wp\/v2\/media\/11911"}],"wp:attachment":[{"href":"https:\/\/fittingsgo.com\/fr\/wp-json\/wp\/v2\/media?parent=11912"}],"wp:term":[{"taxonomy":"product_brand","embeddable":true,"href":"https:\/\/fittingsgo.com\/fr\/wp-json\/wp\/v2\/product_brand?post=11912"},{"taxonomy":"product_cat","embeddable":true,"href":"https:\/\/fittingsgo.com\/fr\/wp-json\/wp\/v2\/product_cat?post=11912"},{"taxonomy":"product_tag","embeddable":true,"href":"https:\/\/fittingsgo.com\/fr\/wp-json\/wp\/v2\/product_tag?post=11912"}],"curies":[{"name":"wp","href":"https:\/\/api.w.org\/{rel}","templated":true}]}}