{"id":11888,"date":"2020-03-10T20:45:43","date_gmt":"2020-03-11T01:45:43","guid":{"rendered":"https:\/\/fittingsgo.com\/product\/lucas-synthetique-multi-vehicules-huile-cvt\/"},"modified":"2025-06-28T07:01:33","modified_gmt":"2025-06-28T12:01:33","slug":"lucas-synthetique-multi-vehicules-huile-cvt","status":"publish","type":"product","link":"https:\/\/fittingsgo.com\/fr\/produit\/lucas-synthetique-multi-vehicules-huile-cvt\/","title":{"rendered":"Lucas Synth\u00e9tique Multi-V\u00e9hicules huile CVT"},"content":{"rendered":"<p>Le liquide CVT synth\u00e9tique multiv\u00e9hicules de Lucas est un liquide de transmission enti\u00e8rement synth\u00e9tique de premi\u00e8re qualit\u00e9 sp\u00e9cialement con\u00e7u pour une utilisation dans les voitures de tourisme \u00e0 transmission par courroie en acier ou \u00e0 variation continue.<br \/>\nLe fluide Lucas CVT prot\u00e8ge contre l&#8217;usure et la corrosion. Il r\u00e9siste mieux \u00e0 l&#8217;amincissement par cisaillement que les fluides CVT typiques. Il offre \u00e9galement un refroidissement sup\u00e9rieur et une excellente fluidit\u00e9 \u00e0 basse temp\u00e9rature pour un fonctionnement plus fluide par temps froid. Prot\u00e8ge contre la formation de boues et de vernis. Excellente r\u00e9sistance \u00e0 l&#8217;oxydation et stabilit\u00e9 thermique. Il a un faible coefficient de friction entre l&#8217;acier et le mat\u00e9riau d&#8217;embrayage pour \u00e9liminer les frissons. Il a \u00e9t\u00e9 sp\u00e9cialement con\u00e7u pour avoir les propri\u00e9t\u00e9s de friction uniques requises pour une utilisation dans ce type de transmission.<br \/>\n10111, 20111<\/p>\n<div id=\"themify_builder_content-11888\" data-postid=\"11888\" class=\"themify_builder_content themify_builder_content-11888 themify_builder\">\n    <\/div>\n<!-- \/themify_builder_content -->\n","protected":false},"excerpt":{"rendered":"<p>Le fluide CVT synth\u00e9tique multi-v\u00e9hicules convient pour:<br \/>\nBMW\/Mini Cooper EZL 799A (Punch),<br \/>\nDodge\/Jeep Mopar CVTF +4,<br \/>\nFord M2C928-A (CFT 23), GM DEX-CVT, GM CVT,<br \/>\nHyundai\/Kia SP-CVT 1, Honda HMMF,<br \/>\nHCF-2, Mazda CVTF 3320,<br \/>\nMercedes Benz MB-Approval 236.20,<br \/>\nMitsubishi DiaQueen CVTF J1, DiaQueen CVTF J4,<br \/>\nNissan NS-1, NS-2, NS-3,<br \/>\nSubaru E-CVT, Suzuki CVTF Fluid Green 1 (Shell Green 1V),<br \/>\nCVTF Fluid Green 2, CVTF 3320,<br \/>\nToyota\/Lexus TC, FE, WS (Prius eCVT only),<br \/>\nAudi\/VW TL 052 180, TL 052 516,<br \/>\nFord WSS-M2C933-A (CFT 30), Mercon \u010a (CFT 30),<br \/>\nSubaru Lineartronic CV-30, Lineartronic CVTF II,<br \/>\nHigh Torque CVTF, Low Viscosity CVTF<br \/>\n946 ml<br \/>\nVendus s\u00e9par\u00e9ment<\/p>\n","protected":false},"featured_media":11887,"comment_status":"open","ping_status":"closed","template":"","meta":[],"product_brand":[],"product_cat":[569],"product_tag":[],"class_list":{"0":"post-11888","1":"product","2":"type-product","3":"status-publish","4":"has-post-thumbnail","6":"product_cat-huile-de-transmission-automatique","7":"has-post-title","8":"has-post-date","9":"has-post-category","10":"has-post-tag","11":"has-post-comment","12":"has-post-author","13":"","14":"fullcover","16":"first","17":"instock","18":"taxable","19":"shipping-taxable","20":"purchasable","21":"product-type-simple"},"jetpack_sharing_enabled":true,"builder_content":"","_links":{"self":[{"href":"https:\/\/fittingsgo.com\/fr\/wp-json\/wp\/v2\/product\/11888","targetHints":{"allow":["GET"]}}],"collection":[{"href":"https:\/\/fittingsgo.com\/fr\/wp-json\/wp\/v2\/product"}],"about":[{"href":"https:\/\/fittingsgo.com\/fr\/wp-json\/wp\/v2\/types\/product"}],"replies":[{"embeddable":true,"href":"https:\/\/fittingsgo.com\/fr\/wp-json\/wp\/v2\/comments?post=11888"}],"wp:featuredmedia":[{"embeddable":true,"href":"https:\/\/fittingsgo.com\/fr\/wp-json\/wp\/v2\/media\/11887"}],"wp:attachment":[{"href":"https:\/\/fittingsgo.com\/fr\/wp-json\/wp\/v2\/media?parent=11888"}],"wp:term":[{"taxonomy":"product_brand","embeddable":true,"href":"https:\/\/fittingsgo.com\/fr\/wp-json\/wp\/v2\/product_brand?post=11888"},{"taxonomy":"product_cat","embeddable":true,"href":"https:\/\/fittingsgo.com\/fr\/wp-json\/wp\/v2\/product_cat?post=11888"},{"taxonomy":"product_tag","embeddable":true,"href":"https:\/\/fittingsgo.com\/fr\/wp-json\/wp\/v2\/product_tag?post=11888"}],"curies":[{"name":"wp","href":"https:\/\/api.w.org\/{rel}","templated":true}]}}