{"id":11884,"date":"2020-03-10T20:27:58","date_gmt":"2020-03-11T01:27:58","guid":{"rendered":"https:\/\/fittingsgo.com\/product\/valvoline-multi-vehicules-atf-max-life\/"},"modified":"2020-03-18T22:10:25","modified_gmt":"2020-03-19T03:10:25","slug":"valvoline-multi-vehicules-atf-max-life","status":"publish","type":"product","link":"https:\/\/fittingsgo.com\/fr\/produit\/valvoline-multi-vehicules-atf-max-life\/","title":{"rendered":"Valvoline Multi-V\u00e9hicules ATF MAX LIFE"},"content":{"rendered":"<p>SYNTH\u00c9TIQUE COMPL\u00c8TE<br \/>\n&#8211; Les conditionneurs de joints aident \u00e0 r\u00e9duire les fuites.<br \/>\n&#8211; Les huiles de base synth\u00e9tiques r\u00e9sistent mieux au gla\u00e7age et au glissement des disques d&#8217;embrayage.<br \/>\n&#8211; Les modificateurs de friction durables aident \u00e0 pr\u00e9venir les tremblements.<br \/>\n&#8211; Technologie anti-usure avanc\u00e9e pour mieux pr\u00e9venir l&#8217;usure des engrenages.<br \/>\n822421<\/p>\n<div id=\"themify_builder_content-11884\" data-postid=\"11884\" class=\"themify_builder_content themify_builder_content-11884 themify_builder\">\n    <\/div>\n<!-- \/themify_builder_content -->\n","protected":false},"excerpt":{"rendered":"<p>Recommand\u00e9 par Valvoline pour une utilisation dans:<br \/>\n&#8211; GM DEXRON II, DEXRON III, DEXRON VI<br \/>\n&#8211; Ford MERCON LV<br \/>\n&#8211; Toyota\/Lexus Type T, T-II, T-IV, WS<br \/>\n&#8211; Honda\/Acura ATF-Z1 (except CVTs)<br \/>\n&#8211; Nissan\/Infiniti Matic-D, Matic-J, Matic-K, Matic-S<br \/>\n&#8211; Hyundai\/Kia SP-II, SP-III, SP-IV<br \/>\n&#8211; BMW 7045E, ETL 8072B, LA2634, LT71141<br \/>\n&#8211; Allison C-4<br \/>\n&#8211; Mercedes Benz NAG-1<br \/>\n&#8211; Volvo 1161521, 11611540, 97340, 1273.41<br \/>\n&#8211; VW\/AUDI G-052-025-A2, G-052-162-A1, G052025, G052162<br \/>\nVendus s\u00e9par\u00e9ment<br \/>\n946 ml<\/p>\n","protected":false},"featured_media":11883,"comment_status":"open","ping_status":"closed","template":"","meta":[],"product_brand":[],"product_cat":[569],"product_tag":[],"class_list":{"0":"post-11884","1":"product","2":"type-product","3":"status-publish","4":"has-post-thumbnail","6":"product_cat-huile-de-transmission-automatique","7":"has-post-title","8":"has-post-date","9":"has-post-category","10":"has-post-tag","11":"has-post-comment","12":"has-post-author","13":"","14":"fullcover","16":"first","17":"instock","18":"taxable","19":"shipping-taxable","20":"purchasable","21":"product-type-simple"},"jetpack_sharing_enabled":true,"builder_content":"","_links":{"self":[{"href":"https:\/\/fittingsgo.com\/fr\/wp-json\/wp\/v2\/product\/11884","targetHints":{"allow":["GET"]}}],"collection":[{"href":"https:\/\/fittingsgo.com\/fr\/wp-json\/wp\/v2\/product"}],"about":[{"href":"https:\/\/fittingsgo.com\/fr\/wp-json\/wp\/v2\/types\/product"}],"replies":[{"embeddable":true,"href":"https:\/\/fittingsgo.com\/fr\/wp-json\/wp\/v2\/comments?post=11884"}],"wp:featuredmedia":[{"embeddable":true,"href":"https:\/\/fittingsgo.com\/fr\/wp-json\/wp\/v2\/media\/11883"}],"wp:attachment":[{"href":"https:\/\/fittingsgo.com\/fr\/wp-json\/wp\/v2\/media?parent=11884"}],"wp:term":[{"taxonomy":"product_brand","embeddable":true,"href":"https:\/\/fittingsgo.com\/fr\/wp-json\/wp\/v2\/product_brand?post=11884"},{"taxonomy":"product_cat","embeddable":true,"href":"https:\/\/fittingsgo.com\/fr\/wp-json\/wp\/v2\/product_cat?post=11884"},{"taxonomy":"product_tag","embeddable":true,"href":"https:\/\/fittingsgo.com\/fr\/wp-json\/wp\/v2\/product_tag?post=11884"}],"curies":[{"name":"wp","href":"https:\/\/api.w.org\/{rel}","templated":true}]}}