{"id":11880,"date":"2020-03-10T20:11:24","date_gmt":"2020-03-11T01:11:24","guid":{"rendered":"https:\/\/fittingsgo.com\/product\/fr-atf-dex-merc-dexron-iii-mercon\/"},"modified":"2020-03-18T12:17:38","modified_gmt":"2020-03-18T17:17:38","slug":"fr-atf-dex-merc-dexron-iii-mercon","status":"publish","type":"product","link":"https:\/\/fittingsgo.com\/fr\/produit\/fr-atf-dex-merc-dexron-iii-mercon\/","title":{"rendered":"Dexron III \/ Mercon Huile de transmission automatique"},"content":{"rendered":"<p>ATF946<\/p>\n<div id=\"themify_builder_content-11880\" data-postid=\"11880\" class=\"themify_builder_content themify_builder_content-11880 themify_builder\">\n    <\/div>\n<!-- \/themify_builder_content -->\n","protected":false},"excerpt":{"rendered":"<p>PUREZONE ATF DEX \/ MERC est un produit haut de gamme est un fluide polyvalent, m\u00e9lang\u00e9 \u00e0 partir de stocks de base s\u00e9lectionn\u00e9s et hautement raffin\u00e9s et d&#8217;additifs avanc\u00e9s. Il est recommand\u00e9 pour les syst\u00e8mes de transmission, les syst\u00e8mes hydrauliques et les unit\u00e9s de direction assist\u00e9e fabriqu\u00e9s dans le monde entier n\u00e9cessitant des normes de performance des fluides de type ATF-III \/ DEXRON-III (H), DEXRON-III, DEXRON-IIE, DEXRON, MERCON, Ford ESP-M2C138- Fluides CJ, Ford ESP-M2C166-H ou Suffixe A de type A, Allison C-3 \/ C-4 ou Caterpillar TO-2.<\/p>\n","protected":false},"featured_media":11879,"comment_status":"open","ping_status":"closed","template":"","meta":[],"product_brand":[],"product_cat":[569],"product_tag":[],"class_list":{"0":"post-11880","1":"product","2":"type-product","3":"status-publish","4":"has-post-thumbnail","6":"product_cat-huile-de-transmission-automatique","7":"has-post-title","8":"has-post-date","9":"has-post-category","10":"has-post-tag","11":"has-post-comment","12":"has-post-author","13":"","14":"fullcover","16":"first","17":"instock","18":"taxable","19":"shipping-taxable","20":"purchasable","21":"product-type-simple"},"jetpack_sharing_enabled":true,"builder_content":"","_links":{"self":[{"href":"https:\/\/fittingsgo.com\/fr\/wp-json\/wp\/v2\/product\/11880","targetHints":{"allow":["GET"]}}],"collection":[{"href":"https:\/\/fittingsgo.com\/fr\/wp-json\/wp\/v2\/product"}],"about":[{"href":"https:\/\/fittingsgo.com\/fr\/wp-json\/wp\/v2\/types\/product"}],"replies":[{"embeddable":true,"href":"https:\/\/fittingsgo.com\/fr\/wp-json\/wp\/v2\/comments?post=11880"}],"wp:featuredmedia":[{"embeddable":true,"href":"https:\/\/fittingsgo.com\/fr\/wp-json\/wp\/v2\/media\/11879"}],"wp:attachment":[{"href":"https:\/\/fittingsgo.com\/fr\/wp-json\/wp\/v2\/media?parent=11880"}],"wp:term":[{"taxonomy":"product_brand","embeddable":true,"href":"https:\/\/fittingsgo.com\/fr\/wp-json\/wp\/v2\/product_brand?post=11880"},{"taxonomy":"product_cat","embeddable":true,"href":"https:\/\/fittingsgo.com\/fr\/wp-json\/wp\/v2\/product_cat?post=11880"},{"taxonomy":"product_tag","embeddable":true,"href":"https:\/\/fittingsgo.com\/fr\/wp-json\/wp\/v2\/product_tag?post=11880"}],"curies":[{"name":"wp","href":"https:\/\/api.w.org\/{rel}","templated":true}]}}