{"id":11821,"date":"2020-03-04T21:44:23","date_gmt":"2020-03-05T02:44:23","guid":{"rendered":"https:\/\/fittingsgo.com\/product\/lampe-inclinable-rechargeable-a-del-cob-de-600-lumens-alert\/"},"modified":"2020-03-04T21:47:13","modified_gmt":"2020-03-05T02:47:13","slug":"lampe-inclinable-rechargeable-a-del-cob-de-600-lumens-alert","status":"publish","type":"product","link":"https:\/\/fittingsgo.com\/fr\/produit\/lampe-inclinable-rechargeable-a-del-cob-de-600-lumens-alert\/","title":{"rendered":"Lampe inclinable rechargeable \u00e0 DEL COB de 600 lumens Alert"},"content":{"rendered":"<p>KWR6CT<\/p>\n<div id=\"themify_builder_content-11821\" data-postid=\"11821\" class=\"themify_builder_content themify_builder_content-11821 themify_builder\">\n    <\/div>\n<!-- \/themify_builder_content -->\n","protected":false},"excerpt":{"rendered":"<p>&#8211; Lampe inclinable \u00e0 DEL COB de 600 lumens<br \/>\n&#8211; La t\u00eate s&#8217;incline \u00e0 120 degr\u00e9s vers l&#8217;avant et l&#8217;arri\u00e8re<br \/>\n&#8211; Batterie Li-Ion 2600 mAh<br \/>\n&#8211; Niveaux de luminosit\u00e9 double: 600\/250 lumens<br \/>\n&#8211; Lampe de poche LED 120 lumens<br \/>\n&#8211; IP54 \u00e9tanche \u00e0 la pluie<br \/>\n&#8211; Chargement micro USB<br \/>\n&#8211; Voyants de niveau de batterie \/ \u00e9tat de charge<br \/>\n&#8211; Base magn\u00e9tique<br \/>\n&#8211; Poign\u00e9e caoutchout\u00e9e<br \/>\n&#8211; T\u00eate en aluminium<br \/>\nFabriqu\u00e9 par Alert<\/p>\n","protected":false},"featured_media":11811,"comment_status":"open","ping_status":"closed","template":"","meta":[],"product_brand":[],"product_cat":[237],"product_tag":[],"class_list":{"0":"post-11821","1":"product","2":"type-product","3":"status-publish","4":"has-post-thumbnail","6":"product_cat-lampes-de-travail","7":"has-post-title","8":"has-post-date","9":"has-post-category","10":"has-post-tag","11":"has-post-comment","12":"has-post-author","13":"","14":"fullcover","16":"first","17":"outofstock","18":"taxable","19":"shipping-taxable","20":"purchasable","21":"product-type-simple"},"jetpack_sharing_enabled":true,"builder_content":"","_links":{"self":[{"href":"https:\/\/fittingsgo.com\/fr\/wp-json\/wp\/v2\/product\/11821","targetHints":{"allow":["GET"]}}],"collection":[{"href":"https:\/\/fittingsgo.com\/fr\/wp-json\/wp\/v2\/product"}],"about":[{"href":"https:\/\/fittingsgo.com\/fr\/wp-json\/wp\/v2\/types\/product"}],"replies":[{"embeddable":true,"href":"https:\/\/fittingsgo.com\/fr\/wp-json\/wp\/v2\/comments?post=11821"}],"wp:featuredmedia":[{"embeddable":true,"href":"https:\/\/fittingsgo.com\/fr\/wp-json\/wp\/v2\/media\/11811"}],"wp:attachment":[{"href":"https:\/\/fittingsgo.com\/fr\/wp-json\/wp\/v2\/media?parent=11821"}],"wp:term":[{"taxonomy":"product_brand","embeddable":true,"href":"https:\/\/fittingsgo.com\/fr\/wp-json\/wp\/v2\/product_brand?post=11821"},{"taxonomy":"product_cat","embeddable":true,"href":"https:\/\/fittingsgo.com\/fr\/wp-json\/wp\/v2\/product_cat?post=11821"},{"taxonomy":"product_tag","embeddable":true,"href":"https:\/\/fittingsgo.com\/fr\/wp-json\/wp\/v2\/product_tag?post=11821"}],"curies":[{"name":"wp","href":"https:\/\/api.w.org\/{rel}","templated":true}]}}