{"id":11791,"date":"2020-03-03T22:13:45","date_gmt":"2020-03-04T03:13:45","guid":{"rendered":"https:\/\/fittingsgo.com\/product\/additif-dhuile-de-rodage-de-moteur-tb-zinc-plus-de-lucas\/"},"modified":"2020-03-03T22:16:11","modified_gmt":"2020-03-04T03:16:11","slug":"additif-dhuile-de-rodage-de-moteur-tb-zinc-plus-de-lucas","status":"publish","type":"product","link":"https:\/\/fittingsgo.com\/fr\/produit\/additif-dhuile-de-rodage-de-moteur-tb-zinc-plus-de-lucas\/","title":{"rendered":"Additif d&#8217;huile de rodage de moteur TB ZINC PLUS de Lucas"},"content":{"rendered":"<p>20063<\/p>\n<div id=\"themify_builder_content-11791\" data-postid=\"11791\" class=\"themify_builder_content themify_builder_content-11791 themify_builder\">\n    <\/div>\n<!-- \/themify_builder_content -->\n","protected":false},"excerpt":{"rendered":"<p>L\u2019additif d\u2019huile de rodage du moteur TB Zinc Plus de Lucas est sp\u00e9cialement formul\u00e9 \u00e0 base de dialkyldithiophosphate de zinc (ZDDP) pour prot\u00e9ger les poussoirs d\u2019arbre \u00e0 cames et les soupapes pendant la p\u00e9riode de rodage du moteur. Des additifs pour pression extr\u00eame renforcent la protection de n\u2019importe quel moteur. Excellent pour les arbres \u00e0 cames \u00e0 poussoirs plats pendant le rodage ou comme additif \u00e0 n\u2019importe quelle huile de moteur pour emp\u00eacher l\u2019usure pr\u00e9matur\u00e9e. \u00c0 utiliser<br \/>\n\u00e0 chaque vidange d\u2019huile pour augmenter la teneur en zinc de votre huile de moteur.<br \/>\n473 ml<\/p>\n","protected":false},"featured_media":11788,"comment_status":"open","ping_status":"closed","template":"","meta":[],"product_brand":[],"product_cat":[563],"product_tag":[],"class_list":{"0":"post-11791","1":"product","2":"type-product","3":"status-publish","4":"has-post-thumbnail","6":"product_cat-additifs-huile","7":"has-post-title","8":"has-post-date","9":"has-post-category","10":"has-post-tag","11":"has-post-comment","12":"has-post-author","13":"","14":"fullcover","16":"first","17":"instock","18":"taxable","19":"shipping-taxable","20":"purchasable","21":"product-type-simple"},"jetpack_sharing_enabled":true,"builder_content":"","_links":{"self":[{"href":"https:\/\/fittingsgo.com\/fr\/wp-json\/wp\/v2\/product\/11791","targetHints":{"allow":["GET"]}}],"collection":[{"href":"https:\/\/fittingsgo.com\/fr\/wp-json\/wp\/v2\/product"}],"about":[{"href":"https:\/\/fittingsgo.com\/fr\/wp-json\/wp\/v2\/types\/product"}],"replies":[{"embeddable":true,"href":"https:\/\/fittingsgo.com\/fr\/wp-json\/wp\/v2\/comments?post=11791"}],"wp:featuredmedia":[{"embeddable":true,"href":"https:\/\/fittingsgo.com\/fr\/wp-json\/wp\/v2\/media\/11788"}],"wp:attachment":[{"href":"https:\/\/fittingsgo.com\/fr\/wp-json\/wp\/v2\/media?parent=11791"}],"wp:term":[{"taxonomy":"product_brand","embeddable":true,"href":"https:\/\/fittingsgo.com\/fr\/wp-json\/wp\/v2\/product_brand?post=11791"},{"taxonomy":"product_cat","embeddable":true,"href":"https:\/\/fittingsgo.com\/fr\/wp-json\/wp\/v2\/product_cat?post=11791"},{"taxonomy":"product_tag","embeddable":true,"href":"https:\/\/fittingsgo.com\/fr\/wp-json\/wp\/v2\/product_tag?post=11791"}],"curies":[{"name":"wp","href":"https:\/\/api.w.org\/{rel}","templated":true}]}}