{"id":11785,"date":"2020-03-03T22:07:49","date_gmt":"2020-03-04T03:07:49","guid":{"rendered":"https:\/\/fittingsgo.com\/product\/antifuite-pour-servo-direction-de-lucas\/"},"modified":"2020-03-03T22:09:41","modified_gmt":"2020-03-04T03:09:41","slug":"antifuite-pour-servo-direction-de-lucas","status":"publish","type":"product","link":"https:\/\/fittingsgo.com\/fr\/produit\/antifuite-pour-servo-direction-de-lucas\/","title":{"rendered":"Antifuite pour servo-direction de Lucas"},"content":{"rendered":"<p>20008<\/p>\n<div id=\"themify_builder_content-11785\" data-postid=\"11785\" class=\"themify_builder_content themify_builder_content-11785 themify_builder\">\n    <\/div>\n<!-- \/themify_builder_content -->\n","protected":false},"excerpt":{"rendered":"<p>L\u2019antifuite pour servo-direction de Lucas \u00e9limine avec efficacit\u00e9 les points durs et le serrage dans les directions \u00e0 cr\u00e9maill\u00e8re et les g\u00e9missements de certaines pompes de Ford. Pour corriger ces probl\u00e8mes, videz le r\u00e9servoir et remplissez-le d\u2019antifuite pour servo- direction de Lucas (g\u00e9n\u00e9ralement 355 ml). Compatible avec tous les liquides de servo-direction. Ne<br \/>\ncontient aucun solvant dangereux.<br \/>\n355 ml<\/p>\n","protected":false},"featured_media":11782,"comment_status":"open","ping_status":"closed","template":"","meta":[],"product_brand":[],"product_cat":[575],"product_tag":[],"class_list":{"0":"post-11785","1":"product","2":"type-product","3":"status-publish","4":"has-post-thumbnail","6":"product_cat-huile-de-servo-direction","7":"has-post-title","8":"has-post-date","9":"has-post-category","10":"has-post-tag","11":"has-post-comment","12":"has-post-author","13":"","14":"fullcover","16":"first","17":"instock","18":"taxable","19":"shipping-taxable","20":"purchasable","21":"product-type-simple"},"jetpack_sharing_enabled":true,"builder_content":"","_links":{"self":[{"href":"https:\/\/fittingsgo.com\/fr\/wp-json\/wp\/v2\/product\/11785","targetHints":{"allow":["GET"]}}],"collection":[{"href":"https:\/\/fittingsgo.com\/fr\/wp-json\/wp\/v2\/product"}],"about":[{"href":"https:\/\/fittingsgo.com\/fr\/wp-json\/wp\/v2\/types\/product"}],"replies":[{"embeddable":true,"href":"https:\/\/fittingsgo.com\/fr\/wp-json\/wp\/v2\/comments?post=11785"}],"wp:featuredmedia":[{"embeddable":true,"href":"https:\/\/fittingsgo.com\/fr\/wp-json\/wp\/v2\/media\/11782"}],"wp:attachment":[{"href":"https:\/\/fittingsgo.com\/fr\/wp-json\/wp\/v2\/media?parent=11785"}],"wp:term":[{"taxonomy":"product_brand","embeddable":true,"href":"https:\/\/fittingsgo.com\/fr\/wp-json\/wp\/v2\/product_brand?post=11785"},{"taxonomy":"product_cat","embeddable":true,"href":"https:\/\/fittingsgo.com\/fr\/wp-json\/wp\/v2\/product_cat?post=11785"},{"taxonomy":"product_tag","embeddable":true,"href":"https:\/\/fittingsgo.com\/fr\/wp-json\/wp\/v2\/product_tag?post=11785"}],"curies":[{"name":"wp","href":"https:\/\/api.w.org\/{rel}","templated":true}]}}