{"id":11779,"date":"2020-03-03T21:58:00","date_gmt":"2020-03-04T02:58:00","guid":{"rendered":"https:\/\/fittingsgo.com\/product\/reparateur-pour-boites-de-vitesses-de-lucas\/"},"modified":"2020-03-03T22:02:13","modified_gmt":"2020-03-04T03:02:13","slug":"reparateur-pour-boites-de-vitesses-de-lucas","status":"publish","type":"product","link":"https:\/\/fittingsgo.com\/fr\/produit\/reparateur-pour-boites-de-vitesses-de-lucas\/","title":{"rendered":"R\u00e9parateur pour bo\u00eetes de vitesses de Lucas"},"content":{"rendered":"<p>Ce produit prolonge jusqu\u2019\u00e0 trois fois la dur\u00e9e de vie du liquide. Il met compl\u00e8tement fin \u00e0 la plupart des fuites de joints et il limite la temp\u00e9rature et le moussage. Il est parfait comme produit d\u2019entretien pr\u00e9ventif pour \u00e9liminer l\u2019usure initiale dans les bo\u00eetes de vitesses neuves. Indispensable pour les autocaravanes, les v\u00e9hicules de remorquage et toutes les autres transmissions \u00e0 service intensif. Compatible \u00e0 toutes les bo\u00eetes de vitesses et \u00e0 tous les liquides de bo\u00eetes de vitesses, \u00e0 l\u2019exception des transmissions et des liquides de transmission \u00e0 variation continue. Il n\u2019annulera pas les garanties des v\u00e9hicules<br \/>\nneufs. Il ne contient aucun solvant dangereux. \u00c0 utiliser aussi dans les bo\u00eetes de vitesses manuelles \u00e0 service l\u00e9ger. (Les r\u00e9sultats sont g\u00e9n\u00e9ralement imm\u00e9diats.)<br \/>\n20009<\/p>\n<div id=\"themify_builder_content-11779\" data-postid=\"11779\" class=\"themify_builder_content themify_builder_content-11779 themify_builder\">\n    <\/div>\n<!-- \/themify_builder_content -->\n","protected":false},"excerpt":{"rendered":"<p>Le r\u00e9parateur pour bo\u00eetes de vitesses de Lucas arr\u00eate le glissement dans les transmissions us\u00e9es. Il nettoie et lubrifie les soupapes colle\u00e9s pour permettre un bon changement de vitesse.<br \/>\n946 ml<\/p>\n","protected":false},"featured_media":11776,"comment_status":"open","ping_status":"closed","template":"","meta":[],"product_brand":[],"product_cat":[569],"product_tag":[],"class_list":{"0":"post-11779","1":"product","2":"type-product","3":"status-publish","4":"has-post-thumbnail","6":"product_cat-huile-de-transmission-automatique","7":"has-post-title","8":"has-post-date","9":"has-post-category","10":"has-post-tag","11":"has-post-comment","12":"has-post-author","13":"","14":"fullcover","16":"first","17":"instock","18":"taxable","19":"shipping-taxable","20":"purchasable","21":"product-type-simple"},"jetpack_sharing_enabled":true,"builder_content":"","_links":{"self":[{"href":"https:\/\/fittingsgo.com\/fr\/wp-json\/wp\/v2\/product\/11779","targetHints":{"allow":["GET"]}}],"collection":[{"href":"https:\/\/fittingsgo.com\/fr\/wp-json\/wp\/v2\/product"}],"about":[{"href":"https:\/\/fittingsgo.com\/fr\/wp-json\/wp\/v2\/types\/product"}],"replies":[{"embeddable":true,"href":"https:\/\/fittingsgo.com\/fr\/wp-json\/wp\/v2\/comments?post=11779"}],"wp:featuredmedia":[{"embeddable":true,"href":"https:\/\/fittingsgo.com\/fr\/wp-json\/wp\/v2\/media\/11776"}],"wp:attachment":[{"href":"https:\/\/fittingsgo.com\/fr\/wp-json\/wp\/v2\/media?parent=11779"}],"wp:term":[{"taxonomy":"product_brand","embeddable":true,"href":"https:\/\/fittingsgo.com\/fr\/wp-json\/wp\/v2\/product_brand?post=11779"},{"taxonomy":"product_cat","embeddable":true,"href":"https:\/\/fittingsgo.com\/fr\/wp-json\/wp\/v2\/product_cat?post=11779"},{"taxonomy":"product_tag","embeddable":true,"href":"https:\/\/fittingsgo.com\/fr\/wp-json\/wp\/v2\/product_tag?post=11779"}],"curies":[{"name":"wp","href":"https:\/\/api.w.org\/{rel}","templated":true}]}}