{"id":11773,"date":"2020-03-03T21:47:06","date_gmt":"2020-03-04T02:47:06","guid":{"rendered":"https:\/\/fittingsgo.com\/product\/stabilisateur-dhuile-synthetique-pure-de-lucas\/"},"modified":"2020-03-03T21:54:56","modified_gmt":"2020-03-04T02:54:56","slug":"stabilisateur-dhuile-synthetique-pure-de-lucas","status":"publish","type":"product","link":"https:\/\/fittingsgo.com\/fr\/produit\/stabilisateur-dhuile-synthetique-pure-de-lucas\/","title":{"rendered":"Stabilisateur d\u2019huile synth\u00e9tique pure de Lucas"},"content":{"rendered":"<p>20130<\/p>\n<div id=\"themify_builder_content-11773\" data-postid=\"11773\" class=\"themify_builder_content themify_builder_content-11773 themify_builder\">\n    <\/div>\n<!-- \/themify_builder_content -->\n","protected":false},"excerpt":{"rendered":"<p>Le stabilisateur d\u2019huile synth\u00e9tique pure de Lucas est parfait pour l\u2019utilisation dans des machines neuves qui n\u00e9cessitent des huiles synth\u00e9tiques ou dans des machines qui ont besoin d\u2019un rendement am\u00e9lior\u00e9. C\u2019est le suppl\u00e9ment parfait pour les voitures de course, les voitures neuves et les voitures \u00e0 quatre cylindres.Il limite la temp\u00e9rature et l\u2019usure dans les motocyclettes,les moteurs \u00e0 refroidissement<br \/>\n\u00e0 air et tous les \u00e9l\u00e9ments du train d\u2019entra\u00eenement. Ce produit r\u00e9duit consid\u00e9rablement les frottements et am\u00e9liore grandement le rendement et les \u00e9conomies en carburant des v\u00e9hicules.<br \/>\n946 ml<\/p>\n","protected":false},"featured_media":11770,"comment_status":"open","ping_status":"closed","template":"","meta":[],"product_brand":[],"product_cat":[563],"product_tag":[],"class_list":{"0":"post-11773","1":"product","2":"type-product","3":"status-publish","4":"has-post-thumbnail","6":"product_cat-additifs-huile","7":"has-post-title","8":"has-post-date","9":"has-post-category","10":"has-post-tag","11":"has-post-comment","12":"has-post-author","13":"","14":"fullcover","16":"first","17":"instock","18":"taxable","19":"shipping-taxable","20":"purchasable","21":"product-type-simple"},"jetpack_sharing_enabled":true,"builder_content":"","_links":{"self":[{"href":"https:\/\/fittingsgo.com\/fr\/wp-json\/wp\/v2\/product\/11773","targetHints":{"allow":["GET"]}}],"collection":[{"href":"https:\/\/fittingsgo.com\/fr\/wp-json\/wp\/v2\/product"}],"about":[{"href":"https:\/\/fittingsgo.com\/fr\/wp-json\/wp\/v2\/types\/product"}],"replies":[{"embeddable":true,"href":"https:\/\/fittingsgo.com\/fr\/wp-json\/wp\/v2\/comments?post=11773"}],"wp:featuredmedia":[{"embeddable":true,"href":"https:\/\/fittingsgo.com\/fr\/wp-json\/wp\/v2\/media\/11770"}],"wp:attachment":[{"href":"https:\/\/fittingsgo.com\/fr\/wp-json\/wp\/v2\/media?parent=11773"}],"wp:term":[{"taxonomy":"product_brand","embeddable":true,"href":"https:\/\/fittingsgo.com\/fr\/wp-json\/wp\/v2\/product_brand?post=11773"},{"taxonomy":"product_cat","embeddable":true,"href":"https:\/\/fittingsgo.com\/fr\/wp-json\/wp\/v2\/product_cat?post=11773"},{"taxonomy":"product_tag","embeddable":true,"href":"https:\/\/fittingsgo.com\/fr\/wp-json\/wp\/v2\/product_tag?post=11773"}],"curies":[{"name":"wp","href":"https:\/\/api.w.org\/{rel}","templated":true}]}}