{"id":11767,"date":"2020-03-03T21:30:00","date_gmt":"2020-03-04T02:30:00","guid":{"rendered":"https:\/\/fittingsgo.com\/product\/antifuite-pour-huile-de-moteur\/"},"modified":"2020-03-03T21:50:20","modified_gmt":"2020-03-04T02:50:20","slug":"antifuite-pour-huile-de-moteur-de-lucas","status":"publish","type":"product","link":"https:\/\/fittingsgo.com\/fr\/produit\/antifuite-pour-huile-de-moteur-de-lucas\/","title":{"rendered":"Antifuite pour huile de moteur de Lucas"},"content":{"rendered":"<p>C\u2019est aussi un additif exceptionnel pour les moteurs us\u00e9s et plus \u00e2g\u00e9s, r\u00e9duisant le bruit et la consommation d\u2019huile des moteurs tout en augmentant la pression d\u2019huile. Il ne contient aucun solvant dangereux et il peut en fait prolonger la dur\u00e9e de service de l\u2019huile de<br \/>\nmoteur de 50 % ou plus.<br \/>\n20278<\/p>\n<div id=\"themify_builder_content-11767\" data-postid=\"11767\" class=\"themify_builder_content themify_builder_content-11767 themify_builder\">\n    <\/div>\n<!-- \/themify_builder_content -->\n","protected":false},"excerpt":{"rendered":"<p>L\u2019antifuite pour huile de moteur de Lucas est une formule exclusive d\u2019additifs de Lucas et d\u2019huiles de base con\u00e7us pour arr\u00eater les fuites dans les moteurs.<br \/>\n946 ml<br \/>\nFabriqu\u00e9 par Lucas Oil<\/p>\n","protected":false},"featured_media":11764,"comment_status":"open","ping_status":"closed","template":"","meta":[],"product_brand":[],"product_cat":[563],"product_tag":[],"class_list":{"0":"post-11767","1":"product","2":"type-product","3":"status-publish","4":"has-post-thumbnail","6":"product_cat-additifs-huile","7":"has-post-title","8":"has-post-date","9":"has-post-category","10":"has-post-tag","11":"has-post-comment","12":"has-post-author","13":"","14":"fullcover","16":"first","17":"instock","18":"taxable","19":"shipping-taxable","20":"purchasable","21":"product-type-simple"},"jetpack_sharing_enabled":true,"builder_content":"","_links":{"self":[{"href":"https:\/\/fittingsgo.com\/fr\/wp-json\/wp\/v2\/product\/11767","targetHints":{"allow":["GET"]}}],"collection":[{"href":"https:\/\/fittingsgo.com\/fr\/wp-json\/wp\/v2\/product"}],"about":[{"href":"https:\/\/fittingsgo.com\/fr\/wp-json\/wp\/v2\/types\/product"}],"replies":[{"embeddable":true,"href":"https:\/\/fittingsgo.com\/fr\/wp-json\/wp\/v2\/comments?post=11767"}],"wp:featuredmedia":[{"embeddable":true,"href":"https:\/\/fittingsgo.com\/fr\/wp-json\/wp\/v2\/media\/11764"}],"wp:attachment":[{"href":"https:\/\/fittingsgo.com\/fr\/wp-json\/wp\/v2\/media?parent=11767"}],"wp:term":[{"taxonomy":"product_brand","embeddable":true,"href":"https:\/\/fittingsgo.com\/fr\/wp-json\/wp\/v2\/product_brand?post=11767"},{"taxonomy":"product_cat","embeddable":true,"href":"https:\/\/fittingsgo.com\/fr\/wp-json\/wp\/v2\/product_cat?post=11767"},{"taxonomy":"product_tag","embeddable":true,"href":"https:\/\/fittingsgo.com\/fr\/wp-json\/wp\/v2\/product_tag?post=11767"}],"curies":[{"name":"wp","href":"https:\/\/api.w.org\/{rel}","templated":true}]}}