{"id":11761,"date":"2020-03-03T21:21:22","date_gmt":"2020-03-04T02:21:22","guid":{"rendered":"https:\/\/fittingsgo.com\/product\/stabilisateur-dhuile-pour-service-intensif\/"},"modified":"2020-03-03T21:51:16","modified_gmt":"2020-03-04T02:51:16","slug":"stabilisateur-dhuile-pour-service-intensif-de-lucas","status":"publish","type":"product","link":"https:\/\/fittingsgo.com\/fr\/produit\/stabilisateur-dhuile-pour-service-intensif-de-lucas\/","title":{"rendered":"Stabilisateur d&#8217;huile pour service intensif de Lucas"},"content":{"rendered":"<p>Le stabilisateur d\u2019huile pour service intensif de Lucas est le suppl\u00e9ment num\u00e9ro 1 dans le monde pour les huiles \u00e0 haute tenue et haut rendement. Il \u00e9limine les d\u00e9marrages \u00e0 sec et r\u00e9siste \u00e0 la d\u00e9composition thermique pour offrir une protection totale dans les moteurs neufs. Dans les moteurs us\u00e9s, il met fin \u00e0 la production de fum\u00e9e, au cliquetis et \u00e0 la consommation d\u2019huile. Il augmente la pression d\u2019huile et le pouvoir lubrifiant, il r\u00e9duit les temp\u00e9ratures d\u2019huile et met fin aux fuites. Il prolonge aussi la dur\u00e9e de vie de l\u2019huile d\u2019au moins 50%. Utilisez-le dans n\u2019importe quelle bo\u00eete de vitesses manuelle ou dans n\u2019importe quel diff\u00e9rentiel pour arr\u00eater l\u2019usure, les fuites, la chaleur,<br \/>\nle bruit et les changements de vitesse difficiles. Ce produit se m\u00e9lange en toute s\u00e9curit\u00e9 \u00e0 tous les produits p\u00e9troliers, m\u00eame synth\u00e9tiques. Le stabilisateur d\u2019huile pour service intensif de Lucas n\u2019annulera pas les garanties des voitures neuves.<br \/>\n20001<\/p>\n<div id=\"themify_builder_content-11761\" data-postid=\"11761\" class=\"themify_builder_content themify_builder_content-11761 themify_builder\">\n    <\/div>\n<!-- \/themify_builder_content -->\n","protected":false},"excerpt":{"rendered":"<p>Dans les moteurs us\u00e9s, il met fin \u00e0 la production de fum\u00e9e, au cliquetis et \u00e0 la consommation d\u2019huile. Il augmente la pression d\u2019huile et le pouvoir lubrifiant, il r\u00e9duit les temp\u00e9ratures d\u2019huile et met fin aux fuites.<br \/>\n946 ml<br \/>\nFabriqu\u00e9 par Lucas Oil<\/p>\n","protected":false},"featured_media":11758,"comment_status":"open","ping_status":"closed","template":"","meta":[],"product_brand":[],"product_cat":[563],"product_tag":[],"class_list":{"0":"post-11761","1":"product","2":"type-product","3":"status-publish","4":"has-post-thumbnail","6":"product_cat-additifs-huile","7":"has-post-title","8":"has-post-date","9":"has-post-category","10":"has-post-tag","11":"has-post-comment","12":"has-post-author","13":"","14":"fullcover","16":"first","17":"instock","18":"taxable","19":"shipping-taxable","20":"purchasable","21":"product-type-simple"},"jetpack_sharing_enabled":true,"builder_content":"","_links":{"self":[{"href":"https:\/\/fittingsgo.com\/fr\/wp-json\/wp\/v2\/product\/11761","targetHints":{"allow":["GET"]}}],"collection":[{"href":"https:\/\/fittingsgo.com\/fr\/wp-json\/wp\/v2\/product"}],"about":[{"href":"https:\/\/fittingsgo.com\/fr\/wp-json\/wp\/v2\/types\/product"}],"replies":[{"embeddable":true,"href":"https:\/\/fittingsgo.com\/fr\/wp-json\/wp\/v2\/comments?post=11761"}],"wp:featuredmedia":[{"embeddable":true,"href":"https:\/\/fittingsgo.com\/fr\/wp-json\/wp\/v2\/media\/11758"}],"wp:attachment":[{"href":"https:\/\/fittingsgo.com\/fr\/wp-json\/wp\/v2\/media?parent=11761"}],"wp:term":[{"taxonomy":"product_brand","embeddable":true,"href":"https:\/\/fittingsgo.com\/fr\/wp-json\/wp\/v2\/product_brand?post=11761"},{"taxonomy":"product_cat","embeddable":true,"href":"https:\/\/fittingsgo.com\/fr\/wp-json\/wp\/v2\/product_cat?post=11761"},{"taxonomy":"product_tag","embeddable":true,"href":"https:\/\/fittingsgo.com\/fr\/wp-json\/wp\/v2\/product_tag?post=11761"}],"curies":[{"name":"wp","href":"https:\/\/api.w.org\/{rel}","templated":true}]}}