{"id":11735,"date":"2020-02-20T22:52:41","date_gmt":"2020-02-21T03:52:41","guid":{"rendered":"https:\/\/fittingsgo.com\/product\/gaine-fendue-alveolee\/"},"modified":"2025-07-16T08:04:11","modified_gmt":"2025-07-16T13:04:11","slug":"gaine-fendue-alveolee","status":"publish","type":"product","link":"https:\/\/fittingsgo.com\/fr\/produit\/gaine-fendue-alveolee\/","title":{"rendered":"Gaine fendue alv\u00e9ol\u00e9e \u00abwire loom\u00bb"},"content":{"rendered":"<p>5140-PK, 5141-PK, 5142-PK, 5139-PK, 5143-PK, 5145-PK, 5144-PK, 5146-PK, 5147-PK, 5148-PK<\/p>\n<div id=\"themify_builder_content-11735\" data-postid=\"11735\" class=\"themify_builder_content themify_builder_content-11735 themify_builder\">\n    <\/div>\n<!-- \/themify_builder_content -->\n","protected":false},"excerpt":{"rendered":"<p>Tube flexible qui retient bien en place les groupes de fils et fournit une excellente protection contre l&#8217;abrasion et l&#8217;\u00e9crasement du fil. Fendu pour insertion facile du fil, pourtant la fente demeure essentiellement ferm\u00e9e lorsque le tube est pli\u00e9 ou tordu.<br \/>\nFabriqu\u00e9 par Pico<\/p>\n","protected":false},"featured_media":11734,"comment_status":"open","ping_status":"closed","template":"","meta":[],"product_brand":[],"product_cat":[561],"product_tag":[180,189,177],"class_list":{"0":"post-11735","1":"product","2":"type-product","3":"status-publish","4":"has-post-thumbnail","6":"product_cat-gaine-fendue-alveolee","7":"product_tag-automotive-fr","8":"product_tag-fournitures-datelier","9":"product_tag-pieces-dautos","10":"has-post-title","11":"has-post-date","12":"has-post-category","13":"has-post-tag","14":"has-post-comment","15":"has-post-author","16":"","17":"fullcover","19":"first","20":"instock","21":"taxable","22":"shipping-taxable","23":"purchasable","24":"product-type-variable"},"jetpack_sharing_enabled":true,"builder_content":"","_links":{"self":[{"href":"https:\/\/fittingsgo.com\/fr\/wp-json\/wp\/v2\/product\/11735","targetHints":{"allow":["GET"]}}],"collection":[{"href":"https:\/\/fittingsgo.com\/fr\/wp-json\/wp\/v2\/product"}],"about":[{"href":"https:\/\/fittingsgo.com\/fr\/wp-json\/wp\/v2\/types\/product"}],"replies":[{"embeddable":true,"href":"https:\/\/fittingsgo.com\/fr\/wp-json\/wp\/v2\/comments?post=11735"}],"wp:featuredmedia":[{"embeddable":true,"href":"https:\/\/fittingsgo.com\/fr\/wp-json\/wp\/v2\/media\/11734"}],"wp:attachment":[{"href":"https:\/\/fittingsgo.com\/fr\/wp-json\/wp\/v2\/media?parent=11735"}],"wp:term":[{"taxonomy":"product_brand","embeddable":true,"href":"https:\/\/fittingsgo.com\/fr\/wp-json\/wp\/v2\/product_brand?post=11735"},{"taxonomy":"product_cat","embeddable":true,"href":"https:\/\/fittingsgo.com\/fr\/wp-json\/wp\/v2\/product_cat?post=11735"},{"taxonomy":"product_tag","embeddable":true,"href":"https:\/\/fittingsgo.com\/fr\/wp-json\/wp\/v2\/product_tag?post=11735"}],"curies":[{"name":"wp","href":"https:\/\/api.w.org\/{rel}","templated":true}]}}