{"id":11707,"date":"2020-02-18T21:48:34","date_gmt":"2020-02-19T02:48:34","guid":{"rendered":"https:\/\/fittingsgo.com\/product\/huile-dengrenage-synthetique-80w140-gl-5-gl-6\/"},"modified":"2020-02-18T21:57:21","modified_gmt":"2020-02-19T02:57:21","slug":"huile-dengrenage-synthetique-80w140-gl-5-gl-6","status":"publish","type":"product","link":"https:\/\/fittingsgo.com\/fr\/produit\/huile-dengrenage-synthetique-80w140-gl-5-gl-6\/","title":{"rendered":"Huile d\u2019engrenage synth\u00e9tique 80W140 GL-5 GL-6"},"content":{"rendered":"<p>58104<\/p>\n<p>Remplacement appropri\u00e9 pour:<\/p>\n<p>API GL-5 &#038; MT-1<br \/>\nMIL-L-2105E<br \/>\nSAE J2360<\/p>\n<div id=\"themify_builder_content-11707\" data-postid=\"11707\" class=\"themify_builder_content themify_builder_content-11707 themify_builder\">\n    <\/div>\n<!-- \/themify_builder_content -->\n","protected":false},"excerpt":{"rendered":"<p>&#8211; Recommand\u00e9 pour API GL-5, GL-6, MT-1, MIL-L-2105E et SAE J2360<br \/>\n&#8211; Contient des modificateurs de friction suppl\u00e9mentaires pour convenir aux diff\u00e9rentiels \u00e0 glissement limit\u00e9 de type embrayage &#8211; pour la plupart des LSD, aucun modificateur de friction suppl\u00e9mentaire n&#8217;est requis<br \/>\n&#8211; Ce produit n&#8217;est pas con\u00e7u pour \u00eatre utilis\u00e9 dans la transmission manuelle ou les bo\u00eetes-pont avec synchroniseurs, car son glissement peut entra\u00eener des probl\u00e8mes de changement de vitesse<br \/>\n&#8211; Populaires dans les diff\u00e9rentiels et transmissions de course de stock car<br \/>\nFabriqu\u00e9 par Red Line Oil<br \/>\n946 ml<\/p>\n","protected":false},"featured_media":11706,"comment_status":"open","ping_status":"closed","template":"","meta":[],"product_brand":[],"product_cat":[555],"product_tag":[180,177],"class_list":{"0":"post-11707","1":"product","2":"type-product","3":"status-publish","4":"has-post-thumbnail","6":"product_cat-huile-engrenage","7":"product_tag-automotive-fr","8":"product_tag-pieces-dautos","9":"has-post-title","10":"has-post-date","11":"has-post-category","12":"has-post-tag","13":"has-post-comment","14":"has-post-author","15":"","16":"fullcover","18":"first","19":"instock","20":"taxable","21":"shipping-taxable","22":"purchasable","23":"product-type-simple"},"jetpack_sharing_enabled":true,"builder_content":"","_links":{"self":[{"href":"https:\/\/fittingsgo.com\/fr\/wp-json\/wp\/v2\/product\/11707","targetHints":{"allow":["GET"]}}],"collection":[{"href":"https:\/\/fittingsgo.com\/fr\/wp-json\/wp\/v2\/product"}],"about":[{"href":"https:\/\/fittingsgo.com\/fr\/wp-json\/wp\/v2\/types\/product"}],"replies":[{"embeddable":true,"href":"https:\/\/fittingsgo.com\/fr\/wp-json\/wp\/v2\/comments?post=11707"}],"wp:featuredmedia":[{"embeddable":true,"href":"https:\/\/fittingsgo.com\/fr\/wp-json\/wp\/v2\/media\/11706"}],"wp:attachment":[{"href":"https:\/\/fittingsgo.com\/fr\/wp-json\/wp\/v2\/media?parent=11707"}],"wp:term":[{"taxonomy":"product_brand","embeddable":true,"href":"https:\/\/fittingsgo.com\/fr\/wp-json\/wp\/v2\/product_brand?post=11707"},{"taxonomy":"product_cat","embeddable":true,"href":"https:\/\/fittingsgo.com\/fr\/wp-json\/wp\/v2\/product_cat?post=11707"},{"taxonomy":"product_tag","embeddable":true,"href":"https:\/\/fittingsgo.com\/fr\/wp-json\/wp\/v2\/product_tag?post=11707"}],"curies":[{"name":"wp","href":"https:\/\/api.w.org\/{rel}","templated":true}]}}