{"id":11702,"date":"2020-02-17T23:18:51","date_gmt":"2020-02-18T04:18:51","guid":{"rendered":"https:\/\/fittingsgo.com\/product\/huile-dengrenage-synthetique-80w90-gl-5\/"},"modified":"2020-02-17T23:20:48","modified_gmt":"2020-02-18T04:20:48","slug":"huile-dengrenage-synthetique-80w90-gl-5","status":"publish","type":"product","link":"https:\/\/fittingsgo.com\/fr\/produit\/huile-dengrenage-synthetique-80w90-gl-5\/","title":{"rendered":"Huile d\u2019engrenage synth\u00e9tique 80W90 GL-5"},"content":{"rendered":"<p>20043<\/p>\n<div id=\"themify_builder_content-11702\" data-postid=\"11702\" class=\"themify_builder_content themify_builder_content-11702 themify_builder\">\n    <\/div>\n<!-- \/themify_builder_content -->\n","protected":false},"excerpt":{"rendered":"<p>Les huiles d\u2019engrenages pour service intensif de Lucas sont m\u00e9lang\u00e9es avec un ensemble d\u2019additifs sp\u00e9ciaux, allant au-del\u00e0 des additifs ordinaires pour huiles d\u2019engrenages. Avec ces produits, vous pouvez vous attendre \u00e0 une dur\u00e9e de service accrue de l\u2019huile, \u00e0 des temp\u00e9ratures d\u2019huile plus basses,<br \/>\n\u00e0 des dur\u00e9es de vie plus longues pour les composants, \u00e0 une r\u00e9duction des fuites de joints et \u00e0 moins de bruit. C\u2019est ce qu\u2019une huile d\u2019engrenages est cens\u00e9e faire. NLGI #2.<br \/>\nFabriqu\u00e9 par Lucas Oil<br \/>\n946 ml<\/p>\n","protected":false},"featured_media":11699,"comment_status":"open","ping_status":"closed","template":"","meta":[],"product_brand":[],"product_cat":[555],"product_tag":[180,177],"class_list":{"0":"post-11702","1":"product","2":"type-product","3":"status-publish","4":"has-post-thumbnail","6":"product_cat-huile-engrenage","7":"product_tag-automotive-fr","8":"product_tag-pieces-dautos","9":"has-post-title","10":"has-post-date","11":"has-post-category","12":"has-post-tag","13":"has-post-comment","14":"has-post-author","15":"","16":"fullcover","18":"first","19":"instock","20":"taxable","21":"shipping-taxable","22":"purchasable","23":"product-type-simple"},"jetpack_sharing_enabled":true,"builder_content":"","_links":{"self":[{"href":"https:\/\/fittingsgo.com\/fr\/wp-json\/wp\/v2\/product\/11702","targetHints":{"allow":["GET"]}}],"collection":[{"href":"https:\/\/fittingsgo.com\/fr\/wp-json\/wp\/v2\/product"}],"about":[{"href":"https:\/\/fittingsgo.com\/fr\/wp-json\/wp\/v2\/types\/product"}],"replies":[{"embeddable":true,"href":"https:\/\/fittingsgo.com\/fr\/wp-json\/wp\/v2\/comments?post=11702"}],"wp:featuredmedia":[{"embeddable":true,"href":"https:\/\/fittingsgo.com\/fr\/wp-json\/wp\/v2\/media\/11699"}],"wp:attachment":[{"href":"https:\/\/fittingsgo.com\/fr\/wp-json\/wp\/v2\/media?parent=11702"}],"wp:term":[{"taxonomy":"product_brand","embeddable":true,"href":"https:\/\/fittingsgo.com\/fr\/wp-json\/wp\/v2\/product_brand?post=11702"},{"taxonomy":"product_cat","embeddable":true,"href":"https:\/\/fittingsgo.com\/fr\/wp-json\/wp\/v2\/product_cat?post=11702"},{"taxonomy":"product_tag","embeddable":true,"href":"https:\/\/fittingsgo.com\/fr\/wp-json\/wp\/v2\/product_tag?post=11702"}],"curies":[{"name":"wp","href":"https:\/\/api.w.org\/{rel}","templated":true}]}}