{"id":11696,"date":"2020-02-17T23:10:42","date_gmt":"2020-02-18T04:10:42","guid":{"rendered":"https:\/\/fittingsgo.com\/product\/huile-dengrenage-minerale-80w90-gl-4-gl-5\/"},"modified":"2020-02-17T23:14:01","modified_gmt":"2020-02-18T04:14:01","slug":"huile-dengrenage-minerale-80w90-gl-4-gl-5","status":"publish","type":"product","link":"https:\/\/fittingsgo.com\/fr\/produit\/huile-dengrenage-minerale-80w90-gl-4-gl-5\/","title":{"rendered":"Huile d\u2019engrenage min\u00e9rale 80W90 GL-4 GL-5"},"content":{"rendered":"<p>3032<\/p>\n<div id=\"themify_builder_content-11696\" data-postid=\"11696\" class=\"themify_builder_content themify_builder_content-11696 themify_builder\">\n    <\/div>\n<!-- \/themify_builder_content -->\n","protected":false},"excerpt":{"rendered":"<p>Ce lubrifiant extr\u00eame-pression pour engrenages r\u00e9duit la friction pour que ceux-ci fonctionnent sans bruits, plus longtemps et sans surchauffer. L&#8217;huile est con\u00e7ue pour un large \u00e9ventail d&#8217;applications, entre autres pour les transmissions manuelles de voitures, les camionnettes, les VUS et les camions lourds qui requi\u00e8rent un liquide API-GL5 ou MT-1. Cette huile pour engrenages robuste prot\u00e8ge \u00e9galement les pi\u00e8ces contre la rouille et \u00e0 la corrosion, pour une performance durable longue dur\u00e9e.<br \/>\nFabriqu\u00e9 par Valvoline<br \/>\n946 ml<\/p>\n","protected":false},"featured_media":11695,"comment_status":"open","ping_status":"closed","template":"","meta":[],"product_brand":[],"product_cat":[555],"product_tag":[180,177],"class_list":{"0":"post-11696","1":"product","2":"type-product","3":"status-publish","4":"has-post-thumbnail","6":"product_cat-huile-engrenage","7":"product_tag-automotive-fr","8":"product_tag-pieces-dautos","9":"has-post-title","10":"has-post-date","11":"has-post-category","12":"has-post-tag","13":"has-post-comment","14":"has-post-author","15":"","16":"fullcover","18":"first","19":"instock","20":"taxable","21":"shipping-taxable","22":"purchasable","23":"product-type-simple"},"jetpack_sharing_enabled":true,"builder_content":"","_links":{"self":[{"href":"https:\/\/fittingsgo.com\/fr\/wp-json\/wp\/v2\/product\/11696","targetHints":{"allow":["GET"]}}],"collection":[{"href":"https:\/\/fittingsgo.com\/fr\/wp-json\/wp\/v2\/product"}],"about":[{"href":"https:\/\/fittingsgo.com\/fr\/wp-json\/wp\/v2\/types\/product"}],"replies":[{"embeddable":true,"href":"https:\/\/fittingsgo.com\/fr\/wp-json\/wp\/v2\/comments?post=11696"}],"wp:featuredmedia":[{"embeddable":true,"href":"https:\/\/fittingsgo.com\/fr\/wp-json\/wp\/v2\/media\/11695"}],"wp:attachment":[{"href":"https:\/\/fittingsgo.com\/fr\/wp-json\/wp\/v2\/media?parent=11696"}],"wp:term":[{"taxonomy":"product_brand","embeddable":true,"href":"https:\/\/fittingsgo.com\/fr\/wp-json\/wp\/v2\/product_brand?post=11696"},{"taxonomy":"product_cat","embeddable":true,"href":"https:\/\/fittingsgo.com\/fr\/wp-json\/wp\/v2\/product_cat?post=11696"},{"taxonomy":"product_tag","embeddable":true,"href":"https:\/\/fittingsgo.com\/fr\/wp-json\/wp\/v2\/product_tag?post=11696"}],"curies":[{"name":"wp","href":"https:\/\/api.w.org\/{rel}","templated":true}]}}