{"id":11692,"date":"2020-02-17T22:55:13","date_gmt":"2020-02-18T03:55:13","guid":{"rendered":"https:\/\/fittingsgo.com\/product\/huile-dengrenage-synthetique-75w140-gl-5-gl-6\/"},"modified":"2020-02-17T22:59:41","modified_gmt":"2020-02-18T03:59:41","slug":"huile-dengrenage-synthetique-75w140-gl-5-gl-6","status":"publish","type":"product","link":"https:\/\/fittingsgo.com\/fr\/produit\/huile-dengrenage-synthetique-75w140-gl-5-gl-6\/","title":{"rendered":"Huile d\u2019engrenage synth\u00e9tique 75W140 GL-5 GL-6"},"content":{"rendered":"<p>57914<\/p>\n<p>BMW 83 22 0 002 094<br \/>\nBMW 83 22 1 470 080<br \/>\nBMW 83 22 2 282 583<br \/>\nBMW 83 22 9 405 462<br \/>\nBMW 83 22 9 407 870<br \/>\nBMW 83 22 9 407 871<br \/>\nBMW SAF-XJ<br \/>\nChrysler\/Dodge\/Jeep 4874469<br \/>\nChrysler\/Dodge\/Jeep 82200945<br \/>\nChrysler\/Dodge\/Jeep MS-8985<br \/>\nFord WSL-M2C192-A<br \/>\nFord WSS-M2C940-A<br \/>\nFord XY-75W140-QL<br \/>\nFord M2C192-A<br \/>\nFord M2C940-A<br \/>\nGM 9985991<br \/>\nGM 12346140<br \/>\nGM 89021591<br \/>\nMB 235.61<br \/>\nMB A 001 989 52 03<br \/>\nNissan\/Infinity 999MP-DF100P<br \/>\nToyota\/Lexus 00289-75140<\/p>\n<div id=\"themify_builder_content-11692\" data-postid=\"11692\" class=\"themify_builder_content themify_builder_content-11692 themify_builder\">\n    <\/div>\n<!-- \/themify_builder_content -->\n","protected":false},"excerpt":{"rendered":"<p>&#8211; Populaire pour les voitures et les camions l\u00e9gers comme Ford Mustang et F-150, Toyota Tundra et Sequoia, Jeep Cherokee et Dodge Ram<br \/>\n&#8211; Contient des modificateurs de friction suppl\u00e9mentaires pour convenir aux diff\u00e9rentiels \u00e0 glissement limit\u00e9 de type embrayage &#8211; pour la plupart des LSD, aucun modificateur de friction suppl\u00e9mentaire n&#8217;est requis<br \/>\n&#8211; Ce produit n&#8217;est pas con\u00e7u pour \u00eatre utilis\u00e9 dans la plupart des transmissions manuelles ou bo\u00eetes-pont, car l&#8217;extr\u00eame glissement peut entra\u00eener des probl\u00e8mes de maillage du synchroniseur qui entra\u00eenent des probl\u00e8mes de d\u00e9calage<br \/>\n&#8211; Recommand\u00e9 pour API GL-5, GL-6, MT-1, MIL-L-2105E et SAE J2360<br \/>\nFabriqu\u00e9 par Red Line Oil<\/p>\n<p>946 ml<\/p>\n","protected":false},"featured_media":11691,"comment_status":"open","ping_status":"closed","template":"","meta":[],"product_brand":[],"product_cat":[555],"product_tag":[180,177],"class_list":{"0":"post-11692","1":"product","2":"type-product","3":"status-publish","4":"has-post-thumbnail","6":"product_cat-huile-engrenage","7":"product_tag-automotive-fr","8":"product_tag-pieces-dautos","9":"has-post-title","10":"has-post-date","11":"has-post-category","12":"has-post-tag","13":"has-post-comment","14":"has-post-author","15":"","16":"fullcover","18":"first","19":"instock","20":"taxable","21":"shipping-taxable","22":"purchasable","23":"product-type-simple"},"jetpack_sharing_enabled":true,"builder_content":"","_links":{"self":[{"href":"https:\/\/fittingsgo.com\/fr\/wp-json\/wp\/v2\/product\/11692","targetHints":{"allow":["GET"]}}],"collection":[{"href":"https:\/\/fittingsgo.com\/fr\/wp-json\/wp\/v2\/product"}],"about":[{"href":"https:\/\/fittingsgo.com\/fr\/wp-json\/wp\/v2\/types\/product"}],"replies":[{"embeddable":true,"href":"https:\/\/fittingsgo.com\/fr\/wp-json\/wp\/v2\/comments?post=11692"}],"wp:featuredmedia":[{"embeddable":true,"href":"https:\/\/fittingsgo.com\/fr\/wp-json\/wp\/v2\/media\/11691"}],"wp:attachment":[{"href":"https:\/\/fittingsgo.com\/fr\/wp-json\/wp\/v2\/media?parent=11692"}],"wp:term":[{"taxonomy":"product_brand","embeddable":true,"href":"https:\/\/fittingsgo.com\/fr\/wp-json\/wp\/v2\/product_brand?post=11692"},{"taxonomy":"product_cat","embeddable":true,"href":"https:\/\/fittingsgo.com\/fr\/wp-json\/wp\/v2\/product_cat?post=11692"},{"taxonomy":"product_tag","embeddable":true,"href":"https:\/\/fittingsgo.com\/fr\/wp-json\/wp\/v2\/product_tag?post=11692"}],"curies":[{"name":"wp","href":"https:\/\/api.w.org\/{rel}","templated":true}]}}