{"id":11682,"date":"2020-02-17T22:43:53","date_gmt":"2020-02-18T03:43:53","guid":{"rendered":"https:\/\/fittingsgo.com\/product\/huile-dengrenage-synthetique-75w110-gl-5\/"},"modified":"2020-02-17T22:45:40","modified_gmt":"2020-02-18T03:45:40","slug":"huile-dengrenage-synthetique-75w110-gl-5","status":"publish","type":"product","link":"https:\/\/fittingsgo.com\/fr\/produit\/huile-dengrenage-synthetique-75w110-gl-5\/","title":{"rendered":"Huile d\u2019engrenage synth\u00e9tique 75W110 GL-5"},"content":{"rendered":"<p>57804<\/p>\n<p>API GL-5 \/ GL-6 &#038; MT-1<br \/>\nMIL-PRF-2105E<br \/>\nSAE J2360<br \/>\n4X4 \/ Off Road<br \/>\nCircle Track<br \/>\nDrag Racing<br \/>\nHigh-Mileage Applications<br \/>\nRoad Racing<\/p>\n<div id=\"themify_builder_content-11682\" data-postid=\"11682\" class=\"themify_builder_content themify_builder_content-11682 themify_builder\">\n    <\/div>\n<!-- \/themify_builder_content -->\n","protected":false},"excerpt":{"rendered":"<p>Nouveau produit con\u00e7u comme une viscosit\u00e9 interm\u00e9diaire offrant une r\u00e9sistance de film suppl\u00e9mentaire sur un 75W90, mais moins de tra\u00een\u00e9e qu&#8217;un 75W140<br \/>\nD\u00e9velopp\u00e9 avec le soutien de l&#8217;\u00e9quipe de course parrain\u00e9e par Red Line et des voitures de projet, offre un fonctionnement \u00e0 glissement limit\u00e9 am\u00e9lior\u00e9 sous des charges extr\u00eames et des temp\u00e9ratures diff\u00e9rentielles<br \/>\nOffre une r\u00e9duction du bruit des engrenages sup\u00e9rieure \u00e0 75W90, \u00e9vitant un bond significatif de la viscosit\u00e9 \u00e0 75W140 lors du d\u00e9pannage des ensembles d&#8217;engrenages bruyants<br \/>\nPopulaire dans de nombreuses applications de voitures de sport ainsi que dans les camions l\u00e9gers (Chevy 1500 Silverado, Tahoe, etc.)<br \/>\nContient des modificateurs de friction suppl\u00e9mentaires pour convenir aux diff\u00e9rentiels \u00e0 glissement limit\u00e9 de type embrayage &#8211; pour la plupart des LSD, aucun modificateur de friction suppl\u00e9mentaire n&#8217;est requis<br \/>\nCe produit n&#8217;est pas con\u00e7u pour \u00eatre utilis\u00e9 dans la plupart des transmissions manuelles ou bo\u00eetes-pont, car l&#8217;extr\u00eame glissement peut provoquer des probl\u00e8mes de maillage du synchroniseur qui entra\u00eenent des probl\u00e8mes de d\u00e9calage<\/p>\n<p>946 ml<\/p>\n","protected":false},"featured_media":11681,"comment_status":"open","ping_status":"closed","template":"","meta":[],"product_brand":[],"product_cat":[555],"product_tag":[180,177],"class_list":{"0":"post-11682","1":"product","2":"type-product","3":"status-publish","4":"has-post-thumbnail","6":"product_cat-huile-engrenage","7":"product_tag-automotive-fr","8":"product_tag-pieces-dautos","9":"has-post-title","10":"has-post-date","11":"has-post-category","12":"has-post-tag","13":"has-post-comment","14":"has-post-author","15":"","16":"fullcover","18":"first","19":"instock","20":"taxable","21":"shipping-taxable","22":"purchasable","23":"product-type-simple"},"jetpack_sharing_enabled":true,"builder_content":"","_links":{"self":[{"href":"https:\/\/fittingsgo.com\/fr\/wp-json\/wp\/v2\/product\/11682","targetHints":{"allow":["GET"]}}],"collection":[{"href":"https:\/\/fittingsgo.com\/fr\/wp-json\/wp\/v2\/product"}],"about":[{"href":"https:\/\/fittingsgo.com\/fr\/wp-json\/wp\/v2\/types\/product"}],"replies":[{"embeddable":true,"href":"https:\/\/fittingsgo.com\/fr\/wp-json\/wp\/v2\/comments?post=11682"}],"wp:featuredmedia":[{"embeddable":true,"href":"https:\/\/fittingsgo.com\/fr\/wp-json\/wp\/v2\/media\/11681"}],"wp:attachment":[{"href":"https:\/\/fittingsgo.com\/fr\/wp-json\/wp\/v2\/media?parent=11682"}],"wp:term":[{"taxonomy":"product_brand","embeddable":true,"href":"https:\/\/fittingsgo.com\/fr\/wp-json\/wp\/v2\/product_brand?post=11682"},{"taxonomy":"product_cat","embeddable":true,"href":"https:\/\/fittingsgo.com\/fr\/wp-json\/wp\/v2\/product_cat?post=11682"},{"taxonomy":"product_tag","embeddable":true,"href":"https:\/\/fittingsgo.com\/fr\/wp-json\/wp\/v2\/product_tag?post=11682"}],"curies":[{"name":"wp","href":"https:\/\/api.w.org\/{rel}","templated":true}]}}