{"id":11678,"date":"2020-02-17T22:35:50","date_gmt":"2020-02-18T03:35:50","guid":{"rendered":"https:\/\/fittingsgo.com\/product\/huile-dengrenage-synthetique-75w90-gl-5-gl-6\/"},"modified":"2024-03-29T12:34:28","modified_gmt":"2024-03-29T17:34:28","slug":"huile-dengrenage-synthetique-75w90-gl-5-gl-6","status":"publish","type":"product","link":"https:\/\/fittingsgo.com\/fr\/produit\/huile-dengrenage-synthetique-75w90-gl-5-gl-6\/","title":{"rendered":"Huile d\u2019engrenage synth\u00e9tique 75W90 GL-5 GL-6"},"content":{"rendered":"<p>57904<\/p>\n<p>Agip Rotra LSX 75W-90<br \/>\nBMW 83 22 9 407 768<br \/>\nBMW 83 22 9 407 803<br \/>\nBMW 83 22 9 407 804<br \/>\nBMW 83 22 9 407 808<br \/>\nBMW 83 22 9 407 870<br \/>\nBMW 83 22 9 407 871<br \/>\nBMW SAF-XO<br \/>\nBMW SAFX-LS<br \/>\nCastrol SAF Carbon Mod<br \/>\nCastrol SAF-XO<br \/>\nCastrol SAFX-LS<br \/>\nChrysler MS-9763<br \/>\nChrysler MS-9020<br \/>\nFord ES-PM-M2013<br \/>\nFord WSP-M2C197-A<br \/>\nFord WSP-M2C201-A<br \/>\nFord WSS-M2C939-A<br \/>\nFord XY-75W90-QLS<br \/>\nFord XY-75W90-TQL<br \/>\nFord XY-80W90-QL<br \/>\nFuchs Titan Race Syn 5<br \/>\nGM 1050010<br \/>\nGM 1052271<br \/>\nGM 10950849<br \/>\nGM 10953455<br \/>\nGM 12345841<br \/>\nGM 12345977<br \/>\nGM 12378261<br \/>\nGM 12378557<br \/>\nGM 88862624<br \/>\nGM 88862625<br \/>\nGM 88863089<br \/>\nGM 88901362<br \/>\nGM 89021671<br \/>\nGM 89021675<br \/>\nGM 89021676<br \/>\nGM 89021677<br \/>\nGM 89021678<br \/>\nGM 92184900<br \/>\nGM 9985290<br \/>\nGM 9986115<br \/>\nGM 9986207<br \/>\nGM 9986290<br \/>\nGM Dexron\u00ae L.S.Gear Oil<br \/>\nGM Tex 9622<br \/>\nMazda 0000-77-80W9-QT<br \/>\nMB 235.0<br \/>\nMB 235.20<br \/>\nMB 235.6<br \/>\nMB 235.8<br \/>\nMB A 001 989 17 03-10<br \/>\nMB A 001 989 27 03-10<br \/>\nMB A 001 989 28 03-10<br \/>\nMB  A 001 989 58 03-10<br \/>\nMitsubishi 3775610<br \/>\nMitsubishi 8149630<br \/>\nMitsubishi MZ320345<br \/>\nMitsubishi DiaQueen LSD Gear Oil<br \/>\nNissan KLD37-00001P<br \/>\nPorsche 000 043 205 30<br \/>\nPorsche 000 043 300 37<br \/>\nPorsche 000 043 305 04<br \/>\nPorsche SAF Carbon Mod<br \/>\nPorsche SAF-PD\/SAF-XO<br \/>\nSubaru SOA635001<br \/>\nSubaru SOA635048<br \/>\nSubaru K0305Y0900<br \/>\nSubaru K0318Y0000<br \/>\nSubaru K0904AA080<br \/>\nToyota 08885-81006<br \/>\nVolvo 1161129-0<br \/>\nVolvo 31259380<br \/>\nVW\/Audi G 052 196<\/p>\n<div id=\"themify_builder_content-11678\" data-postid=\"11678\" class=\"themify_builder_content themify_builder_content-11678 themify_builder\">\n    <\/div>\n<!-- \/themify_builder_content -->\n","protected":false},"excerpt":{"rendered":"<p>L&#8217;HUILE \u00c0 ENGRENAGES HAUTE PERFORMANCE RED LINE est une formule enti\u00e8rement synth\u00e9tique m\u00e9lang\u00e9e \u00e0 des bases \u00e0 base d&#8217;ester pour une stabilit\u00e9 au cisaillement, moins de bruit d&#8217;engrenage et une viscosit\u00e9 plus constante \u00e0 des temp\u00e9ratures chaudes et froides. Les additifs extr\u00eame pression (EP) permettent une utilisation avec des engrenages hypo\u00efdes et des modificateurs de friction sont inclus pour une utilisation avec des diff\u00e9rentiels \u00e0 glissement limit\u00e9. Ne pas utiliser dans la plupart des transmissions manuelles avec synchroniseurs, car le glissement peut provoquer un conflit de vitesse.<\/p>\n<p>946 ml<\/p>\n","protected":false},"featured_media":11677,"comment_status":"open","ping_status":"closed","template":"","meta":[],"product_brand":[],"product_cat":[555],"product_tag":[180,177],"class_list":{"0":"post-11678","1":"product","2":"type-product","3":"status-publish","4":"has-post-thumbnail","6":"product_cat-huile-engrenage","7":"product_tag-automotive-fr","8":"product_tag-pieces-dautos","9":"has-post-title","10":"has-post-date","11":"has-post-category","12":"has-post-tag","13":"has-post-comment","14":"has-post-author","15":"","16":"fullcover","18":"first","19":"instock","20":"taxable","21":"shipping-taxable","22":"purchasable","23":"product-type-simple"},"jetpack_sharing_enabled":true,"builder_content":"","_links":{"self":[{"href":"https:\/\/fittingsgo.com\/fr\/wp-json\/wp\/v2\/product\/11678","targetHints":{"allow":["GET"]}}],"collection":[{"href":"https:\/\/fittingsgo.com\/fr\/wp-json\/wp\/v2\/product"}],"about":[{"href":"https:\/\/fittingsgo.com\/fr\/wp-json\/wp\/v2\/types\/product"}],"replies":[{"embeddable":true,"href":"https:\/\/fittingsgo.com\/fr\/wp-json\/wp\/v2\/comments?post=11678"}],"wp:featuredmedia":[{"embeddable":true,"href":"https:\/\/fittingsgo.com\/fr\/wp-json\/wp\/v2\/media\/11677"}],"wp:attachment":[{"href":"https:\/\/fittingsgo.com\/fr\/wp-json\/wp\/v2\/media?parent=11678"}],"wp:term":[{"taxonomy":"product_brand","embeddable":true,"href":"https:\/\/fittingsgo.com\/fr\/wp-json\/wp\/v2\/product_brand?post=11678"},{"taxonomy":"product_cat","embeddable":true,"href":"https:\/\/fittingsgo.com\/fr\/wp-json\/wp\/v2\/product_cat?post=11678"},{"taxonomy":"product_tag","embeddable":true,"href":"https:\/\/fittingsgo.com\/fr\/wp-json\/wp\/v2\/product_tag?post=11678"}],"curies":[{"name":"wp","href":"https:\/\/api.w.org\/{rel}","templated":true}]}}