{"id":11674,"date":"2020-02-17T22:27:49","date_gmt":"2020-02-18T03:27:49","guid":{"rendered":"https:\/\/fittingsgo.com\/product\/huile-dengrenage-synthetique-75w90-gl-4-gl-5\/"},"modified":"2020-02-17T22:30:20","modified_gmt":"2020-02-18T03:30:20","slug":"huile-dengrenage-synthetique-75w90-gl-4-gl-5","status":"publish","type":"product","link":"https:\/\/fittingsgo.com\/fr\/produit\/huile-dengrenage-synthetique-75w90-gl-4-gl-5\/","title":{"rendered":"Huile d\u2019engrenage synth\u00e9tique 75W90 GL-4 GL-5"},"content":{"rendered":"<p>20047<\/p>\n<div id=\"themify_builder_content-11674\" data-postid=\"11674\" class=\"themify_builder_content themify_builder_content-11674 themify_builder\">\n    <\/div>\n<!-- \/themify_builder_content -->\n","protected":false},"excerpt":{"rendered":"<p>Les huiles d\u2019engrenages synth\u00e9tiques de Lucas sont des lubrifiants de longue dur\u00e9e, super glissants con\u00e7us sp\u00e9cialement pour les services intensifs ou les applications \u00e0 haut rendement pour lesquels les huiles d\u2019engrenages ordinaires ne suffisent pas. Elles contiennent un ensemble d\u2019additifs sp\u00e9ciaux qui augmente le pouvoir lubrifiant et garantit une r\u00e9duction du bruit des engrenages et une<br \/>\naugmentation de la dur\u00e9e de vie des paliers. Con\u00e7ues pour r\u00e9sister aux hautes temp\u00e9ratures sans perdre leur pouvoir lubrifiant. Excellente pour l\u2019utilisation dans les diff\u00e9rentiels \u00e0 glissement limit\u00e9.<\/p>\n<p>946 ml<\/p>\n","protected":false},"featured_media":11671,"comment_status":"open","ping_status":"closed","template":"","meta":[],"product_brand":[],"product_cat":[555],"product_tag":[180,189,177],"class_list":{"0":"post-11674","1":"product","2":"type-product","3":"status-publish","4":"has-post-thumbnail","6":"product_cat-huile-engrenage","7":"product_tag-automotive-fr","8":"product_tag-fournitures-datelier","9":"product_tag-pieces-dautos","10":"has-post-title","11":"has-post-date","12":"has-post-category","13":"has-post-tag","14":"has-post-comment","15":"has-post-author","16":"","17":"fullcover","19":"first","20":"instock","21":"taxable","22":"shipping-taxable","23":"purchasable","24":"product-type-simple"},"jetpack_sharing_enabled":true,"builder_content":"","_links":{"self":[{"href":"https:\/\/fittingsgo.com\/fr\/wp-json\/wp\/v2\/product\/11674","targetHints":{"allow":["GET"]}}],"collection":[{"href":"https:\/\/fittingsgo.com\/fr\/wp-json\/wp\/v2\/product"}],"about":[{"href":"https:\/\/fittingsgo.com\/fr\/wp-json\/wp\/v2\/types\/product"}],"replies":[{"embeddable":true,"href":"https:\/\/fittingsgo.com\/fr\/wp-json\/wp\/v2\/comments?post=11674"}],"wp:featuredmedia":[{"embeddable":true,"href":"https:\/\/fittingsgo.com\/fr\/wp-json\/wp\/v2\/media\/11671"}],"wp:attachment":[{"href":"https:\/\/fittingsgo.com\/fr\/wp-json\/wp\/v2\/media?parent=11674"}],"wp:term":[{"taxonomy":"product_brand","embeddable":true,"href":"https:\/\/fittingsgo.com\/fr\/wp-json\/wp\/v2\/product_brand?post=11674"},{"taxonomy":"product_cat","embeddable":true,"href":"https:\/\/fittingsgo.com\/fr\/wp-json\/wp\/v2\/product_cat?post=11674"},{"taxonomy":"product_tag","embeddable":true,"href":"https:\/\/fittingsgo.com\/fr\/wp-json\/wp\/v2\/product_tag?post=11674"}],"curies":[{"name":"wp","href":"https:\/\/api.w.org\/{rel}","templated":true}]}}