{"id":11668,"date":"2020-02-17T22:20:27","date_gmt":"2020-02-18T03:20:27","guid":{"rendered":"https:\/\/fittingsgo.com\/product\/huile-dengrenage-synthetique-75w90-gl-4-mt-90\/"},"modified":"2020-02-17T22:23:44","modified_gmt":"2020-02-18T03:23:44","slug":"huile-dengrenage-synthetique-75w90-gl-4-mt-90","status":"publish","type":"product","link":"https:\/\/fittingsgo.com\/fr\/produit\/huile-dengrenage-synthetique-75w90-gl-4-mt-90\/","title":{"rendered":"Huile d\u2019engrenage synth\u00e9tique 75W90 GL-4 | MT-90"},"content":{"rendered":"<p>50304<\/p>\n<p>Remplacement appropri\u00e9 pour:<\/p>\n<p>API GL-4\/GL-3\/GL-1<br \/>\nSAE 75W90 SAE 90\/80W90<br \/>\nSAE 40\/10W40\/15W40<\/p>\n<p>Alfa Romeo<br \/>\nAudi G 052 911<br \/>\nBMW 81 22 9 407 305<br \/>\nCastrol BOT 130M<br \/>\nCastrol BOT 328<br \/>\nCastrol SAF AG4<br \/>\nCastrol SHC 630<br \/>\nCastrol TAF-X 75w-90<br \/>\nCastrol Syntrans Transaxle 75W-90<br \/>\nFord F32Z-19C547-MA<br \/>\nFord M2C175-A<br \/>\nFord M2C200-B<br \/>\nFord WSS-M2C203-A1<br \/>\nFord XT-4-QGL<br \/>\nGM 12345371<br \/>\nGM 12345724<br \/>\nGM 12345871<br \/>\nGM 12346074<br \/>\nGM 89021806<br \/>\nGM 89021807<br \/>\nGM-Daewoo EDS-M-8049<br \/>\nHolden<br \/>\nHyundai\/Kia 08950-00010-A<br \/>\nHyundai\/Kia 04300-5L1A0<br \/>\nJeep 0489722AA<br \/>\nLotus<br \/>\nMazda (MES) 115A<br \/>\nMazda 0000-77-114-QT<br \/>\nMazda L.L. Manual Gear Oil IS<br \/>\nMB A 001989510310<br \/>\nMitsubishi<br \/>\nNissan Mission Oil MP-G HQ<br \/>\nOpel<br \/>\nSkoda<br \/>\nToyota 08885-80917<br \/>\nToyota 08885-81023<br \/>\nToyota 08885-81026<br \/>\nVauxhall<br \/>\nVW\/Audi G 005 000<br \/>\nVW\/Audi G 005 100<br \/>\nVW\/Audi G 045 190 A2<br \/>\nVW\/Audi G 052 145<br \/>\nVW\/Audi G 052 157<br \/>\nVW\/Audi G 052 911<br \/>\nVW\/Audi G51<br \/>\nVW\/Audi G50<br \/>\nVW\/Audi 501.5<\/p>\n<div id=\"themify_builder_content-11668\" data-postid=\"11668\" class=\"themify_builder_content themify_builder_content-11668 themify_builder\">\n    <\/div>\n<!-- \/themify_builder_content -->\n","protected":false},"excerpt":{"rendered":"<p>L&#8217;HUILE \u00c0 ENGRENAGES HAUTE PERFORMANCE RED LINE MT-90 est un lubrifiant enti\u00e8rement synth\u00e9tique \u00e0 base d&#8217;ester con\u00e7u pour \u00eatre utilis\u00e9 dans les transmissions manuelles et les bo\u00eetes de vitesses \u00e0 traction avant. Cette formule stable au cisaillement r\u00e9siste aux pannes pendant des p\u00e9riodes prolong\u00e9es et offre une viscosit\u00e9 plus constante dans des temp\u00e9ratures chaudes et froides pour moins de bruit de vitesse et un changement de vitesse am\u00e9lior\u00e9. Ce fluide est moins glissant pour un meilleur coefficient de frottement du synchroniseur et offre une plus grande r\u00e9sistance du film pour une meilleure protection contre l&#8217;usure.<\/p>\n<p>946 ml<\/p>\n","protected":false},"featured_media":11667,"comment_status":"open","ping_status":"closed","template":"","meta":[],"product_brand":[],"product_cat":[555],"product_tag":[180,189,177],"class_list":{"0":"post-11668","1":"product","2":"type-product","3":"status-publish","4":"has-post-thumbnail","6":"product_cat-huile-engrenage","7":"product_tag-automotive-fr","8":"product_tag-fournitures-datelier","9":"product_tag-pieces-dautos","10":"has-post-title","11":"has-post-date","12":"has-post-category","13":"has-post-tag","14":"has-post-comment","15":"has-post-author","16":"","17":"fullcover","19":"first","20":"instock","21":"taxable","22":"shipping-taxable","23":"purchasable","24":"product-type-simple"},"jetpack_sharing_enabled":true,"builder_content":"","_links":{"self":[{"href":"https:\/\/fittingsgo.com\/fr\/wp-json\/wp\/v2\/product\/11668","targetHints":{"allow":["GET"]}}],"collection":[{"href":"https:\/\/fittingsgo.com\/fr\/wp-json\/wp\/v2\/product"}],"about":[{"href":"https:\/\/fittingsgo.com\/fr\/wp-json\/wp\/v2\/types\/product"}],"replies":[{"embeddable":true,"href":"https:\/\/fittingsgo.com\/fr\/wp-json\/wp\/v2\/comments?post=11668"}],"wp:featuredmedia":[{"embeddable":true,"href":"https:\/\/fittingsgo.com\/fr\/wp-json\/wp\/v2\/media\/11667"}],"wp:attachment":[{"href":"https:\/\/fittingsgo.com\/fr\/wp-json\/wp\/v2\/media?parent=11668"}],"wp:term":[{"taxonomy":"product_brand","embeddable":true,"href":"https:\/\/fittingsgo.com\/fr\/wp-json\/wp\/v2\/product_brand?post=11668"},{"taxonomy":"product_cat","embeddable":true,"href":"https:\/\/fittingsgo.com\/fr\/wp-json\/wp\/v2\/product_cat?post=11668"},{"taxonomy":"product_tag","embeddable":true,"href":"https:\/\/fittingsgo.com\/fr\/wp-json\/wp\/v2\/product_tag?post=11668"}],"curies":[{"name":"wp","href":"https:\/\/api.w.org\/{rel}","templated":true}]}}