{"id":11664,"date":"2020-02-17T22:11:46","date_gmt":"2020-02-18T03:11:46","guid":{"rendered":"https:\/\/fittingsgo.com\/product\/huile-dengrenage-synthetique-75w85-gl-5\/"},"modified":"2024-03-29T12:34:28","modified_gmt":"2024-03-29T17:34:28","slug":"huile-dengrenage-synthetique-75w85-gl-5","status":"publish","type":"product","link":"https:\/\/fittingsgo.com\/fr\/produit\/huile-dengrenage-synthetique-75w85-gl-5\/","title":{"rendered":"Huile d\u2019engrenage synth\u00e9tique 75W85 GL-5"},"content":{"rendered":"<p>50104<\/p>\n<p>Remplacement appropri\u00e9 pour:<\/p>\n<p>API GL-5<br \/>\nMT-1<br \/>\nMIL-L2105E<br \/>\nSAE J2360<\/p>\n<p>Acura<br \/>\nAlfa Romeo<br \/>\nAudi<br \/>\nBuick<br \/>\nBMW\/Mini 83 12 0 445 838<br \/>\nBMW\/Mini 83 22 2 295 532<br \/>\nBMW\/Mini 83 22 2 413 511<br \/>\nBMW\/Mini 83 22 2 413 512<br \/>\nBMW\/Mini Castrol, BOT 448<br \/>\nBMW\/Mini Hypoid Axel Oil G1<br \/>\nBMW\/Mini Hypoid Axel Oil G2<br \/>\nBMW\/Mini Hypoid Axel Oil G3<br \/>\nCadillac<br \/>\nChrysler\/Dodge\/Jeep 05136035AA<br \/>\nChrysler\/Dodge\/Jeep 68083381AA<br \/>\nFiat<br \/>\nFord WSS-M2C942-A<br \/>\nFord XY-75W85-QL<br \/>\nGenesis<br \/>\nGM 88862826<br \/>\nGM 92184900<br \/>\nGM SAF Carbon Mod<br \/>\nHonda\/Acura 08200-9014A<br \/>\nHonda\/Acura Hypoid Gear Oil HGO-1<br \/>\nHyundai<br \/>\nInfiniti<br \/>\nJaguar<br \/>\nJeep<br \/>\nKia<br \/>\nLand Rover<br \/>\nLexus<br \/>\nLincoln<br \/>\nMazda K020-01-SG1<br \/>\nMB 235.15<br \/>\nMB 235.7<br \/>\nMB 235.74<br \/>\nMB A 001989 59 03<br \/>\nMB A 0012 989 33 03<br \/>\nMG<br \/>\nNissan\/Infinity KDL38-75801P<br \/>\nToyota\/Lexus 08885-02506<br \/>\nToyota\/Lexus 08885-02606<br \/>\nToyota\/Lexus 08885-81060<br \/>\nToyota\/Lexus Gear Oil LT\/LX<br \/>\nVolvo G 052 513<br \/>\nVW\/Audi G 052 513<\/p>\n<div id=\"themify_builder_content-11664\" data-postid=\"11664\" class=\"themify_builder_content themify_builder_content-11664 themify_builder\">\n    <\/div>\n<!-- \/themify_builder_content -->\n","protected":false},"excerpt":{"rendered":"<p>&#8211; Populaire dans de nombreux mod\u00e8les tardifs BMW, Dodge, Ford, GM, Jeep, Lexus, Mercedes-Benz, Ram, Toyota<br \/>\n&#8211; Les applications comprennent l&#8217;huile diff\u00e9rentielle, l&#8217;huile de transmission finale, l&#8217;huile pour engrenages et le liquide de bo\u00eete de transfert<br \/>\n&#8211; Contient des modificateurs de friction suppl\u00e9mentaires pour convenir aux diff\u00e9rentiels \u00e0 glissement limit\u00e9 de type embrayage &#8211; pour la plupart des LSD, aucun modificateur de friction suppl\u00e9mentaire n&#8217;est requis<br \/>\n&#8211; Ce produit n&#8217;est pas con\u00e7u pour \u00eatre utilis\u00e9 dans la plupart des transmissions manuelles ou bo\u00eetes de vitesses avec synchroniseurs, car une glissance extr\u00eame peut provoquer des probl\u00e8mes de changement de vitesse<br \/>\n&#8211; R\u00e9pond aux exigences de viscosit\u00e9 de l&#8217;huile pour engrenages de SAE 75W80, 75W, 80W et 85W, ainsi que de l&#8217;huile \u00e0 moteur SAE 30 et SAE 10W30<\/p>\n<p>946 ml<\/p>\n","protected":false},"featured_media":11662,"comment_status":"open","ping_status":"closed","template":"","meta":[],"product_brand":[],"product_cat":[555],"product_tag":[180,189,177],"class_list":{"0":"post-11664","1":"product","2":"type-product","3":"status-publish","4":"has-post-thumbnail","6":"product_cat-huile-engrenage","7":"product_tag-automotive-fr","8":"product_tag-fournitures-datelier","9":"product_tag-pieces-dautos","10":"has-post-title","11":"has-post-date","12":"has-post-category","13":"has-post-tag","14":"has-post-comment","15":"has-post-author","16":"","17":"fullcover","19":"first","20":"instock","21":"taxable","22":"shipping-taxable","23":"purchasable","24":"product-type-simple"},"jetpack_sharing_enabled":true,"builder_content":"","_links":{"self":[{"href":"https:\/\/fittingsgo.com\/fr\/wp-json\/wp\/v2\/product\/11664","targetHints":{"allow":["GET"]}}],"collection":[{"href":"https:\/\/fittingsgo.com\/fr\/wp-json\/wp\/v2\/product"}],"about":[{"href":"https:\/\/fittingsgo.com\/fr\/wp-json\/wp\/v2\/types\/product"}],"replies":[{"embeddable":true,"href":"https:\/\/fittingsgo.com\/fr\/wp-json\/wp\/v2\/comments?post=11664"}],"wp:featuredmedia":[{"embeddable":true,"href":"https:\/\/fittingsgo.com\/fr\/wp-json\/wp\/v2\/media\/11662"}],"wp:attachment":[{"href":"https:\/\/fittingsgo.com\/fr\/wp-json\/wp\/v2\/media?parent=11664"}],"wp:term":[{"taxonomy":"product_brand","embeddable":true,"href":"https:\/\/fittingsgo.com\/fr\/wp-json\/wp\/v2\/product_brand?post=11664"},{"taxonomy":"product_cat","embeddable":true,"href":"https:\/\/fittingsgo.com\/fr\/wp-json\/wp\/v2\/product_cat?post=11664"},{"taxonomy":"product_tag","embeddable":true,"href":"https:\/\/fittingsgo.com\/fr\/wp-json\/wp\/v2\/product_tag?post=11664"}],"curies":[{"name":"wp","href":"https:\/\/api.w.org\/{rel}","templated":true}]}}