{"id":11659,"date":"2020-02-17T22:03:39","date_gmt":"2020-02-18T03:03:39","guid":{"rendered":"https:\/\/fittingsgo.com\/product\/huile-dengrenage-synthetique-75w85-gl-4-mt-85\/"},"modified":"2020-02-17T22:06:10","modified_gmt":"2020-02-18T03:06:10","slug":"huile-dengrenage-synthetique-75w85-gl-4-mt-85","status":"publish","type":"product","link":"https:\/\/fittingsgo.com\/fr\/produit\/huile-dengrenage-synthetique-75w85-gl-4-mt-85\/","title":{"rendered":"Huile d\u2019engrenage synth\u00e9tique 75W85 GL-4 | MT-85"},"content":{"rendered":"<p>50504<\/p>\n<p>Remplacement appropri\u00e9 pour:<\/p>\n<p>API GL-4\/GL-3\/GL-1<br \/>\nSAE 75W85\/85<\/p>\n<p>Castrol BOT 0063<br \/>\nCastrol BOT 402<br \/>\nCastrol Syntorq LT<br \/>\nChrysler\/Dodge 04637579<br \/>\nChrysler\/Dodge 04874459<br \/>\nChrysler\/Dodge 04874464<br \/>\nChrysler\/Dodge 9.5550-MZ1<br \/>\nChrysler\/Dodge MS-9070<br \/>\nChrysler\/Dodge NV4500<br \/>\nFiat\/Alfa 9.5550-MZ1<br \/>\nFuchs-Titan Pro SRG 75<br \/>\nGM 1940182<br \/>\nGM 10953477<br \/>\nGM 12346190<br \/>\nGM 88862472<br \/>\nGM 88862473<br \/>\nGM 93165290<br \/>\nGM 93740319<br \/>\nHyundai\/Kia 04300-00110<br \/>\nHyundai\/Kia 04300-00140<br \/>\nHyundai\/Kia 08950-00020-A<br \/>\nHyundai\/Kia 08950-00020-B<br \/>\nKia  API GL-4 SAE 75W-85, fill for-life<br \/>\nMB 235.4<br \/>\nMB 235.5<br \/>\nMB 001 989 14 03<br \/>\nMB MAN 341 Typ Z4<br \/>\nMitsubishi 3717610<br \/>\nMitsubishi DiaQueen Transmission Oil<br \/>\nMitsubishi DiaQueen Super Multi Gear Oil<br \/>\nMitsubishi MZ313376<br \/>\nNissan MTF HQ Multi 999MP-MTF00P<br \/>\nNissan KE916-99931<br \/>\nNissan KE916-99932R<br \/>\nNissan KE916-99942R<br \/>\nNissan KE916-99962<br \/>\nNissan KLD26-75802<br \/>\nNissan MT-XZ<br \/>\nOpel B 040 2071<br \/>\nSyntorq LT<br \/>\nTremec HP-MTF Manual Transmission Fluid<br \/>\nVW\/Audi G 052 190<br \/>\nVW\/Audi G 055 190<\/p>\n<div id=\"themify_builder_content-11659\" data-postid=\"11659\" class=\"themify_builder_content themify_builder_content-11659 themify_builder\">\n    <\/div>\n<!-- \/themify_builder_content -->\n","protected":false},"excerpt":{"rendered":"<p>L&#8217;HUILE \u00c0 ENGRENAGES HAUTE PERFORMANCE RED LINE MT-85 est un lubrifiant \u00e0 base d&#8217;ester enti\u00e8rement synth\u00e9tique con\u00e7u pour \u00eatre utilis\u00e9 dans les transmissions manuelles et les bo\u00eetes de vitesses \u00e0 traction avant. Cette formule stable au cisaillement r\u00e9siste aux pannes pendant des p\u00e9riodes prolong\u00e9es et offre une viscosit\u00e9 plus constante dans des temp\u00e9ratures chaudes et froides pour moins de bruit de vitesse et un changement de vitesse am\u00e9lior\u00e9. Ce fluide est moins glissant pour un meilleur coefficient de frottement du synchroniseur et offre une plus grande r\u00e9sistance du film pour une meilleure protection contre l&#8217;usure.<\/p>\n<p>946 ml<\/p>\n","protected":false},"featured_media":11658,"comment_status":"open","ping_status":"closed","template":"","meta":[],"product_brand":[],"product_cat":[555],"product_tag":[180,189,177],"class_list":{"0":"post-11659","1":"product","2":"type-product","3":"status-publish","4":"has-post-thumbnail","6":"product_cat-huile-engrenage","7":"product_tag-automotive-fr","8":"product_tag-fournitures-datelier","9":"product_tag-pieces-dautos","10":"has-post-title","11":"has-post-date","12":"has-post-category","13":"has-post-tag","14":"has-post-comment","15":"has-post-author","16":"","17":"fullcover","19":"first","20":"instock","21":"taxable","22":"shipping-taxable","23":"purchasable","24":"product-type-simple"},"jetpack_sharing_enabled":true,"builder_content":"","_links":{"self":[{"href":"https:\/\/fittingsgo.com\/fr\/wp-json\/wp\/v2\/product\/11659","targetHints":{"allow":["GET"]}}],"collection":[{"href":"https:\/\/fittingsgo.com\/fr\/wp-json\/wp\/v2\/product"}],"about":[{"href":"https:\/\/fittingsgo.com\/fr\/wp-json\/wp\/v2\/types\/product"}],"replies":[{"embeddable":true,"href":"https:\/\/fittingsgo.com\/fr\/wp-json\/wp\/v2\/comments?post=11659"}],"wp:featuredmedia":[{"embeddable":true,"href":"https:\/\/fittingsgo.com\/fr\/wp-json\/wp\/v2\/media\/11658"}],"wp:attachment":[{"href":"https:\/\/fittingsgo.com\/fr\/wp-json\/wp\/v2\/media?parent=11659"}],"wp:term":[{"taxonomy":"product_brand","embeddable":true,"href":"https:\/\/fittingsgo.com\/fr\/wp-json\/wp\/v2\/product_brand?post=11659"},{"taxonomy":"product_cat","embeddable":true,"href":"https:\/\/fittingsgo.com\/fr\/wp-json\/wp\/v2\/product_cat?post=11659"},{"taxonomy":"product_tag","embeddable":true,"href":"https:\/\/fittingsgo.com\/fr\/wp-json\/wp\/v2\/product_tag?post=11659"}],"curies":[{"name":"wp","href":"https:\/\/api.w.org\/{rel}","templated":true}]}}