{"id":11655,"date":"2020-02-17T21:45:56","date_gmt":"2020-02-18T02:45:56","guid":{"rendered":"https:\/\/fittingsgo.com\/product\/huile-dengrenage-synthetique-75w80-gl-4-gear-oil-mtl\/"},"modified":"2020-04-13T15:45:28","modified_gmt":"2020-04-13T20:45:28","slug":"huile-dengrenage-synthetique-75w80-gl-4-mtl","status":"publish","type":"product","link":"https:\/\/fittingsgo.com\/fr\/produit\/huile-dengrenage-synthetique-75w80-gl-4-mtl\/","title":{"rendered":"Huile d\u2019engrenage synth\u00e9tique 75W80 GL-4 synchromesh | MTL"},"content":{"rendered":"<p>50204<\/p>\n<p>Remplacement appropri\u00e9 pour:<\/p>\n<p>API GL-4 \/ GL-3 \/ GL-1<br \/>\nSAE 80\/80W\/75W80<br \/>\nSAE 30\/5W30\/10W30<\/p>\n<p>Alfa Romeo<br \/>\nChrysler MS9224<br \/>\nChrysler MS-9417<br \/>\nChrysler MS-9440<br \/>\nChrysler 4874464<br \/>\nChrysler 05179014AA<br \/>\nChrysler 4761523<br \/>\nChrysler 4773167<br \/>\nChrysler 4874465<br \/>\nCitroen<br \/>\nDacia<br \/>\nDaewoo<br \/>\nFiat<br \/>\nFord XT-M5-QTS<br \/>\nFord E5RY-19C547-A<br \/>\nFord ESD-M2C-186-A<br \/>\nGenuine Mtf<br \/>\nGM Auto-Trak II<br \/>\nGM Synchromesh<br \/>\nGM 10-4006<br \/>\nGM 10-4014<br \/>\nGM 10-4017<br \/>\nGM 1042931<br \/>\nGM 1052931<br \/>\nGM 9985648<br \/>\nGM 9986117<br \/>\nGM 10953626<br \/>\nGM 12345577<br \/>\nGM 12377916<br \/>\nGM 12378508<br \/>\nGM 12799117<br \/>\nGM 21018899<br \/>\nGM 88900333<br \/>\nGM 88900399<br \/>\nGM 88900402<br \/>\nGM 89021808<br \/>\nGM BOT 0063<br \/>\nGM MTF 0063<br \/>\nHolden<br \/>\nHonda\/Acura Genuine MTF<br \/>\nHonda\/Acura 08798-9016<br \/>\nHonda\/Acura 08798-9016A<br \/>\nHonda\/Acura 08798-9013A<br \/>\nHonda\/Acura 08798-9031A<br \/>\nHonda\/Acura 4928271<br \/>\nJaguar\/Land Rover LR006247<br \/>\nLand Rover\/Range Rover MTF 0063<br \/>\nMazda 0000-77-5W80-QT<br \/>\nMB 235.10<br \/>\nMB 900 26 03-15<br \/>\nMB A 001 989 85 03<br \/>\nMini MTF 94<br \/>\nMini\/BMW 83 22 0 403 247<br \/>\nMini\/BMW 83 22 0 140 516<br \/>\nMini\/BMW 83 22 2 344 589<br \/>\nMini\/BMW MTF-2<br \/>\nMitsubishi MZ313501<br \/>\nMitsubishi Genuine MTF<br \/>\nMitsubishi Multi Gear Oil ECO<br \/>\nMitsubishi MTX<br \/>\nNissan ETL 8997B<br \/>\nNissan KE 916-99033<br \/>\nNissan MTF TL\/JR<br \/>\nOpel\/Vauxhall 09 120 541<br \/>\nPeugeot\/Citroen PSA B71 2330 75w80<br \/>\nRenault Clio PT 77 11<br \/>\nSaab MTF0063<br \/>\nTata<br \/>\nVolvo MTF 97309-10<br \/>\nVolvo 1161745<br \/>\nVolvo 1161645<br \/>\nVolvo 97308<br \/>\nVolvo 1151324-7<br \/>\nVolvo 1161423-7<br \/>\nVolvo M2C 200-C3<br \/>\nVW\/Audi G 052 532<br \/>\nVW\/Audi G 055 532<br \/>\nVW\/Audi G 052 171<br \/>\nVW\/Audi G 052 176<\/p>\n<div id=\"themify_builder_content-11655\" data-postid=\"11655\" class=\"themify_builder_content themify_builder_content-11655 themify_builder\">\n    <\/div>\n<!-- \/themify_builder_content -->\n","protected":false},"excerpt":{"rendered":"<p>&#8211; Populaire pour les transmissions de camions BMW, Honda \/ Acura, Ford Focus, Mini Cooper, Land Rover \/ Range Rover LT77S, Mitsubishi, Dodge &#038; Jeep NV1500, NV3500, NV3550 et NV5600<br \/>\n&#8211; Remplacement et am\u00e9lioration populaires par rapport \u00e0 GM Synchromesh (# 12345349), Auto-Trak II (# 12378508) et Chrysler spec MS-9224<br \/>\nS- ans danger pour les synchros en laiton, car il ne contient pas les sulfures r\u00e9actifs pr\u00e9sents dans la plupart des huiles GL-5 qui causent des dommages<br \/>\n&#8211; Offre des changements de vitesse plus rapides, un coefficient de friction de synchroniseur parfait<br \/>\n&#8211; \u00c9limine les changements de vitesse, m\u00eame \u00e0 froid<br \/>\n&#8211; Protection de l&#8217;\u00e9quipement haute performance et dur\u00e9e de vie synchro plus longue<br \/>\n&#8211; R\u00e9pond aux exigences de viscosit\u00e9 de l&#8217;huile pour engrenages de 75W, 80W et des viscosit\u00e9s d&#8217;huile \u00e0 moteur de SAE 30, 10W30 et 5W30<br \/>\n&#8211; Recommand\u00e9 pour les applications GL-1, GL-3 et GL-4 ainsi que l\u00e0 o\u00f9 la plupart des fluides de synchronisation sp\u00e9ciaux sont sp\u00e9cifi\u00e9s<\/p>\n<p>946 ml<\/p>\n","protected":false},"featured_media":11654,"comment_status":"open","ping_status":"closed","template":"","meta":[],"product_brand":[],"product_cat":[555],"product_tag":[180,189,177],"class_list":{"0":"post-11655","1":"product","2":"type-product","3":"status-publish","4":"has-post-thumbnail","6":"product_cat-huile-engrenage","7":"product_tag-automotive-fr","8":"product_tag-fournitures-datelier","9":"product_tag-pieces-dautos","10":"has-post-title","11":"has-post-date","12":"has-post-category","13":"has-post-tag","14":"has-post-comment","15":"has-post-author","16":"","17":"fullcover","19":"first","20":"instock","21":"taxable","22":"shipping-taxable","23":"purchasable","24":"product-type-simple"},"jetpack_sharing_enabled":true,"builder_content":"","_links":{"self":[{"href":"https:\/\/fittingsgo.com\/fr\/wp-json\/wp\/v2\/product\/11655","targetHints":{"allow":["GET"]}}],"collection":[{"href":"https:\/\/fittingsgo.com\/fr\/wp-json\/wp\/v2\/product"}],"about":[{"href":"https:\/\/fittingsgo.com\/fr\/wp-json\/wp\/v2\/types\/product"}],"replies":[{"embeddable":true,"href":"https:\/\/fittingsgo.com\/fr\/wp-json\/wp\/v2\/comments?post=11655"}],"wp:featuredmedia":[{"embeddable":true,"href":"https:\/\/fittingsgo.com\/fr\/wp-json\/wp\/v2\/media\/11654"}],"wp:attachment":[{"href":"https:\/\/fittingsgo.com\/fr\/wp-json\/wp\/v2\/media?parent=11655"}],"wp:term":[{"taxonomy":"product_brand","embeddable":true,"href":"https:\/\/fittingsgo.com\/fr\/wp-json\/wp\/v2\/product_brand?post=11655"},{"taxonomy":"product_cat","embeddable":true,"href":"https:\/\/fittingsgo.com\/fr\/wp-json\/wp\/v2\/product_cat?post=11655"},{"taxonomy":"product_tag","embeddable":true,"href":"https:\/\/fittingsgo.com\/fr\/wp-json\/wp\/v2\/product_tag?post=11655"}],"curies":[{"name":"wp","href":"https:\/\/api.w.org\/{rel}","templated":true}]}}