{"id":11651,"date":"2020-02-17T21:27:38","date_gmt":"2020-02-18T02:27:38","guid":{"rendered":"https:\/\/fittingsgo.com\/product\/huile-dengrenage-synthetique-70w-75w-gl-4-mt-lv\/"},"modified":"2020-03-18T12:39:12","modified_gmt":"2020-03-18T17:39:12","slug":"huile-dengrenage-synthetique-70w-75w-gl-4-mt-lv","status":"publish","type":"product","link":"https:\/\/fittingsgo.com\/fr\/produit\/huile-dengrenage-synthetique-70w-75w-gl-4-mt-lv\/","title":{"rendered":"Huile d&#8217;engrenage synth\u00e9tique 70W\/75W GL-4 | MT-LV | DSG"},"content":{"rendered":"<p>50604, Febi: 21829<\/p>\n<p>Remplacement appropri\u00e9 pour::<\/p>\n<p>API GL-4 \/ GL-3 \/ GL-1<br \/>\nSAE 70W\/75W<br \/>\nBMW 83 22 0 397 244<br \/>\nCastrol BOT 270A &#8211; Graziano Transaxle for Aston Martin, Audi and Lamborghini<br \/>\nCastrol BOT 350 M3<br \/>\nCastrol BOT 303 mod<br \/>\nChrysler\/Dodge\/Jeep 9.55550-MZ6<br \/>\nDodge\/Fiat 68092630AA<br \/>\nFord XT-11-QDC<br \/>\nFord WSS-M2C200-D2<br \/>\nGM 19259104<br \/>\nGM 19259105<br \/>\nHonda i-Shift MTF-3<br \/>\nHonda i-Shift MTF-III<br \/>\nHyundai\/Kia 00232-19063<br \/>\nJaguar\/Land Rover C2Z25586<br \/>\nMB 235.10<br \/>\nMB 235.73<br \/>\nMB 317<br \/>\nMB 001 989 26 03 10<br \/>\nMB A 001 989 98 03 09<br \/>\nNissan\/Infinity 999MP-TF0870P<br \/>\nNissan\/Infinity TF0870<br \/>\nPorsche 000 043 300 36<br \/>\nPorsche 000 043 301 36<br \/>\nPorsche 000 043 305 63<br \/>\nShell TF 0870<br \/>\nToyota\/Lexus transfer case fluid &#8220;Genuine Gear Oil LF 75W\u201c 08885-81080<br \/>\nToyota\/Scion Manual Transmission Oil LV<br \/>\nToyota\/Scion 08885-81001<br \/>\nVW\/AUDI DSG ET S-TRONIC<br \/>\nVW\/Audi G 052 171<br \/>\nVW\/Audi G 052 512 A2<br \/>\nVW\/Audi G 055 515<br \/>\nVW\/Audi G 052 527 A2<br \/>\nVW\/Audi G 052 725<br \/>\nVW\/Audi G 060 726 A2<br \/>\nVW\/Audi G 070 726 A2<\/p>\n<div id=\"themify_builder_content-11651\" data-postid=\"11651\" class=\"themify_builder_content themify_builder_content-11651 themify_builder\">\n    <\/div>\n<!-- \/themify_builder_content -->\n","protected":false},"excerpt":{"rendered":"<p>L&#8217;HUILE \u00c0 ENGRENAGES HAUTE PERFORMANCE RED LINE MT-LV est un lubrifiant enti\u00e8rement synth\u00e9tique \u00e0 base d&#8217;ester con\u00e7u pour \u00eatre utilis\u00e9 dans les transmissions manuelles et les bo\u00eetes de vitesses \u00e0 traction avant. Cette formule stable au cisaillement r\u00e9siste aux pannes pendant des p\u00e9riodes prolong\u00e9es et offre une viscosit\u00e9 plus constante dans des temp\u00e9ratures chaudes et froides pour moins de bruit de vitesse et un changement de vitesse am\u00e9lior\u00e9. Ce fluide est moins glissant pour un meilleur coefficient de frottement du synchroniseur et offre une plus grande r\u00e9sistance du film pour une meilleure protection contre l&#8217;usure.<br \/>\nAussi pour transmissions \u00e0 double engrenage VW et Audi qui requi\u00e8rent G052512A2<\/p>\n<p>946 ml<\/p>\n","protected":false},"featured_media":11650,"comment_status":"open","ping_status":"closed","template":"","meta":[],"product_brand":[],"product_cat":[555],"product_tag":[180,189,177],"class_list":{"0":"post-11651","1":"product","2":"type-product","3":"status-publish","4":"has-post-thumbnail","6":"product_cat-huile-engrenage","7":"product_tag-automotive-fr","8":"product_tag-fournitures-datelier","9":"product_tag-pieces-dautos","10":"has-post-title","11":"has-post-date","12":"has-post-category","13":"has-post-tag","14":"has-post-comment","15":"has-post-author","16":"","17":"fullcover","19":"first","20":"instock","21":"taxable","22":"shipping-taxable","23":"purchasable","24":"product-type-simple"},"jetpack_sharing_enabled":true,"builder_content":"","_links":{"self":[{"href":"https:\/\/fittingsgo.com\/fr\/wp-json\/wp\/v2\/product\/11651","targetHints":{"allow":["GET"]}}],"collection":[{"href":"https:\/\/fittingsgo.com\/fr\/wp-json\/wp\/v2\/product"}],"about":[{"href":"https:\/\/fittingsgo.com\/fr\/wp-json\/wp\/v2\/types\/product"}],"replies":[{"embeddable":true,"href":"https:\/\/fittingsgo.com\/fr\/wp-json\/wp\/v2\/comments?post=11651"}],"wp:featuredmedia":[{"embeddable":true,"href":"https:\/\/fittingsgo.com\/fr\/wp-json\/wp\/v2\/media\/11650"}],"wp:attachment":[{"href":"https:\/\/fittingsgo.com\/fr\/wp-json\/wp\/v2\/media?parent=11651"}],"wp:term":[{"taxonomy":"product_brand","embeddable":true,"href":"https:\/\/fittingsgo.com\/fr\/wp-json\/wp\/v2\/product_brand?post=11651"},{"taxonomy":"product_cat","embeddable":true,"href":"https:\/\/fittingsgo.com\/fr\/wp-json\/wp\/v2\/product_cat?post=11651"},{"taxonomy":"product_tag","embeddable":true,"href":"https:\/\/fittingsgo.com\/fr\/wp-json\/wp\/v2\/product_tag?post=11651"}],"curies":[{"name":"wp","href":"https:\/\/api.w.org\/{rel}","templated":true}]}}