{"id":11640,"date":"2020-02-16T21:33:56","date_gmt":"2020-02-17T02:33:56","guid":{"rendered":"https:\/\/fittingsgo.com\/product\/nettoyant-deep-clean-pour-les-systemes-de-carburant-de-lucas-oil\/"},"modified":"2020-02-16T21:35:51","modified_gmt":"2020-02-17T02:35:51","slug":"nettoyant-deep-clean-pour-les-systemes-de-carburant-de-lucas-oil","status":"publish","type":"product","link":"https:\/\/fittingsgo.com\/fr\/produit\/nettoyant-deep-clean-pour-les-systemes-de-carburant-de-lucas-oil\/","title":{"rendered":"Nettoyant \u00abDeep Clean\u00bb pour les syst\u00e8mes de carburant de Lucas Oil"},"content":{"rendered":"<p>Le nettoyant Deep Clean de Lucas pour les syst\u00e8mes de carburant lubrifie et nettoie le sys- t\u00e8me de carburant entier, r\u00e9duit les \u00e9missions de gaz \u00e0 effet de serre (monoxyde de carbone, hydrocarbures, NOx), augmente la puissance et l\u2019acc\u00e9l\u00e9ration et am\u00e9liore les \u00e9conomies de car-<br \/>\nburant. Ce produit ne contient aucun alcool et n\u2019affecte par les d\u00e9tecteurs d\u2019oxyg\u00e8ne. Deep Clean de Lucas, un V\u00c9RITABLE nettoyant pour les syst\u00e8mes de carburant.<br \/>\n20512<\/p>\n<div id=\"themify_builder_content-11640\" data-postid=\"11640\" class=\"themify_builder_content themify_builder_content-11640 themify_builder\">\n    <\/div>\n<!-- \/themify_builder_content -->\n","protected":false},"excerpt":{"rendered":"<p>Nettoyant \u00abDeep Clean\u00bb pour les syst\u00e8mes de carburant de Lucas Oil<\/p>\n","protected":false},"featured_media":11637,"comment_status":"open","ping_status":"closed","template":"","meta":[],"product_brand":[],"product_cat":[267],"product_tag":[180,210,189,177],"class_list":{"0":"post-11640","1":"product","2":"type-product","3":"status-publish","4":"has-post-thumbnail","6":"product_cat-additifs-essence","7":"product_tag-automotive-fr","8":"product_tag-carburant","9":"product_tag-fournitures-datelier","10":"product_tag-pieces-dautos","11":"has-post-title","12":"has-post-date","13":"has-post-category","14":"has-post-tag","15":"has-post-comment","16":"has-post-author","17":"","18":"fullcover","20":"first","21":"instock","22":"taxable","23":"shipping-taxable","24":"purchasable","25":"product-type-simple"},"jetpack_sharing_enabled":true,"builder_content":"","_links":{"self":[{"href":"https:\/\/fittingsgo.com\/fr\/wp-json\/wp\/v2\/product\/11640","targetHints":{"allow":["GET"]}}],"collection":[{"href":"https:\/\/fittingsgo.com\/fr\/wp-json\/wp\/v2\/product"}],"about":[{"href":"https:\/\/fittingsgo.com\/fr\/wp-json\/wp\/v2\/types\/product"}],"replies":[{"embeddable":true,"href":"https:\/\/fittingsgo.com\/fr\/wp-json\/wp\/v2\/comments?post=11640"}],"wp:featuredmedia":[{"embeddable":true,"href":"https:\/\/fittingsgo.com\/fr\/wp-json\/wp\/v2\/media\/11637"}],"wp:attachment":[{"href":"https:\/\/fittingsgo.com\/fr\/wp-json\/wp\/v2\/media?parent=11640"}],"wp:term":[{"taxonomy":"product_brand","embeddable":true,"href":"https:\/\/fittingsgo.com\/fr\/wp-json\/wp\/v2\/product_brand?post=11640"},{"taxonomy":"product_cat","embeddable":true,"href":"https:\/\/fittingsgo.com\/fr\/wp-json\/wp\/v2\/product_cat?post=11640"},{"taxonomy":"product_tag","embeddable":true,"href":"https:\/\/fittingsgo.com\/fr\/wp-json\/wp\/v2\/product_tag?post=11640"}],"curies":[{"name":"wp","href":"https:\/\/api.w.org\/{rel}","templated":true}]}}