{"id":11632,"date":"2020-02-16T21:24:50","date_gmt":"2020-02-17T02:24:50","guid":{"rendered":"https:\/\/fittingsgo.com\/product\/ameliorant-dindice-doctane-de-lucas-oil\/"},"modified":"2020-02-16T21:26:59","modified_gmt":"2020-02-17T02:26:59","slug":"ameliorant-dindice-doctane-de-lucas-oil","status":"publish","type":"product","link":"https:\/\/fittingsgo.com\/fr\/produit\/ameliorant-dindice-doctane-de-lucas-oil\/","title":{"rendered":"Am\u00e9liorant d&#8217;indice d&#8217;octane de Lucas Oil"},"content":{"rendered":"<p>Le rehausseur d\u2019octane de Lucas est un V\u00c9RITABLE optimiseur de performance! Sa capacit\u00e9 \u00e0 produire trois fois plus d\u2019augmentation que la plupart des autres marques a \u00e9t\u00e9 v\u00e9rifi\u00e9e et confirm\u00e9e. Il est sans danger pour les turbocompresseurs, les sondes \u00e0 oxyg\u00e8ne et les convertisseurs catalytiques. Il met fin<br \/>\nau cliquetis et il am\u00e9liore le kilo- m\u00e9trage au litre pour les moteurs surcomprim\u00e9s. Sans danger pour tout moteur \u00e0 essence. Non re- command\u00e9s pour les moteurs \u00e0 2 temps. Offert aussi en format pour les motocyclettes 2 oz.<br \/>\n10930, 20026<\/p>\n<div id=\"themify_builder_content-11632\" data-postid=\"11632\" class=\"themify_builder_content themify_builder_content-11632 themify_builder\">\n    <\/div>\n<!-- \/themify_builder_content -->\n","protected":false},"excerpt":{"rendered":"<p>Am\u00e9liorant d&#8217;indice d&#8217;octane de Lucas Oil<\/p>\n","protected":false},"featured_media":11629,"comment_status":"open","ping_status":"closed","template":"","meta":[],"product_brand":[],"product_cat":[267],"product_tag":[180,210,189,177],"class_list":{"0":"post-11632","1":"product","2":"type-product","3":"status-publish","4":"has-post-thumbnail","6":"product_cat-additifs-essence","7":"product_tag-automotive-fr","8":"product_tag-carburant","9":"product_tag-fournitures-datelier","10":"product_tag-pieces-dautos","11":"has-post-title","12":"has-post-date","13":"has-post-category","14":"has-post-tag","15":"has-post-comment","16":"has-post-author","17":"","18":"fullcover","20":"first","21":"instock","22":"taxable","23":"shipping-taxable","24":"purchasable","25":"product-type-variable"},"jetpack_sharing_enabled":true,"builder_content":"","_links":{"self":[{"href":"https:\/\/fittingsgo.com\/fr\/wp-json\/wp\/v2\/product\/11632","targetHints":{"allow":["GET"]}}],"collection":[{"href":"https:\/\/fittingsgo.com\/fr\/wp-json\/wp\/v2\/product"}],"about":[{"href":"https:\/\/fittingsgo.com\/fr\/wp-json\/wp\/v2\/types\/product"}],"replies":[{"embeddable":true,"href":"https:\/\/fittingsgo.com\/fr\/wp-json\/wp\/v2\/comments?post=11632"}],"wp:featuredmedia":[{"embeddable":true,"href":"https:\/\/fittingsgo.com\/fr\/wp-json\/wp\/v2\/media\/11629"}],"wp:attachment":[{"href":"https:\/\/fittingsgo.com\/fr\/wp-json\/wp\/v2\/media?parent=11632"}],"wp:term":[{"taxonomy":"product_brand","embeddable":true,"href":"https:\/\/fittingsgo.com\/fr\/wp-json\/wp\/v2\/product_brand?post=11632"},{"taxonomy":"product_cat","embeddable":true,"href":"https:\/\/fittingsgo.com\/fr\/wp-json\/wp\/v2\/product_cat?post=11632"},{"taxonomy":"product_tag","embeddable":true,"href":"https:\/\/fittingsgo.com\/fr\/wp-json\/wp\/v2\/product_tag?post=11632"}],"curies":[{"name":"wp","href":"https:\/\/api.w.org\/{rel}","templated":true}]}}