{"id":11604,"date":"2020-02-05T21:51:20","date_gmt":"2020-02-06T02:51:20","guid":{"rendered":"https:\/\/fittingsgo.com\/product\/launch-creader-v-lecteur-de-code-couleur-avec-donnees-en-direct\/"},"modified":"2020-02-05T21:55:15","modified_gmt":"2020-02-06T02:55:15","slug":"launch-creader-v-lecteur-de-code-couleur-avec-donnees-en-direct","status":"publish","type":"product","link":"https:\/\/fittingsgo.com\/fr\/produit\/launch-creader-v-lecteur-de-code-couleur-avec-donnees-en-direct\/","title":{"rendered":"LAUNCH CReader V + Lecteur de code couleur avec donn\u00e9es en direct"},"content":{"rendered":"<p>D\u00e9finitions g\u00e9n\u00e9riques et sp\u00e9cifiques au fabricant int\u00e9gr\u00e9es.<br \/>\nMises \u00e0 jour Internet gratuites (USB 2.0).<br \/>\n\u00c9tat du moniteur de pr\u00e9paration I \/ M et v\u00e9rification du cycle de conduite.<br \/>\n301050144<\/p>\n<div id=\"themify_builder_content-11604\" data-postid=\"11604\" class=\"themify_builder_content themify_builder_content-11604 themify_builder\">\n    <\/div>\n<!-- \/themify_builder_content -->\n","protected":false},"excerpt":{"rendered":"<p>&#8211; Pour une utilisation sur tous les v\u00e9hicules domestiques et import\u00e9s de 1996 et plus r\u00e9cents, les VUS et les camions l\u00e9gers (communique avec tous les protocoles OBDII \/ conforme CAN)<br \/>\n&#8211; Afficher et repr\u00e9senter graphiquement plusieurs PID de donn\u00e9es en direct en couleur<br \/>\nManuel: <a href=\"https:\/\/fittingsgo.com\/wp-content\/uploads\/2020\/02\/301050144-crv-multilingual-users-manual.pdf\" target=\"_blank\" rel=\"noopener noreferrer\">301050144-crv-multilingual-users-manual<\/a><br \/>\nFabriqu\u00e9 par Launch<\/p>\n","protected":false},"featured_media":11601,"comment_status":"open","ping_status":"closed","template":"","meta":[],"product_brand":[],"product_cat":[339],"product_tag":[180,189,177],"class_list":{"0":"post-11604","1":"product","2":"type-product","3":"status-publish","4":"has-post-thumbnail","6":"product_cat-outils-de-moteur-transmission","7":"product_tag-automotive-fr","8":"product_tag-fournitures-datelier","9":"product_tag-pieces-dautos","10":"has-post-title","11":"has-post-date","12":"has-post-category","13":"has-post-tag","14":"has-post-comment","15":"has-post-author","16":"","17":"fullcover","19":"first","20":"instock","21":"taxable","22":"shipping-taxable","23":"purchasable","24":"product-type-simple"},"jetpack_sharing_enabled":true,"builder_content":"","_links":{"self":[{"href":"https:\/\/fittingsgo.com\/fr\/wp-json\/wp\/v2\/product\/11604","targetHints":{"allow":["GET"]}}],"collection":[{"href":"https:\/\/fittingsgo.com\/fr\/wp-json\/wp\/v2\/product"}],"about":[{"href":"https:\/\/fittingsgo.com\/fr\/wp-json\/wp\/v2\/types\/product"}],"replies":[{"embeddable":true,"href":"https:\/\/fittingsgo.com\/fr\/wp-json\/wp\/v2\/comments?post=11604"}],"wp:featuredmedia":[{"embeddable":true,"href":"https:\/\/fittingsgo.com\/fr\/wp-json\/wp\/v2\/media\/11601"}],"wp:attachment":[{"href":"https:\/\/fittingsgo.com\/fr\/wp-json\/wp\/v2\/media?parent=11604"}],"wp:term":[{"taxonomy":"product_brand","embeddable":true,"href":"https:\/\/fittingsgo.com\/fr\/wp-json\/wp\/v2\/product_brand?post=11604"},{"taxonomy":"product_cat","embeddable":true,"href":"https:\/\/fittingsgo.com\/fr\/wp-json\/wp\/v2\/product_cat?post=11604"},{"taxonomy":"product_tag","embeddable":true,"href":"https:\/\/fittingsgo.com\/fr\/wp-json\/wp\/v2\/product_tag?post=11604"}],"curies":[{"name":"wp","href":"https:\/\/api.w.org\/{rel}","templated":true}]}}