{"id":11598,"date":"2020-02-05T21:33:16","date_gmt":"2020-02-06T02:33:16","guid":{"rendered":"https:\/\/fittingsgo.com\/product\/extracteur-de-fluide\/"},"modified":"2020-02-05T21:35:49","modified_gmt":"2020-02-06T02:35:49","slug":"extracteur-de-fluide","status":"publish","type":"product","link":"https:\/\/fittingsgo.com\/fr\/produit\/extracteur-de-fluide\/","title":{"rendered":"Extracteur de fluide"},"content":{"rendered":"<p>Avec une capacit\u00e9 de fluide jusqu&#8217;\u00e0 7 oz. (200 cc), il est id\u00e9al pour retirer les liquides usag\u00e9s des ma\u00eetres-cylindres, des bo\u00eetes-pont et des r\u00e9servoirs de direction assist\u00e9e ou de liquide de refroidissement avant le saignement, les changements de liquide ou les r\u00e9parations. L\u00e9ger et facile \u00e0 nettoyer, l&#8217;extracteur comprend un tube flexible de 190 mm (71\/2 po) pour acc\u00e9der aux r\u00e9servoirs et comprend un capuchon anti-goutte.<br \/>\nMVA6851<\/p>\n<div id=\"themify_builder_content-11598\" data-postid=\"11598\" class=\"themify_builder_content themify_builder_content-11598 themify_builder\">\n    <\/div>\n<!-- \/themify_builder_content -->\n","protected":false},"excerpt":{"rendered":"<p>L&#8217;extracteur de fluide MVA6851 utilise une simple action de seringue pour extraire et distribuer rapidement et proprement des fluides dans ou hors de petits r\u00e9servoirs.<br \/>\nFabriqu\u00e9 par Mityvac<\/p>\n","protected":false},"featured_media":11597,"comment_status":"open","ping_status":"closed","template":"","meta":[],"product_brand":[],"product_cat":[197],"product_tag":[180,189,177],"class_list":{"0":"post-11598","1":"product","2":"type-product","3":"status-publish","4":"has-post-thumbnail","6":"product_cat-outils-de-transfert-de-fluide","7":"product_tag-automotive-fr","8":"product_tag-fournitures-datelier","9":"product_tag-pieces-dautos","10":"has-post-title","11":"has-post-date","12":"has-post-category","13":"has-post-tag","14":"has-post-comment","15":"has-post-author","16":"","17":"fullcover","19":"first","20":"instock","21":"taxable","22":"shipping-taxable","23":"purchasable","24":"product-type-simple"},"jetpack_sharing_enabled":true,"builder_content":"","_links":{"self":[{"href":"https:\/\/fittingsgo.com\/fr\/wp-json\/wp\/v2\/product\/11598","targetHints":{"allow":["GET"]}}],"collection":[{"href":"https:\/\/fittingsgo.com\/fr\/wp-json\/wp\/v2\/product"}],"about":[{"href":"https:\/\/fittingsgo.com\/fr\/wp-json\/wp\/v2\/types\/product"}],"replies":[{"embeddable":true,"href":"https:\/\/fittingsgo.com\/fr\/wp-json\/wp\/v2\/comments?post=11598"}],"wp:featuredmedia":[{"embeddable":true,"href":"https:\/\/fittingsgo.com\/fr\/wp-json\/wp\/v2\/media\/11597"}],"wp:attachment":[{"href":"https:\/\/fittingsgo.com\/fr\/wp-json\/wp\/v2\/media?parent=11598"}],"wp:term":[{"taxonomy":"product_brand","embeddable":true,"href":"https:\/\/fittingsgo.com\/fr\/wp-json\/wp\/v2\/product_brand?post=11598"},{"taxonomy":"product_cat","embeddable":true,"href":"https:\/\/fittingsgo.com\/fr\/wp-json\/wp\/v2\/product_cat?post=11598"},{"taxonomy":"product_tag","embeddable":true,"href":"https:\/\/fittingsgo.com\/fr\/wp-json\/wp\/v2\/product_tag?post=11598"}],"curies":[{"name":"wp","href":"https:\/\/api.w.org\/{rel}","templated":true}]}}