{"id":11594,"date":"2020-02-05T21:24:50","date_gmt":"2020-02-06T02:24:50","guid":{"rendered":"https:\/\/fittingsgo.com\/product\/jeu-de-goupilles-pilotes-de-goujon-de-roue\/"},"modified":"2020-02-05T21:28:00","modified_gmt":"2020-02-06T02:28:00","slug":"jeu-de-goupilles-pilotes-de-goujon-de-roue","status":"publish","type":"product","link":"https:\/\/fittingsgo.com\/fr\/produit\/jeu-de-goupilles-pilotes-de-goujon-de-roue\/","title":{"rendered":"Jeu de goupilles pilotes de goujon de roue"},"content":{"rendered":"<p>W83017<\/p>\n<div id=\"themify_builder_content-11594\" data-postid=\"11594\" class=\"themify_builder_content themify_builder_content-11594 themify_builder\">\n    <\/div>\n<!-- \/themify_builder_content -->\n","protected":false},"excerpt":{"rendered":"<p>&#8211; Les goupilles pilotes de goujon de roue sont con\u00e7ues pour retirer et installer facilement les roues sur de nombreux v\u00e9hicules europ\u00e9ens qui utilisent des boulons \u00e0 vis.<br \/>\n&#8211; L&#8217;ensemble comprend quatre paires de goujons filet\u00e9s m\u00e9triques qui vous permettent de suspendre la roue.<br \/>\n&#8211; Les mod\u00e8les incluent Audi, BMW, VW, Mercedes et Porsche en utilisant le 14 mm. Fiat, Dodge et Chrysler en utilisant 12 mm.<br \/>\nFabriqu\u00e9 par Performance Tool<\/p>\n","protected":false},"featured_media":11593,"comment_status":"open","ping_status":"closed","template":"","meta":[],"product_brand":[],"product_cat":[218],"product_tag":[180,189,177],"class_list":{"0":"post-11594","1":"product","2":"type-product","3":"status-publish","4":"has-post-thumbnail","6":"product_cat-outils-de-pneus-et-roues","7":"product_tag-automotive-fr","8":"product_tag-fournitures-datelier","9":"product_tag-pieces-dautos","10":"has-post-title","11":"has-post-date","12":"has-post-category","13":"has-post-tag","14":"has-post-comment","15":"has-post-author","16":"","17":"fullcover","19":"first","20":"instock","21":"taxable","22":"shipping-taxable","23":"purchasable","24":"product-type-simple"},"jetpack_sharing_enabled":true,"builder_content":"","_links":{"self":[{"href":"https:\/\/fittingsgo.com\/fr\/wp-json\/wp\/v2\/product\/11594","targetHints":{"allow":["GET"]}}],"collection":[{"href":"https:\/\/fittingsgo.com\/fr\/wp-json\/wp\/v2\/product"}],"about":[{"href":"https:\/\/fittingsgo.com\/fr\/wp-json\/wp\/v2\/types\/product"}],"replies":[{"embeddable":true,"href":"https:\/\/fittingsgo.com\/fr\/wp-json\/wp\/v2\/comments?post=11594"}],"wp:featuredmedia":[{"embeddable":true,"href":"https:\/\/fittingsgo.com\/fr\/wp-json\/wp\/v2\/media\/11593"}],"wp:attachment":[{"href":"https:\/\/fittingsgo.com\/fr\/wp-json\/wp\/v2\/media?parent=11594"}],"wp:term":[{"taxonomy":"product_brand","embeddable":true,"href":"https:\/\/fittingsgo.com\/fr\/wp-json\/wp\/v2\/product_brand?post=11594"},{"taxonomy":"product_cat","embeddable":true,"href":"https:\/\/fittingsgo.com\/fr\/wp-json\/wp\/v2\/product_cat?post=11594"},{"taxonomy":"product_tag","embeddable":true,"href":"https:\/\/fittingsgo.com\/fr\/wp-json\/wp\/v2\/product_tag?post=11594"}],"curies":[{"name":"wp","href":"https:\/\/api.w.org\/{rel}","templated":true}]}}