{"id":11572,"date":"2020-02-05T20:55:30","date_gmt":"2020-02-06T01:55:30","guid":{"rendered":"https:\/\/fittingsgo.com\/product\/kit-de-purge-de-maitre-cylindre\/"},"modified":"2020-02-05T20:58:13","modified_gmt":"2020-02-06T01:58:13","slug":"kit-de-purge-de-maitre-cylindre","status":"publish","type":"product","link":"https:\/\/fittingsgo.com\/fr\/produit\/kit-de-purge-de-maitre-cylindre\/","title":{"rendered":"Kit de purge de ma\u00eetre-cylindre"},"content":{"rendered":"<p>L&#8217;outil de purge de ma\u00eetre-cylindre de frein Dorman offre une solution unique et rapide pour tous les travaux de purge de ma\u00eetre-cylindre. Il est commod\u00e9ment disponible dans diff\u00e9rentes tailles m\u00e9triques et standard.<br \/>\nContient un tuyau, des clips et des raccords de tailles diff\u00e9rentes<br \/>\nFacile \u00e0 utiliser<br \/>\nR\u00e9utilisable pour plusieurs travaux<br \/>\nConstruit \u00e0 partir de mat\u00e9riaux de haute qualit\u00e9 pour une durabilit\u00e9 \u00e0 long terme.<br \/>\n13911<\/p>\n<div id=\"themify_builder_content-11572\" data-postid=\"11572\" class=\"themify_builder_content themify_builder_content-11572 themify_builder\">\n    <\/div>\n<!-- \/themify_builder_content -->\n","protected":false},"excerpt":{"rendered":"<p>Contenu:<br \/>\n(2) Tuyaux 22 po; (2) Clips et (1) Chacun des raccords de taille suivants M8-1.25, M10-1.25, M10-1.0, M11-1.5, M12-1.0, 3\/8 po -24, 7\/16 po &#8211; 24, 1\/2 po &#8211; 20, 9\/16 po &#8211; 18, 9\/16 po &#8211; 20<br \/>\nFabriqu\u00e9 par Dorman<\/p>\n","protected":false},"featured_media":11571,"comment_status":"open","ping_status":"closed","template":"","meta":[],"product_brand":[],"product_cat":[198],"product_tag":[180,189,196,177],"class_list":{"0":"post-11572","1":"product","2":"type-product","3":"status-publish","4":"has-post-thumbnail","6":"product_cat-outils-de-freins","7":"product_tag-automotive-fr","8":"product_tag-fournitures-datelier","9":"product_tag-pieces-a-freins","10":"product_tag-pieces-dautos","11":"has-post-title","12":"has-post-date","13":"has-post-category","14":"has-post-tag","15":"has-post-comment","16":"has-post-author","17":"","18":"fullcover","20":"first","21":"instock","22":"taxable","23":"shipping-taxable","24":"purchasable","25":"product-type-simple"},"jetpack_sharing_enabled":true,"builder_content":"","_links":{"self":[{"href":"https:\/\/fittingsgo.com\/fr\/wp-json\/wp\/v2\/product\/11572","targetHints":{"allow":["GET"]}}],"collection":[{"href":"https:\/\/fittingsgo.com\/fr\/wp-json\/wp\/v2\/product"}],"about":[{"href":"https:\/\/fittingsgo.com\/fr\/wp-json\/wp\/v2\/types\/product"}],"replies":[{"embeddable":true,"href":"https:\/\/fittingsgo.com\/fr\/wp-json\/wp\/v2\/comments?post=11572"}],"wp:featuredmedia":[{"embeddable":true,"href":"https:\/\/fittingsgo.com\/fr\/wp-json\/wp\/v2\/media\/11571"}],"wp:attachment":[{"href":"https:\/\/fittingsgo.com\/fr\/wp-json\/wp\/v2\/media?parent=11572"}],"wp:term":[{"taxonomy":"product_brand","embeddable":true,"href":"https:\/\/fittingsgo.com\/fr\/wp-json\/wp\/v2\/product_brand?post=11572"},{"taxonomy":"product_cat","embeddable":true,"href":"https:\/\/fittingsgo.com\/fr\/wp-json\/wp\/v2\/product_cat?post=11572"},{"taxonomy":"product_tag","embeddable":true,"href":"https:\/\/fittingsgo.com\/fr\/wp-json\/wp\/v2\/product_tag?post=11572"}],"curies":[{"name":"wp","href":"https:\/\/api.w.org\/{rel}","templated":true}]}}