{"id":11568,"date":"2020-02-05T20:49:40","date_gmt":"2020-02-06T01:49:40","guid":{"rendered":"https:\/\/fittingsgo.com\/product\/testeur-de-compression\/"},"modified":"2020-02-05T20:51:38","modified_gmt":"2020-02-06T01:51:38","slug":"testeur-de-compression","status":"publish","type":"product","link":"https:\/\/fittingsgo.com\/fr\/produit\/testeur-de-compression\/","title":{"rendered":"Testeur de compression"},"content":{"rendered":"<p>2428D<\/p>\n<div id=\"themify_builder_content-11568\" data-postid=\"11568\" class=\"themify_builder_content themify_builder_content-11568 themify_builder\">\n    <\/div>\n<!-- \/themify_builder_content -->\n","protected":false},"excerpt":{"rendered":"<p>&#8211; Contr\u00f4le la compression du cylindre de 0 \u00e0 300 PSI et de 0 \u00e0 21 kg\/cm2<br \/>\n&#8211; Les adaptateurs s&#8217;adaptent aux trous de bougie d&#8217;allumage de 14 et 18 mm et une soupape sp\u00e9ciale de maintien d&#8217;air est incluse pour r\u00e9initialiser facilement la jauge<br \/>\n&#8211; Le testeur a un tuyau en caoutchouc de 16 &#8220;et est un produit utilisable<br \/>\n&#8211; Comprend une soupape de r\u00e9tention d&#8217;air sp\u00e9ciale pour r\u00e9initialiser facilement la jauge<br \/>\nFabriqu\u00e9 par Gearwrench<\/p>\n","protected":false},"featured_media":11567,"comment_status":"open","ping_status":"closed","template":"","meta":[],"product_brand":[],"product_cat":[339],"product_tag":[180,189,177],"class_list":{"0":"post-11568","1":"product","2":"type-product","3":"status-publish","4":"has-post-thumbnail","6":"product_cat-outils-de-moteur-transmission","7":"product_tag-automotive-fr","8":"product_tag-fournitures-datelier","9":"product_tag-pieces-dautos","10":"has-post-title","11":"has-post-date","12":"has-post-category","13":"has-post-tag","14":"has-post-comment","15":"has-post-author","16":"","17":"fullcover","19":"first","20":"instock","21":"taxable","22":"shipping-taxable","23":"purchasable","24":"product-type-simple"},"jetpack_sharing_enabled":true,"builder_content":"","_links":{"self":[{"href":"https:\/\/fittingsgo.com\/fr\/wp-json\/wp\/v2\/product\/11568","targetHints":{"allow":["GET"]}}],"collection":[{"href":"https:\/\/fittingsgo.com\/fr\/wp-json\/wp\/v2\/product"}],"about":[{"href":"https:\/\/fittingsgo.com\/fr\/wp-json\/wp\/v2\/types\/product"}],"replies":[{"embeddable":true,"href":"https:\/\/fittingsgo.com\/fr\/wp-json\/wp\/v2\/comments?post=11568"}],"wp:featuredmedia":[{"embeddable":true,"href":"https:\/\/fittingsgo.com\/fr\/wp-json\/wp\/v2\/media\/11567"}],"wp:attachment":[{"href":"https:\/\/fittingsgo.com\/fr\/wp-json\/wp\/v2\/media?parent=11568"}],"wp:term":[{"taxonomy":"product_brand","embeddable":true,"href":"https:\/\/fittingsgo.com\/fr\/wp-json\/wp\/v2\/product_brand?post=11568"},{"taxonomy":"product_cat","embeddable":true,"href":"https:\/\/fittingsgo.com\/fr\/wp-json\/wp\/v2\/product_cat?post=11568"},{"taxonomy":"product_tag","embeddable":true,"href":"https:\/\/fittingsgo.com\/fr\/wp-json\/wp\/v2\/product_tag?post=11568"}],"curies":[{"name":"wp","href":"https:\/\/api.w.org\/{rel}","templated":true}]}}