{"id":11488,"date":"2020-02-03T22:37:56","date_gmt":"2020-02-04T03:37:56","guid":{"rendered":"https:\/\/fittingsgo.com\/product\/lampe-de-travail-a-del-portative\/"},"modified":"2020-03-04T21:38:43","modified_gmt":"2020-03-05T02:38:43","slug":"lampe-de-travail-a-del-portative","status":"publish","type":"product","link":"https:\/\/fittingsgo.com\/fr\/produit\/lampe-de-travail-a-del-portative\/","title":{"rendered":"Lampe de travail \u00e0 DEL portative batteries AA de Performance Tool"},"content":{"rendered":"<p>Corps de barre lumineuse mince et \u00e0 profil bas pour l&#8217;acc\u00e8s dans les zones confin\u00e9es. La barre lumineuse ajuste 120 \u00b0 pour un \u00e9clairage pr\u00e9cis. Crochet pivotant et base magn\u00e9tique pour une utilisation mains libres.<br \/>\nW2419<\/p>\n<div id=\"themify_builder_content-11488\" data-postid=\"11488\" class=\"themify_builder_content themify_builder_content-11488 themify_builder\">\n    <\/div>\n<!-- \/themify_builder_content -->\n","protected":false},"excerpt":{"rendered":"<p>542 lumens<br \/>\n3 piles AA<br \/>\nLongueur 13,5 pouces<br \/>\nLargeur 1,5 pouces<br \/>\nDur\u00e9e 4,25 heures<br \/>\nFabriqu\u00e9 par Performance Tool<\/p>\n","protected":false},"featured_media":11481,"comment_status":"open","ping_status":"closed","template":"","meta":[],"product_brand":[],"product_cat":[237],"product_tag":[180,189,177],"class_list":{"0":"post-11488","1":"product","2":"type-product","3":"status-publish","4":"has-post-thumbnail","6":"product_cat-lampes-de-travail","7":"product_tag-automotive-fr","8":"product_tag-fournitures-datelier","9":"product_tag-pieces-dautos","10":"has-post-title","11":"has-post-date","12":"has-post-category","13":"has-post-tag","14":"has-post-comment","15":"has-post-author","16":"","17":"fullcover","19":"first","20":"instock","21":"taxable","22":"shipping-taxable","23":"purchasable","24":"product-type-simple"},"jetpack_sharing_enabled":true,"builder_content":"","_links":{"self":[{"href":"https:\/\/fittingsgo.com\/fr\/wp-json\/wp\/v2\/product\/11488","targetHints":{"allow":["GET"]}}],"collection":[{"href":"https:\/\/fittingsgo.com\/fr\/wp-json\/wp\/v2\/product"}],"about":[{"href":"https:\/\/fittingsgo.com\/fr\/wp-json\/wp\/v2\/types\/product"}],"replies":[{"embeddable":true,"href":"https:\/\/fittingsgo.com\/fr\/wp-json\/wp\/v2\/comments?post=11488"}],"wp:featuredmedia":[{"embeddable":true,"href":"https:\/\/fittingsgo.com\/fr\/wp-json\/wp\/v2\/media\/11481"}],"wp:attachment":[{"href":"https:\/\/fittingsgo.com\/fr\/wp-json\/wp\/v2\/media?parent=11488"}],"wp:term":[{"taxonomy":"product_brand","embeddable":true,"href":"https:\/\/fittingsgo.com\/fr\/wp-json\/wp\/v2\/product_brand?post=11488"},{"taxonomy":"product_cat","embeddable":true,"href":"https:\/\/fittingsgo.com\/fr\/wp-json\/wp\/v2\/product_cat?post=11488"},{"taxonomy":"product_tag","embeddable":true,"href":"https:\/\/fittingsgo.com\/fr\/wp-json\/wp\/v2\/product_tag?post=11488"}],"curies":[{"name":"wp","href":"https:\/\/api.w.org\/{rel}","templated":true}]}}