{"id":11456,"date":"2020-01-29T23:19:47","date_gmt":"2020-01-30T04:19:47","guid":{"rendered":"https:\/\/fittingsgo.com\/product\/conduite-de-carburant-en-nylon\/"},"modified":"2020-01-29T23:24:02","modified_gmt":"2020-01-30T04:24:02","slug":"conduite-de-carburant-en-nylon","status":"publish","type":"product","link":"https:\/\/fittingsgo.com\/fr\/produit\/conduite-de-carburant-en-nylon\/","title":{"rendered":"Conduite de carburant en nylon"},"content":{"rendered":"<p>&#8211; Remplacement digne de confiance &#8211; cette conduite de carburant remplace en toute s\u00e9curit\u00e9 la conduite de carburant d&#8217;origine pour corriger les fuites de carburant<br \/>\n&#8211; Conception durable &#8211; r\u00e9siste aux conditions difficiles du capot et du ch\u00e2ssis<br \/>\n&#8211; Ing\u00e9nierie de qualit\u00e9 &#8211; con\u00e7ue aux \u00c9tats-Unis et soutenue par des d\u00e9cennies d&#8217;exp\u00e9rience dans le march\u00e9 secondaire de l&#8217;automobile<br \/>\n&#8211; Solutions compl\u00e8tes &#8211; cette ligne de carburant fait partie d&#8217;une collection diversifi\u00e9e de solutions de r\u00e9paration de ligne de carburant<br \/>\n800-074, 800074, 800-075, 800075<\/p>\n<div id=\"themify_builder_content-11456\" data-postid=\"11456\" class=\"themify_builder_content themify_builder_content-11456 themify_builder\">\n    <\/div>\n<!-- \/themify_builder_content -->\n","protected":false},"excerpt":{"rendered":"<p>Cette conduite de carburant de remplacement est con\u00e7ue pour transf\u00e9rer le carburant en toute s\u00e9curit\u00e9 et durer dans des conditions difficiles sous le capot et le ch\u00e2ssis.<br \/>\nRouleau de 10 pieds<br \/>\nFabriqu\u00e9 par Dorman<\/p>\n","protected":false},"featured_media":11455,"comment_status":"open","ping_status":"closed","template":"","meta":[],"product_brand":[],"product_cat":[550],"product_tag":[180,189,177],"class_list":{"0":"post-11456","1":"product","2":"type-product","3":"status-publish","4":"has-post-thumbnail","6":"product_cat-tubes-en-nylon-et-trousses-outils","7":"product_tag-automotive-fr","8":"product_tag-fournitures-datelier","9":"product_tag-pieces-dautos","10":"has-post-title","11":"has-post-date","12":"has-post-category","13":"has-post-tag","14":"has-post-comment","15":"has-post-author","16":"","17":"fullcover","19":"first","20":"instock","21":"taxable","22":"shipping-taxable","23":"purchasable","24":"product-type-variable"},"jetpack_sharing_enabled":true,"builder_content":"","_links":{"self":[{"href":"https:\/\/fittingsgo.com\/fr\/wp-json\/wp\/v2\/product\/11456","targetHints":{"allow":["GET"]}}],"collection":[{"href":"https:\/\/fittingsgo.com\/fr\/wp-json\/wp\/v2\/product"}],"about":[{"href":"https:\/\/fittingsgo.com\/fr\/wp-json\/wp\/v2\/types\/product"}],"replies":[{"embeddable":true,"href":"https:\/\/fittingsgo.com\/fr\/wp-json\/wp\/v2\/comments?post=11456"}],"wp:featuredmedia":[{"embeddable":true,"href":"https:\/\/fittingsgo.com\/fr\/wp-json\/wp\/v2\/media\/11455"}],"wp:attachment":[{"href":"https:\/\/fittingsgo.com\/fr\/wp-json\/wp\/v2\/media?parent=11456"}],"wp:term":[{"taxonomy":"product_brand","embeddable":true,"href":"https:\/\/fittingsgo.com\/fr\/wp-json\/wp\/v2\/product_brand?post=11456"},{"taxonomy":"product_cat","embeddable":true,"href":"https:\/\/fittingsgo.com\/fr\/wp-json\/wp\/v2\/product_cat?post=11456"},{"taxonomy":"product_tag","embeddable":true,"href":"https:\/\/fittingsgo.com\/fr\/wp-json\/wp\/v2\/product_tag?post=11456"}],"curies":[{"name":"wp","href":"https:\/\/api.w.org\/{rel}","templated":true}]}}