{"id":11384,"date":"2020-01-29T20:47:35","date_gmt":"2020-01-30T01:47:35","guid":{"rendered":"https:\/\/fittingsgo.com\/product\/boyaux-de-recharge-jauge-a-pression\/"},"modified":"2020-07-02T22:09:51","modified_gmt":"2020-07-03T03:09:51","slug":"boyaux-de-recharge-jauge-a-pression","status":"publish","type":"product","link":"https:\/\/fittingsgo.com\/fr\/produit\/boyaux-de-recharge-jauge-a-pression\/","title":{"rendered":"Boyaux de recharge &#038; jauge \u00e0 pression pour R134A"},"content":{"rendered":"<p>ENVES704<\/p>\n<div id=\"themify_builder_content-11384\" data-postid=\"11384\" class=\"themify_builder_content themify_builder_content-11384 themify_builder\">\n    <\/div>\n<!-- \/themify_builder_content -->\n","protected":false},"excerpt":{"rendered":"<p>\u00c0 utiliser pour d\u00e9terminer la pression actuelle et le statut du syst\u00e8me d\u2019A\/C et s\u2019assurer de l\u2019exactitude de la recharge. Compatible avec les adaptateurs R-12 et les raccords de conversion pour A\/C (vendus s\u00e9par\u00e9ment).<br \/>\nRaccord femelle 1\/2 ACME<br \/>\nCoupleur pour pression basse de R134A<\/p>\n","protected":false},"featured_media":11307,"comment_status":"open","ping_status":"closed","template":"","meta":[],"product_brand":[],"product_cat":[533],"product_tag":[180,189,177],"class_list":{"0":"post-11384","1":"product","2":"type-product","3":"status-publish","4":"has-post-thumbnail","6":"product_cat-outils-a-air-climatise","7":"product_tag-automotive-fr","8":"product_tag-fournitures-datelier","9":"product_tag-pieces-dautos","10":"has-post-title","11":"has-post-date","12":"has-post-category","13":"has-post-tag","14":"has-post-comment","15":"has-post-author","16":"","17":"fullcover","19":"first","20":"instock","21":"taxable","22":"shipping-taxable","23":"purchasable","24":"product-type-simple"},"jetpack_sharing_enabled":true,"builder_content":"","_links":{"self":[{"href":"https:\/\/fittingsgo.com\/fr\/wp-json\/wp\/v2\/product\/11384","targetHints":{"allow":["GET"]}}],"collection":[{"href":"https:\/\/fittingsgo.com\/fr\/wp-json\/wp\/v2\/product"}],"about":[{"href":"https:\/\/fittingsgo.com\/fr\/wp-json\/wp\/v2\/types\/product"}],"replies":[{"embeddable":true,"href":"https:\/\/fittingsgo.com\/fr\/wp-json\/wp\/v2\/comments?post=11384"}],"wp:featuredmedia":[{"embeddable":true,"href":"https:\/\/fittingsgo.com\/fr\/wp-json\/wp\/v2\/media\/11307"}],"wp:attachment":[{"href":"https:\/\/fittingsgo.com\/fr\/wp-json\/wp\/v2\/media?parent=11384"}],"wp:term":[{"taxonomy":"product_brand","embeddable":true,"href":"https:\/\/fittingsgo.com\/fr\/wp-json\/wp\/v2\/product_brand?post=11384"},{"taxonomy":"product_cat","embeddable":true,"href":"https:\/\/fittingsgo.com\/fr\/wp-json\/wp\/v2\/product_cat?post=11384"},{"taxonomy":"product_tag","embeddable":true,"href":"https:\/\/fittingsgo.com\/fr\/wp-json\/wp\/v2\/product_tag?post=11384"}],"curies":[{"name":"wp","href":"https:\/\/api.w.org\/{rel}","templated":true}]}}