{"id":11377,"date":"2020-01-28T22:55:59","date_gmt":"2020-01-29T03:55:59","guid":{"rendered":"https:\/\/fittingsgo.com\/product\/adaptateur-double-flare-a-tete-droite\/"},"modified":"2020-01-28T22:59:39","modified_gmt":"2020-01-29T03:59:39","slug":"adaptateur-double-flare-a-tete-droite","status":"publish","type":"product","link":"https:\/\/fittingsgo.com\/fr\/produit\/adaptateur-double-flare-a-tete-droite\/","title":{"rendered":"Adaptateur \u00abdouble flare\u00bb \u00e0 t\u00eate droite"},"content":{"rendered":"<p>3029, 3233, 265400, 265401<\/p>\n<div id=\"themify_builder_content-11377\" data-postid=\"11377\" class=\"themify_builder_content themify_builder_content-11377 themify_builder\">\n    <\/div>\n<!-- \/themify_builder_content -->\n","protected":false},"excerpt":{"rendered":"<p>Adaptateur de ma\u00eetre-cylindre inverser l&#8217;\u00e9vasement vers le joint de surface m\u00e2le.<br \/>\nFabriqu\u00e9 par Edelmann<\/p>\n","protected":false},"featured_media":11376,"comment_status":"open","ping_status":"closed","template":"","meta":[],"product_brand":[],"product_cat":[536],"product_tag":[180,337,189,177],"class_list":{"0":"post-11377","1":"product","2":"type-product","3":"status-publish","4":"has-post-thumbnail","6":"product_cat-adaptateurs-et-reducteurs","7":"product_tag-automotive-fr","8":"product_tag-fitting-fr","9":"product_tag-fournitures-datelier","10":"product_tag-pieces-dautos","11":"has-post-title","12":"has-post-date","13":"has-post-category","14":"has-post-tag","15":"has-post-comment","16":"has-post-author","17":"","18":"fullcover","20":"first","21":"instock","22":"taxable","23":"shipping-taxable","24":"purchasable","25":"product-type-variable"},"jetpack_sharing_enabled":true,"builder_content":"","_links":{"self":[{"href":"https:\/\/fittingsgo.com\/fr\/wp-json\/wp\/v2\/product\/11377","targetHints":{"allow":["GET"]}}],"collection":[{"href":"https:\/\/fittingsgo.com\/fr\/wp-json\/wp\/v2\/product"}],"about":[{"href":"https:\/\/fittingsgo.com\/fr\/wp-json\/wp\/v2\/types\/product"}],"replies":[{"embeddable":true,"href":"https:\/\/fittingsgo.com\/fr\/wp-json\/wp\/v2\/comments?post=11377"}],"wp:featuredmedia":[{"embeddable":true,"href":"https:\/\/fittingsgo.com\/fr\/wp-json\/wp\/v2\/media\/11376"}],"wp:attachment":[{"href":"https:\/\/fittingsgo.com\/fr\/wp-json\/wp\/v2\/media?parent=11377"}],"wp:term":[{"taxonomy":"product_brand","embeddable":true,"href":"https:\/\/fittingsgo.com\/fr\/wp-json\/wp\/v2\/product_brand?post=11377"},{"taxonomy":"product_cat","embeddable":true,"href":"https:\/\/fittingsgo.com\/fr\/wp-json\/wp\/v2\/product_cat?post=11377"},{"taxonomy":"product_tag","embeddable":true,"href":"https:\/\/fittingsgo.com\/fr\/wp-json\/wp\/v2\/product_tag?post=11377"}],"curies":[{"name":"wp","href":"https:\/\/api.w.org\/{rel}","templated":true}]}}