{"id":11354,"date":"2020-01-28T22:01:09","date_gmt":"2020-01-29T03:01:09","guid":{"rendered":"https:\/\/fittingsgo.com\/product\/convertisseurs-catalytiques-universels-rondes-obdii\/"},"modified":"2020-09-07T22:42:25","modified_gmt":"2020-09-08T03:42:25","slug":"convertisseurs-catalytiques-universels-rondes-obdii","status":"publish","type":"product","link":"https:\/\/fittingsgo.com\/fr\/produit\/convertisseurs-catalytiques-universels-rondes-obdii\/","title":{"rendered":"Convertisseurs catalytiques universels rondes OBDII"},"content":{"rendered":"<p>99203HM, 99204HM, 99205HM, 99206HM, 99209HM, 99233HM, 99234HM, 99235HM, 99236HM, 99304HM, 99305HM, 99306HM, 99309HM, 99353HM, 99354HM, 99355HM, 99356HM<\/p>\n<div id=\"themify_builder_content-11354\" data-postid=\"11354\" class=\"themify_builder_content themify_builder_content-11354 themify_builder\">\n    <\/div>\n<!-- \/themify_builder_content -->\n","protected":false},"excerpt":{"rendered":"<p>Convertisseur catalytique rondes universel OBDII.<br \/>\nTous les convertisseurs catalytiques f\u00e9d\u00e9raux r\u00e9pondent aux exigences de l\u2019EPA. Les convertisseurs catalytiques f\u00e9d\u00e9raux ne sont pas l\u00e9gaux pour la vente, l\u2019installation ou l\u2019utilisation sur des v\u00e9hicules immatricul\u00e9s dans l\u2019\u00c9tat de Californie.<br \/>\nFabriqu\u00e9 par Magnaflow.<\/p>\n","protected":false},"featured_media":11281,"comment_status":"open","ping_status":"closed","template":"","meta":[],"product_brand":[],"product_cat":[178],"product_tag":[180,189,177,179],"class_list":{"0":"post-11354","1":"product","2":"type-product","3":"status-publish","4":"has-post-thumbnail","6":"product_cat-echappement","7":"product_tag-automotive-fr","8":"product_tag-fournitures-datelier","9":"product_tag-pieces-dautos","10":"product_tag-tuyau","11":"has-post-title","12":"has-post-date","13":"has-post-category","14":"has-post-tag","15":"has-post-comment","16":"has-post-author","17":"","18":"fullcover","20":"first","21":"instock","22":"taxable","23":"shipping-taxable","24":"purchasable","25":"product-type-variable"},"jetpack_sharing_enabled":true,"builder_content":"","_links":{"self":[{"href":"https:\/\/fittingsgo.com\/fr\/wp-json\/wp\/v2\/product\/11354","targetHints":{"allow":["GET"]}}],"collection":[{"href":"https:\/\/fittingsgo.com\/fr\/wp-json\/wp\/v2\/product"}],"about":[{"href":"https:\/\/fittingsgo.com\/fr\/wp-json\/wp\/v2\/types\/product"}],"replies":[{"embeddable":true,"href":"https:\/\/fittingsgo.com\/fr\/wp-json\/wp\/v2\/comments?post=11354"}],"wp:featuredmedia":[{"embeddable":true,"href":"https:\/\/fittingsgo.com\/fr\/wp-json\/wp\/v2\/media\/11281"}],"wp:attachment":[{"href":"https:\/\/fittingsgo.com\/fr\/wp-json\/wp\/v2\/media?parent=11354"}],"wp:term":[{"taxonomy":"product_brand","embeddable":true,"href":"https:\/\/fittingsgo.com\/fr\/wp-json\/wp\/v2\/product_brand?post=11354"},{"taxonomy":"product_cat","embeddable":true,"href":"https:\/\/fittingsgo.com\/fr\/wp-json\/wp\/v2\/product_cat?post=11354"},{"taxonomy":"product_tag","embeddable":true,"href":"https:\/\/fittingsgo.com\/fr\/wp-json\/wp\/v2\/product_tag?post=11354"}],"curies":[{"name":"wp","href":"https:\/\/api.w.org\/{rel}","templated":true}]}}