{"id":11335,"date":"2020-01-28T21:20:11","date_gmt":"2020-01-29T02:20:11","guid":{"rendered":"https:\/\/fittingsgo.com\/product\/appret-pour-echappement\/"},"modified":"2020-01-28T21:24:39","modified_gmt":"2020-01-29T02:24:39","slug":"appret-pour-echappement","status":"publish","type":"product","link":"https:\/\/fittingsgo.com\/fr\/produit\/appret-pour-echappement\/","title":{"rendered":"Appr\u00eat pour \u00e9chappement"},"content":{"rendered":"<p>&#8211; Temp\u00e9rature: 1300 \u030aF-2000 \u030aF (704 \u030aC-1093 \u030aC) (intermittent)<br \/>\n&#8211; Applications: collecteurs, collecteurs d&#8217;\u00e9chappement, t\u00eates internes<br \/>\n&#8211; Finition: Plat<br \/>\n&#8211; Temps de s\u00e9chage: temps de durcissement requis et peut \u00eatre effectu\u00e9 sur ou hors du v\u00e9hicule.<br \/>\nCSP100<\/p>\n<div id=\"themify_builder_content-11335\" data-postid=\"11335\" class=\"themify_builder_content themify_builder_content-11335 themify_builder\">\n    <\/div>\n<!-- \/themify_builder_content -->\n","protected":false},"excerpt":{"rendered":"<p>Adh\u00e9rence maximale pour toutes les applications \u00e0 chaleur \u00e9lev\u00e9e.<br \/>\nFabriqu\u00e9 par Dupli-Color<\/p>\n","protected":false},"featured_media":11289,"comment_status":"open","ping_status":"closed","template":"","meta":[],"product_brand":[],"product_cat":[326],"product_tag":[180,189,177],"class_list":{"0":"post-11335","1":"product","2":"type-product","3":"status-publish","4":"has-post-thumbnail","6":"product_cat-peintures-apprets-etc","7":"product_tag-automotive-fr","8":"product_tag-fournitures-datelier","9":"product_tag-pieces-dautos","10":"has-post-title","11":"has-post-date","12":"has-post-category","13":"has-post-tag","14":"has-post-comment","15":"has-post-author","16":"","17":"fullcover","19":"first","20":"instock","21":"taxable","22":"shipping-taxable","23":"purchasable","24":"product-type-simple"},"jetpack_sharing_enabled":true,"builder_content":"","_links":{"self":[{"href":"https:\/\/fittingsgo.com\/fr\/wp-json\/wp\/v2\/product\/11335","targetHints":{"allow":["GET"]}}],"collection":[{"href":"https:\/\/fittingsgo.com\/fr\/wp-json\/wp\/v2\/product"}],"about":[{"href":"https:\/\/fittingsgo.com\/fr\/wp-json\/wp\/v2\/types\/product"}],"replies":[{"embeddable":true,"href":"https:\/\/fittingsgo.com\/fr\/wp-json\/wp\/v2\/comments?post=11335"}],"wp:featuredmedia":[{"embeddable":true,"href":"https:\/\/fittingsgo.com\/fr\/wp-json\/wp\/v2\/media\/11289"}],"wp:attachment":[{"href":"https:\/\/fittingsgo.com\/fr\/wp-json\/wp\/v2\/media?parent=11335"}],"wp:term":[{"taxonomy":"product_brand","embeddable":true,"href":"https:\/\/fittingsgo.com\/fr\/wp-json\/wp\/v2\/product_brand?post=11335"},{"taxonomy":"product_cat","embeddable":true,"href":"https:\/\/fittingsgo.com\/fr\/wp-json\/wp\/v2\/product_cat?post=11335"},{"taxonomy":"product_tag","embeddable":true,"href":"https:\/\/fittingsgo.com\/fr\/wp-json\/wp\/v2\/product_tag?post=11335"}],"curies":[{"name":"wp","href":"https:\/\/api.w.org\/{rel}","templated":true}]}}