{"id":11317,"date":"2020-01-28T21:11:11","date_gmt":"2020-01-29T02:11:11","guid":{"rendered":"https:\/\/fittingsgo.com\/product\/peinture-dechappement\/"},"modified":"2024-07-07T18:19:34","modified_gmt":"2024-07-07T23:19:34","slug":"peinture-dechappement","status":"publish","type":"product","link":"https:\/\/fittingsgo.com\/fr\/produit\/peinture-dechappement\/","title":{"rendered":"Peinture d&#8217;\u00e9chappement"},"content":{"rendered":"<p>Le rev\u00eatement \u00abVHT FLAMEPROOF\u00bb renouvellera et prolongera la dur\u00e9e de vie de toute surface expos\u00e9e \u00e0 des temp\u00e9ratures extr\u00eamement \u00e9lev\u00e9es. Ce rev\u00eatement unique est une base en c\u00e9ramique silicone \u00e0 finition mate largement utilis\u00e9e par l&#8217;industrie automobile sur les syst\u00e8mes d&#8217;\u00e9chappement et l&#8217;industrie a\u00e9rospatiale pour les moteurs \u00e0 r\u00e9action, les v\u00e9hicules de rentr\u00e9e et d&#8217;autres applications \u00e0 haute temp\u00e9rature.<br \/>\nCSP101, CSP102. CSP106, CSP109, CSP114, CSP115, CSP117, CSP998<\/p>\n<div id=\"themify_builder_content-11317\" data-postid=\"11317\" class=\"themify_builder_content themify_builder_content-11317 themify_builder\">\n    <\/div>\n<!-- \/themify_builder_content -->\n","protected":false},"excerpt":{"rendered":"<p>Le rev\u00eatement \u00abVHT FLAMEPROOF\u00bb r\u00e9sistera \u00e0 des temp\u00e9ratures intermittentes jusqu&#8217;\u00e0 1093\u00b0C et est id\u00e9al pour une utilisation sur les collecteurs, les syst\u00e8mes d&#8217;\u00e9chappement ou partout o\u00f9 un rev\u00eatement \u00e0 temp\u00e9rature extr\u00eame est n\u00e9cessaire.<\/p>\n","protected":false},"featured_media":11293,"comment_status":"open","ping_status":"closed","template":"","meta":[],"product_brand":[],"product_cat":[326],"product_tag":[180,189,177],"class_list":{"0":"post-11317","1":"product","2":"type-product","3":"status-publish","4":"has-post-thumbnail","6":"product_cat-peintures-apprets-etc","7":"product_tag-automotive-fr","8":"product_tag-fournitures-datelier","9":"product_tag-pieces-dautos","10":"has-post-title","11":"has-post-date","12":"has-post-category","13":"has-post-tag","14":"has-post-comment","15":"has-post-author","16":"","17":"fullcover","19":"first","20":"instock","21":"taxable","22":"shipping-taxable","23":"purchasable","24":"product-type-variable"},"jetpack_sharing_enabled":true,"builder_content":"","_links":{"self":[{"href":"https:\/\/fittingsgo.com\/fr\/wp-json\/wp\/v2\/product\/11317","targetHints":{"allow":["GET"]}}],"collection":[{"href":"https:\/\/fittingsgo.com\/fr\/wp-json\/wp\/v2\/product"}],"about":[{"href":"https:\/\/fittingsgo.com\/fr\/wp-json\/wp\/v2\/types\/product"}],"replies":[{"embeddable":true,"href":"https:\/\/fittingsgo.com\/fr\/wp-json\/wp\/v2\/comments?post=11317"}],"wp:featuredmedia":[{"embeddable":true,"href":"https:\/\/fittingsgo.com\/fr\/wp-json\/wp\/v2\/media\/11293"}],"wp:attachment":[{"href":"https:\/\/fittingsgo.com\/fr\/wp-json\/wp\/v2\/media?parent=11317"}],"wp:term":[{"taxonomy":"product_brand","embeddable":true,"href":"https:\/\/fittingsgo.com\/fr\/wp-json\/wp\/v2\/product_brand?post=11317"},{"taxonomy":"product_cat","embeddable":true,"href":"https:\/\/fittingsgo.com\/fr\/wp-json\/wp\/v2\/product_cat?post=11317"},{"taxonomy":"product_tag","embeddable":true,"href":"https:\/\/fittingsgo.com\/fr\/wp-json\/wp\/v2\/product_tag?post=11317"}],"curies":[{"name":"wp","href":"https:\/\/api.w.org\/{rel}","templated":true}]}}