{"id":11229,"date":"2020-01-23T20:51:14","date_gmt":"2020-01-24T01:51:14","guid":{"rendered":"https:\/\/fittingsgo.com\/product\/bouchon-style-a-1-4-po-femelle\/"},"modified":"2020-01-23T20:52:34","modified_gmt":"2020-01-24T01:52:34","slug":"bouchon-style-a-1-4-po-femelle","status":"publish","type":"product","link":"https:\/\/fittingsgo.com\/fr\/produit\/bouchon-style-a-1-4-po-femelle\/","title":{"rendered":"Bouchon style-A 1\/4 po (femelle)"},"content":{"rendered":"<p>s-778, S778<\/p>\n<div id=\"themify_builder_content-11229\" data-postid=\"11229\" class=\"themify_builder_content themify_builder_content-11229 themify_builder\">\n    <\/div>\n<!-- \/themify_builder_content -->\n","protected":false},"excerpt":{"rendered":"<p>1\/4 po taille de d\u00e9bit de base<br \/>\n\u2022 Les bouchons de type A sont en acier c\u00e9ment\u00e9, plaqu\u00e9s pour r\u00e9sister \u00e0 la rouille<br \/>\n\u2022 Pression d\u2019entr\u00e9e maximale: 300 PSI \u2022 Temp\u00e9rature maximale: 250 \u00b0 F<br \/>\n\u2022 D\u00e9bit d\u2019air: 34 SCFM<br \/>\n\u2022 \u00c9tanches: Buna-N<br \/>\nLot de 2<br \/>\nFabriqu\u00e9 par Milton<\/p>\n","protected":false},"featured_media":11228,"comment_status":"open","ping_status":"closed","template":"","meta":[],"product_brand":[],"product_cat":[233],"product_tag":[180,208,337,189,177],"class_list":{"0":"post-11229","1":"product","2":"type-product","3":"status-publish","4":"has-post-thumbnail","6":"product_cat-style-a","7":"product_tag-automotive-fr","8":"product_tag-boyau-a-air","9":"product_tag-fitting-fr","10":"product_tag-fournitures-datelier","11":"product_tag-pieces-dautos","12":"has-post-title","13":"has-post-date","14":"has-post-category","15":"has-post-tag","16":"has-post-comment","17":"has-post-author","18":"","19":"fullcover","21":"first","22":"instock","23":"taxable","24":"shipping-taxable","25":"purchasable","26":"product-type-simple"},"jetpack_sharing_enabled":true,"builder_content":"","_links":{"self":[{"href":"https:\/\/fittingsgo.com\/fr\/wp-json\/wp\/v2\/product\/11229","targetHints":{"allow":["GET"]}}],"collection":[{"href":"https:\/\/fittingsgo.com\/fr\/wp-json\/wp\/v2\/product"}],"about":[{"href":"https:\/\/fittingsgo.com\/fr\/wp-json\/wp\/v2\/types\/product"}],"replies":[{"embeddable":true,"href":"https:\/\/fittingsgo.com\/fr\/wp-json\/wp\/v2\/comments?post=11229"}],"wp:featuredmedia":[{"embeddable":true,"href":"https:\/\/fittingsgo.com\/fr\/wp-json\/wp\/v2\/media\/11228"}],"wp:attachment":[{"href":"https:\/\/fittingsgo.com\/fr\/wp-json\/wp\/v2\/media?parent=11229"}],"wp:term":[{"taxonomy":"product_brand","embeddable":true,"href":"https:\/\/fittingsgo.com\/fr\/wp-json\/wp\/v2\/product_brand?post=11229"},{"taxonomy":"product_cat","embeddable":true,"href":"https:\/\/fittingsgo.com\/fr\/wp-json\/wp\/v2\/product_cat?post=11229"},{"taxonomy":"product_tag","embeddable":true,"href":"https:\/\/fittingsgo.com\/fr\/wp-json\/wp\/v2\/product_tag?post=11229"}],"curies":[{"name":"wp","href":"https:\/\/api.w.org\/{rel}","templated":true}]}}