{"id":11098,"date":"2020-01-13T22:14:43","date_gmt":"2020-01-14T03:14:43","guid":{"rendered":"https:\/\/fittingsgo.com\/product\/brosse-pour-roue-detabli-avec-fils-sertis\/"},"modified":"2020-01-13T22:17:21","modified_gmt":"2020-01-14T03:17:21","slug":"brosse-pour-roue-detabli-avec-fils-sertis","status":"publish","type":"product","link":"https:\/\/fittingsgo.com\/fr\/produit\/brosse-pour-roue-detabli-avec-fils-sertis\/","title":{"rendered":"Brosse pour roue d&#8217;\u00e9tabli avec fils sertis"},"content":{"rendered":"<p>Ces brosses sont fabriqu\u00e9es \u00e0 partir de fil de qualit\u00e9 industrielle, parfaitement \u00e9quilibr\u00e9 pour un fonctionnement en douceur et une longue dur\u00e9e de vie. Ils sont le plus souvent utilis\u00e9s pour \u00e9liminer la peinture, la rouille et la corrosion ou pour les travaux d&#8217;\u00e9bavurage et de nettoyage l\u00e9gers.<br \/>\n13B060, 13-B 060, 13-B060<\/p>\n<div id=\"themify_builder_content-11098\" data-postid=\"11098\" class=\"themify_builder_content themify_builder_content-11098 themify_builder\">\n    <\/div>\n<!-- \/themify_builder_content -->\n","protected":false},"excerpt":{"rendered":"<p>Pour les broyeurs d&#8217;\u00e9tabli et sur pied<br \/>\nDiam\u00e8tre: 6 po<br \/>\nLargeur: 7\/8 po<br \/>\nTonnelle: 1\/2 \u00e0 1-1\/4 po<br \/>\nRPM MAX: 6000<br \/>\nFabriqu\u00e9 par Walter<\/p>\n","protected":false},"featured_media":11097,"comment_status":"open","ping_status":"closed","template":"","meta":[],"product_brand":[],"product_cat":[206],"product_tag":[180,189,177],"class_list":{"0":"post-11098","1":"product","2":"type-product","3":"status-publish","4":"has-post-thumbnail","6":"product_cat-brosses","7":"product_tag-automotive-fr","8":"product_tag-fournitures-datelier","9":"product_tag-pieces-dautos","10":"has-post-title","11":"has-post-date","12":"has-post-category","13":"has-post-tag","14":"has-post-comment","15":"has-post-author","16":"","17":"fullcover","19":"first","20":"instock","21":"taxable","22":"shipping-taxable","23":"purchasable","24":"product-type-simple"},"jetpack_sharing_enabled":true,"builder_content":"","_links":{"self":[{"href":"https:\/\/fittingsgo.com\/fr\/wp-json\/wp\/v2\/product\/11098","targetHints":{"allow":["GET"]}}],"collection":[{"href":"https:\/\/fittingsgo.com\/fr\/wp-json\/wp\/v2\/product"}],"about":[{"href":"https:\/\/fittingsgo.com\/fr\/wp-json\/wp\/v2\/types\/product"}],"replies":[{"embeddable":true,"href":"https:\/\/fittingsgo.com\/fr\/wp-json\/wp\/v2\/comments?post=11098"}],"wp:featuredmedia":[{"embeddable":true,"href":"https:\/\/fittingsgo.com\/fr\/wp-json\/wp\/v2\/media\/11097"}],"wp:attachment":[{"href":"https:\/\/fittingsgo.com\/fr\/wp-json\/wp\/v2\/media?parent=11098"}],"wp:term":[{"taxonomy":"product_brand","embeddable":true,"href":"https:\/\/fittingsgo.com\/fr\/wp-json\/wp\/v2\/product_brand?post=11098"},{"taxonomy":"product_cat","embeddable":true,"href":"https:\/\/fittingsgo.com\/fr\/wp-json\/wp\/v2\/product_cat?post=11098"},{"taxonomy":"product_tag","embeddable":true,"href":"https:\/\/fittingsgo.com\/fr\/wp-json\/wp\/v2\/product_tag?post=11098"}],"curies":[{"name":"wp","href":"https:\/\/api.w.org\/{rel}","templated":true}]}}