{"id":11086,"date":"2020-01-13T21:27:42","date_gmt":"2020-01-14T02:27:42","guid":{"rendered":"https:\/\/fittingsgo.com\/product\/kit-de-rechapage-de-bouchon-de-carter-dhuile\/"},"modified":"2020-01-13T21:47:35","modified_gmt":"2020-01-14T02:47:35","slug":"kit-de-rechapage-de-bouchon-de-carter-dhuile","status":"publish","type":"product","link":"https:\/\/fittingsgo.com\/fr\/produit\/kit-de-rechapage-de-bouchon-de-carter-dhuile\/","title":{"rendered":"Kit de rechapage de bouchon de carter d&#8217;huile"},"content":{"rendered":"<p>58850<\/p>\n<div id=\"themify_builder_content-11086\" data-postid=\"11086\" class=\"themify_builder_content themify_builder_content-11086 themify_builder\">\n    <\/div>\n<!-- \/themify_builder_content -->\n","protected":false},"excerpt":{"rendered":"<p>Cet ensemble comprend une perceuse pilot\u00e9e, un outil de taraudage \u00e0 ressort et 5 bouchons de vidange magn\u00e9tiques. L&#8217;outil de taraudage unique garantit que le nouveau filetage sera perpendiculaire \u00e0 la surface du joint pour \u00e9viter les fuites. Fonctionne sur les carter d&#8217;huile en acier doux et en aluminium avec filetage 1\/2 po, 12 mm et 14 mm. Peut \u00eatre utilis\u00e9 sur le v\u00e9hicule lorsque la pi\u00e8ce le permet.<br \/>\nManual (en anglais seulement): <a href=\"https:\/\/fittingsgo.com\/wp-content\/uploads\/2020\/01\/58850_WebInstr_448587EDDC0E9.pdf\" target=\"_blank\" rel=\"noopener noreferrer\">58850_WebInstr_448587EDDC0E9<\/a><br \/>\nFabriqu\u00e9 par Lisle<\/p>\n","protected":false},"featured_media":11083,"comment_status":"open","ping_status":"closed","template":"","meta":[],"product_brand":[],"product_cat":[339],"product_tag":[180,189,177],"class_list":{"0":"post-11086","1":"product","2":"type-product","3":"status-publish","4":"has-post-thumbnail","6":"product_cat-outils-de-moteur-transmission","7":"product_tag-automotive-fr","8":"product_tag-fournitures-datelier","9":"product_tag-pieces-dautos","10":"has-post-title","11":"has-post-date","12":"has-post-category","13":"has-post-tag","14":"has-post-comment","15":"has-post-author","16":"","17":"fullcover","19":"first","20":"instock","21":"taxable","22":"shipping-taxable","23":"purchasable","24":"product-type-simple"},"jetpack_sharing_enabled":true,"builder_content":"","_links":{"self":[{"href":"https:\/\/fittingsgo.com\/fr\/wp-json\/wp\/v2\/product\/11086","targetHints":{"allow":["GET"]}}],"collection":[{"href":"https:\/\/fittingsgo.com\/fr\/wp-json\/wp\/v2\/product"}],"about":[{"href":"https:\/\/fittingsgo.com\/fr\/wp-json\/wp\/v2\/types\/product"}],"replies":[{"embeddable":true,"href":"https:\/\/fittingsgo.com\/fr\/wp-json\/wp\/v2\/comments?post=11086"}],"wp:featuredmedia":[{"embeddable":true,"href":"https:\/\/fittingsgo.com\/fr\/wp-json\/wp\/v2\/media\/11083"}],"wp:attachment":[{"href":"https:\/\/fittingsgo.com\/fr\/wp-json\/wp\/v2\/media?parent=11086"}],"wp:term":[{"taxonomy":"product_brand","embeddable":true,"href":"https:\/\/fittingsgo.com\/fr\/wp-json\/wp\/v2\/product_brand?post=11086"},{"taxonomy":"product_cat","embeddable":true,"href":"https:\/\/fittingsgo.com\/fr\/wp-json\/wp\/v2\/product_cat?post=11086"},{"taxonomy":"product_tag","embeddable":true,"href":"https:\/\/fittingsgo.com\/fr\/wp-json\/wp\/v2\/product_tag?post=11086"}],"curies":[{"name":"wp","href":"https:\/\/api.w.org\/{rel}","templated":true}]}}