{"id":11059,"date":"2020-01-12T22:21:26","date_gmt":"2020-01-13T03:21:26","guid":{"rendered":"https:\/\/fittingsgo.com\/product\/collier-dechappement-a-bande-etroite\/"},"modified":"2020-01-13T22:06:24","modified_gmt":"2020-01-14T03:06:24","slug":"collier-dechappement-a-bande-etroite","status":"publish","type":"product","link":"https:\/\/fittingsgo.com\/fr\/produit\/collier-dechappement-a-bande-etroite\/","title":{"rendered":"Collier d&#8217;\u00e9chappement \u00e0 bande \u00e9troite"},"content":{"rendered":"<p>36433, 36434, 36460, 36435, 36436, 35227, 35228<\/p>\n<div id=\"themify_builder_content-11059\" data-postid=\"11059\" class=\"themify_builder_content themify_builder_content-11059 themify_builder\">\n    <\/div>\n<!-- \/themify_builder_content -->\n","protected":false},"excerpt":{"rendered":"<p>Acier aluminis\u00e9<br \/>\n1-1\/4 po de largeur<br \/>\nFabriqu\u00e9 par Walker<\/p>\n","protected":false},"featured_media":11058,"comment_status":"open","ping_status":"closed","template":"","meta":[],"product_brand":[],"product_cat":[178],"product_tag":[180,189,177,179],"class_list":{"0":"post-11059","1":"product","2":"type-product","3":"status-publish","4":"has-post-thumbnail","6":"product_cat-echappement","7":"product_tag-automotive-fr","8":"product_tag-fournitures-datelier","9":"product_tag-pieces-dautos","10":"product_tag-tuyau","11":"has-post-title","12":"has-post-date","13":"has-post-category","14":"has-post-tag","15":"has-post-comment","16":"has-post-author","17":"","18":"fullcover","20":"first","21":"instock","22":"taxable","23":"shipping-taxable","24":"purchasable","25":"product-type-variable"},"jetpack_sharing_enabled":true,"builder_content":"","_links":{"self":[{"href":"https:\/\/fittingsgo.com\/fr\/wp-json\/wp\/v2\/product\/11059","targetHints":{"allow":["GET"]}}],"collection":[{"href":"https:\/\/fittingsgo.com\/fr\/wp-json\/wp\/v2\/product"}],"about":[{"href":"https:\/\/fittingsgo.com\/fr\/wp-json\/wp\/v2\/types\/product"}],"replies":[{"embeddable":true,"href":"https:\/\/fittingsgo.com\/fr\/wp-json\/wp\/v2\/comments?post=11059"}],"wp:featuredmedia":[{"embeddable":true,"href":"https:\/\/fittingsgo.com\/fr\/wp-json\/wp\/v2\/media\/11058"}],"wp:attachment":[{"href":"https:\/\/fittingsgo.com\/fr\/wp-json\/wp\/v2\/media?parent=11059"}],"wp:term":[{"taxonomy":"product_brand","embeddable":true,"href":"https:\/\/fittingsgo.com\/fr\/wp-json\/wp\/v2\/product_brand?post=11059"},{"taxonomy":"product_cat","embeddable":true,"href":"https:\/\/fittingsgo.com\/fr\/wp-json\/wp\/v2\/product_cat?post=11059"},{"taxonomy":"product_tag","embeddable":true,"href":"https:\/\/fittingsgo.com\/fr\/wp-json\/wp\/v2\/product_tag?post=11059"}],"curies":[{"name":"wp","href":"https:\/\/api.w.org\/{rel}","templated":true}]}}