{"id":11030,"date":"2020-01-11T23:18:58","date_gmt":"2020-01-12T04:18:58","guid":{"rendered":"https:\/\/fittingsgo.com\/product\/fil-fondant-de-flux-e71t-gs-fluxed-cored\/"},"modified":"2020-01-11T23:23:07","modified_gmt":"2020-01-12T04:23:07","slug":"fil-fondant-de-flux-e71t-gs-fluxed-cored","status":"publish","type":"product","link":"https:\/\/fittingsgo.com\/fr\/produit\/fil-fondant-de-flux-e71t-gs-fluxed-cored\/","title":{"rendered":"Fil fondant de flux \/ E71T-GS Fluxed Cored"},"content":{"rendered":"<p>1440-0230, 1440-0231, 1440-0235, 1440-0236, 14400230, 14400231, 14400235, 14400236<\/p>\n<div id=\"themify_builder_content-11030\" data-postid=\"11030\" class=\"themify_builder_content themify_builder_content-11030 themify_builder\">\n    <\/div>\n<!-- \/themify_builder_content -->\n","protected":false},"excerpt":{"rendered":"<p>&#8211; Premium AWS CLASS E 71T-GS<br \/>\n&#8211; Aussi appel\u00e9 \u00abSelf-Shielding\u00bb ou \u00abGasless\u00bb<br \/>\n&#8211; Pour les soudeurs MIG \u00e0 usage g\u00e9n\u00e9ral<br \/>\n&#8211; Con\u00e7u pour \u00eatre utilis\u00e9 sur l&#8217;acier doux<br \/>\n&#8211; Id\u00e9al pour une surface de soudage propre ou pr\u00e9par\u00e9e<br \/>\n&#8211; Ne n\u00e9cessite aucun gaz de protection<br \/>\n&#8211; Polarit\u00e9 droite DC<br \/>\nFabriqu\u00e9 par Firepower<\/p>\n","protected":false},"featured_media":11027,"comment_status":"open","ping_status":"closed","template":"","meta":[],"product_brand":[],"product_cat":[518],"product_tag":[180,189,177],"class_list":{"0":"post-11030","1":"product","2":"type-product","3":"status-publish","4":"has-post-thumbnail","6":"product_cat-outils-de-soudage","7":"product_tag-automotive-fr","8":"product_tag-fournitures-datelier","9":"product_tag-pieces-dautos","10":"has-post-title","11":"has-post-date","12":"has-post-category","13":"has-post-tag","14":"has-post-comment","15":"has-post-author","16":"","17":"fullcover","19":"first","20":"instock","21":"taxable","22":"shipping-taxable","23":"purchasable","24":"product-type-variable"},"jetpack_sharing_enabled":true,"builder_content":"","_links":{"self":[{"href":"https:\/\/fittingsgo.com\/fr\/wp-json\/wp\/v2\/product\/11030","targetHints":{"allow":["GET"]}}],"collection":[{"href":"https:\/\/fittingsgo.com\/fr\/wp-json\/wp\/v2\/product"}],"about":[{"href":"https:\/\/fittingsgo.com\/fr\/wp-json\/wp\/v2\/types\/product"}],"replies":[{"embeddable":true,"href":"https:\/\/fittingsgo.com\/fr\/wp-json\/wp\/v2\/comments?post=11030"}],"wp:featuredmedia":[{"embeddable":true,"href":"https:\/\/fittingsgo.com\/fr\/wp-json\/wp\/v2\/media\/11027"}],"wp:attachment":[{"href":"https:\/\/fittingsgo.com\/fr\/wp-json\/wp\/v2\/media?parent=11030"}],"wp:term":[{"taxonomy":"product_brand","embeddable":true,"href":"https:\/\/fittingsgo.com\/fr\/wp-json\/wp\/v2\/product_brand?post=11030"},{"taxonomy":"product_cat","embeddable":true,"href":"https:\/\/fittingsgo.com\/fr\/wp-json\/wp\/v2\/product_cat?post=11030"},{"taxonomy":"product_tag","embeddable":true,"href":"https:\/\/fittingsgo.com\/fr\/wp-json\/wp\/v2\/product_tag?post=11030"}],"curies":[{"name":"wp","href":"https:\/\/api.w.org\/{rel}","templated":true}]}}