{"id":11008,"date":"2020-01-11T23:02:34","date_gmt":"2020-01-12T04:02:34","guid":{"rendered":"https:\/\/fittingsgo.com\/product\/fil-solide-en-acier-doux-er70s-6-mig-wire-solid\/"},"modified":"2020-01-11T23:25:53","modified_gmt":"2020-01-12T04:25:53","slug":"fil-solide-en-acier-doux-er70s-6-mig-wire-solid","status":"publish","type":"product","link":"https:\/\/fittingsgo.com\/fr\/produit\/fil-solide-en-acier-doux-er70s-6-mig-wire-solid\/","title":{"rendered":"Fil solide en acier doux \/ ER70S-6 MIG Wire Solid"},"content":{"rendered":"<p>1440-0210, 1440-0211, 1440-0215, 1440-0216, 1440-0220, 1440-0221, 14400210, 14400211, 14400215, 14400216, 14400220, 14400221<\/p>\n<div id=\"themify_builder_content-11008\" data-postid=\"11008\" class=\"themify_builder_content themify_builder_content-11008 themify_builder\">\n    <\/div>\n<!-- \/themify_builder_content -->\n","protected":false},"excerpt":{"rendered":"<p>&#8211; CLASSE AWS Premium ER70S-6<br \/>\n&#8211; Pour le soudage MIG \u00e0 usage g\u00e9n\u00e9ral<br \/>\n&#8211; Con\u00e7u pour \u00eatre utilis\u00e9 sur l&#8217;acier doux<br \/>\n&#8211; Id\u00e9al pour une surface de soudage propre ou pr\u00e9par\u00e9e<br \/>\n&#8211; N\u00e9cessite un gaz de protection<br \/>\n&#8211; Polarit\u00e9 inverse DC<br \/>\nFabriqu\u00e9 par Firepower<\/p>\n","protected":false},"featured_media":11007,"comment_status":"open","ping_status":"closed","template":"","meta":[],"product_brand":[],"product_cat":[518],"product_tag":[180,189,177],"class_list":{"0":"post-11008","1":"product","2":"type-product","3":"status-publish","4":"has-post-thumbnail","6":"product_cat-outils-de-soudage","7":"product_tag-automotive-fr","8":"product_tag-fournitures-datelier","9":"product_tag-pieces-dautos","10":"has-post-title","11":"has-post-date","12":"has-post-category","13":"has-post-tag","14":"has-post-comment","15":"has-post-author","16":"","17":"fullcover","19":"first","20":"instock","21":"taxable","22":"shipping-taxable","23":"purchasable","24":"product-type-variable"},"jetpack_sharing_enabled":true,"builder_content":"","_links":{"self":[{"href":"https:\/\/fittingsgo.com\/fr\/wp-json\/wp\/v2\/product\/11008","targetHints":{"allow":["GET"]}}],"collection":[{"href":"https:\/\/fittingsgo.com\/fr\/wp-json\/wp\/v2\/product"}],"about":[{"href":"https:\/\/fittingsgo.com\/fr\/wp-json\/wp\/v2\/types\/product"}],"replies":[{"embeddable":true,"href":"https:\/\/fittingsgo.com\/fr\/wp-json\/wp\/v2\/comments?post=11008"}],"wp:featuredmedia":[{"embeddable":true,"href":"https:\/\/fittingsgo.com\/fr\/wp-json\/wp\/v2\/media\/11007"}],"wp:attachment":[{"href":"https:\/\/fittingsgo.com\/fr\/wp-json\/wp\/v2\/media?parent=11008"}],"wp:term":[{"taxonomy":"product_brand","embeddable":true,"href":"https:\/\/fittingsgo.com\/fr\/wp-json\/wp\/v2\/product_brand?post=11008"},{"taxonomy":"product_cat","embeddable":true,"href":"https:\/\/fittingsgo.com\/fr\/wp-json\/wp\/v2\/product_cat?post=11008"},{"taxonomy":"product_tag","embeddable":true,"href":"https:\/\/fittingsgo.com\/fr\/wp-json\/wp\/v2\/product_tag?post=11008"}],"curies":[{"name":"wp","href":"https:\/\/api.w.org\/{rel}","templated":true}]}}