{"id":10982,"date":"2020-01-11T22:04:09","date_gmt":"2020-01-12T03:04:09","guid":{"rendered":"https:\/\/fittingsgo.com\/product\/tuyaux-de-soudage-3-16-%e2%80%b3-x-125-pi-double\/"},"modified":"2020-01-17T08:47:17","modified_gmt":"2020-01-17T13:47:17","slug":"tuyaux-de-soudage-3-16-%e2%80%b3-x-125-pi-double","status":"publish","type":"product","link":"https:\/\/fittingsgo.com\/fr\/produit\/tuyaux-de-soudage-3-16-%e2%80%b3-x-125-pi-double\/","title":{"rendered":"Tuyaux de soudage 3\/16 \u2033 x 12,5 pi (double)"},"content":{"rendered":"<p>Le codage couleur des tuyaux et des filetages diff\u00e9rents pour le carburant et l&#8217;oxyg\u00e8ne emp\u00eache les connexions incorrectes des tuyaux au mauvais type de gaz. Les flexibles doubles aident \u00e0 garder la zone de travail bien rang\u00e9e, ce qui r\u00e9duit le risque d&#8217;endommagement des flexibles.<br \/>\n1412-0012, 14120012<\/p>\n<div id=\"themify_builder_content-10982\" data-postid=\"10982\" class=\"themify_builder_content themify_builder_content-10982 themify_builder\">\n    <\/div>\n<!-- \/themify_builder_content -->\n","protected":false},"excerpt":{"rendered":"<p>&#8211; Tuyau de qualit\u00e9 sup\u00e9rieure qui satisfait ou d\u00e9passe les exigences de RMA et CGA<br \/>\n&#8211; Des raccords de tuyaux s\u00e9curis\u00e9s et sp\u00e9cialement con\u00e7us garantissent la s\u00e9curit\u00e9 de l&#8217;op\u00e9rateur<br \/>\n&#8211; Code couleur pour une identification facile<br \/>\n&#8211; Pr\u00e9d\u00e9coup\u00e9 \u00e0 longueur avec raccords adapt\u00e9s<br \/>\n&#8211; Tuyau de grade R recommand\u00e9 pour une utilisation avec de l&#8217;ac\u00e9tyl\u00e8ne<br \/>\n&#8211; Pour tuyau T de 3\/16 po x 12,5 pi.<br \/>\nFabriqu\u00e9 par Firepower<\/p>\n","protected":false},"featured_media":10979,"comment_status":"open","ping_status":"closed","template":"","meta":[],"product_brand":[],"product_cat":[518],"product_tag":[180,189,177],"class_list":{"0":"post-10982","1":"product","2":"type-product","3":"status-publish","4":"has-post-thumbnail","6":"product_cat-outils-de-soudage","7":"product_tag-automotive-fr","8":"product_tag-fournitures-datelier","9":"product_tag-pieces-dautos","10":"has-post-title","11":"has-post-date","12":"has-post-category","13":"has-post-tag","14":"has-post-comment","15":"has-post-author","16":"","17":"fullcover","19":"first","20":"instock","21":"taxable","22":"shipping-taxable","23":"purchasable","24":"product-type-simple"},"jetpack_sharing_enabled":true,"builder_content":"","_links":{"self":[{"href":"https:\/\/fittingsgo.com\/fr\/wp-json\/wp\/v2\/product\/10982","targetHints":{"allow":["GET"]}}],"collection":[{"href":"https:\/\/fittingsgo.com\/fr\/wp-json\/wp\/v2\/product"}],"about":[{"href":"https:\/\/fittingsgo.com\/fr\/wp-json\/wp\/v2\/types\/product"}],"replies":[{"embeddable":true,"href":"https:\/\/fittingsgo.com\/fr\/wp-json\/wp\/v2\/comments?post=10982"}],"wp:featuredmedia":[{"embeddable":true,"href":"https:\/\/fittingsgo.com\/fr\/wp-json\/wp\/v2\/media\/10979"}],"wp:attachment":[{"href":"https:\/\/fittingsgo.com\/fr\/wp-json\/wp\/v2\/media?parent=10982"}],"wp:term":[{"taxonomy":"product_brand","embeddable":true,"href":"https:\/\/fittingsgo.com\/fr\/wp-json\/wp\/v2\/product_brand?post=10982"},{"taxonomy":"product_cat","embeddable":true,"href":"https:\/\/fittingsgo.com\/fr\/wp-json\/wp\/v2\/product_cat?post=10982"},{"taxonomy":"product_tag","embeddable":true,"href":"https:\/\/fittingsgo.com\/fr\/wp-json\/wp\/v2\/product_tag?post=10982"}],"curies":[{"name":"wp","href":"https:\/\/api.w.org\/{rel}","templated":true}]}}