{"id":10976,"date":"2020-01-11T21:56:26","date_gmt":"2020-01-12T02:56:26","guid":{"rendered":"https:\/\/fittingsgo.com\/product\/kit-oxyfuel-250-medium-duty\/"},"modified":"2020-01-11T21:59:30","modified_gmt":"2020-01-12T02:59:30","slug":"kit-oxyfuel-250-medium-duty","status":"publish","type":"product","link":"https:\/\/fittingsgo.com\/fr\/produit\/kit-oxyfuel-250-medium-duty\/","title":{"rendered":"Kit OxyFuel 250 Medium Duty"},"content":{"rendered":"<p>&#8211; Syst\u00e8me complet hautes performances qui respecte ou d\u00e9passe les normes de l&#8217;industrie.<br \/>\n&#8211; R\u00e9gulateurs haute performance \u00e0 codage couleur de la s\u00e9rie 250.<br \/>\n&#8211; Poign\u00e9e compl\u00e8te et accessoire de coupe optimis\u00e9s pour plusieurs gaz.<br \/>\n&#8211; Jusqu&#8217;\u00e0 5 &#8220;de capacit\u00e9 de coupe et 1\/2&#8221; de soudage avec pointes en option<br \/>\n&#8211; Optimis\u00e9 pour une coupe de 1\/2 \u2033 et une soudure de 1\/16 \u2033 hors de la bo\u00eete.<br \/>\n&#8211; Plateforme polyvalente flexible.<\/p>\n<p>0384-2571, 03842571<\/p>\n<div id=\"themify_builder_content-10976\" data-postid=\"10976\" class=\"themify_builder_content themify_builder_content-10976 themify_builder\">\n    <\/div>\n<!-- \/themify_builder_content -->\n","protected":false},"excerpt":{"rendered":"<p>L&#8217;OxyFuel 250 Medium Duty Outfit contient des composants de performance premium pour le consommateur ax\u00e9 sur la valeur. Convient pour le soudage par fusion de service l\u00e9ger \u00e0 moyen, le soudage par brasage, le brasage, le chauffage et les applications de coupe \u00e0 la main.<br \/>\nFabriqu\u00e9 par Firepower<\/p>\n","protected":false},"featured_media":10973,"comment_status":"open","ping_status":"closed","template":"","meta":[],"product_brand":[],"product_cat":[518],"product_tag":[180,189,177],"class_list":{"0":"post-10976","1":"product","2":"type-product","3":"status-publish","4":"has-post-thumbnail","6":"product_cat-outils-de-soudage","7":"product_tag-automotive-fr","8":"product_tag-fournitures-datelier","9":"product_tag-pieces-dautos","10":"has-post-title","11":"has-post-date","12":"has-post-category","13":"has-post-tag","14":"has-post-comment","15":"has-post-author","16":"","17":"fullcover","19":"first","20":"instock","21":"taxable","22":"shipping-taxable","23":"purchasable","24":"product-type-simple"},"jetpack_sharing_enabled":true,"builder_content":"","_links":{"self":[{"href":"https:\/\/fittingsgo.com\/fr\/wp-json\/wp\/v2\/product\/10976","targetHints":{"allow":["GET"]}}],"collection":[{"href":"https:\/\/fittingsgo.com\/fr\/wp-json\/wp\/v2\/product"}],"about":[{"href":"https:\/\/fittingsgo.com\/fr\/wp-json\/wp\/v2\/types\/product"}],"replies":[{"embeddable":true,"href":"https:\/\/fittingsgo.com\/fr\/wp-json\/wp\/v2\/comments?post=10976"}],"wp:featuredmedia":[{"embeddable":true,"href":"https:\/\/fittingsgo.com\/fr\/wp-json\/wp\/v2\/media\/10973"}],"wp:attachment":[{"href":"https:\/\/fittingsgo.com\/fr\/wp-json\/wp\/v2\/media?parent=10976"}],"wp:term":[{"taxonomy":"product_brand","embeddable":true,"href":"https:\/\/fittingsgo.com\/fr\/wp-json\/wp\/v2\/product_brand?post=10976"},{"taxonomy":"product_cat","embeddable":true,"href":"https:\/\/fittingsgo.com\/fr\/wp-json\/wp\/v2\/product_cat?post=10976"},{"taxonomy":"product_tag","embeddable":true,"href":"https:\/\/fittingsgo.com\/fr\/wp-json\/wp\/v2\/product_tag?post=10976"}],"curies":[{"name":"wp","href":"https:\/\/api.w.org\/{rel}","templated":true}]}}