{"id":10970,"date":"2020-01-11T21:43:24","date_gmt":"2020-01-12T02:43:24","guid":{"rendered":"https:\/\/fittingsgo.com\/product\/kit-de-torche-de-rechange-oxyfuel-250\/"},"modified":"2020-01-11T21:50:14","modified_gmt":"2020-01-12T02:50:14","slug":"kit-de-torche-de-rechange-oxyfuel-250","status":"publish","type":"product","link":"https:\/\/fittingsgo.com\/fr\/produit\/kit-de-torche-de-rechange-oxyfuel-250\/","title":{"rendered":"Kit de torche de rechange OxyFuel 250"},"content":{"rendered":"<p>0384-2573, 03842573<\/p>\n<div id=\"themify_builder_content-10970\" data-postid=\"10970\" class=\"themify_builder_content themify_builder_content-10970 themify_builder\">\n    <\/div>\n<!-- \/themify_builder_content -->\n","protected":false},"excerpt":{"rendered":"<p>&#8211; La torche de coupe et la poign\u00e9e sont pr\u00eates pour plusieurs options de gaz; Oxyac\u00e9tyl\u00e8ne, propane, butane, gaz naturels et gaz propane et propyl\u00e8ne<br \/>\n&#8211; Boutons ergonomiques \u00e0 code couleur (ac\u00e9tyl\u00e8ne et oxyg\u00e8ne)<br \/>\n&#8211; R\u00e9pond ou d\u00e9passe les normes de s\u00e9curit\u00e9 de l&#8217;industrie<br \/>\n&#8211; Coupe l&#8217;acier de 1\/8 po (3,2 mm) \u00e0 5 po (127 mm)<br \/>\n&#8211; Chaleur \u00e0 l&#8217;aide de multiples buses de chaleur<br \/>\n&#8211; Soud\u00e9 jusqu&#8217;\u00e0 1\/2 po (12,7 mm) en acier<br \/>\n&#8211; Construit avec des alliages \u00e0 haute r\u00e9sistance, de l&#8217;acier inoxydable robuste et du laiton durable<br \/>\nFabriqu\u00e9 par Firepower<\/p>\n","protected":false},"featured_media":10969,"comment_status":"open","ping_status":"closed","template":"","meta":[],"product_brand":[],"product_cat":[518],"product_tag":[180,189,177],"class_list":{"0":"post-10970","1":"product","2":"type-product","3":"status-publish","4":"has-post-thumbnail","6":"product_cat-outils-de-soudage","7":"product_tag-automotive-fr","8":"product_tag-fournitures-datelier","9":"product_tag-pieces-dautos","10":"has-post-title","11":"has-post-date","12":"has-post-category","13":"has-post-tag","14":"has-post-comment","15":"has-post-author","16":"","17":"fullcover","19":"first","20":"instock","21":"taxable","22":"shipping-taxable","23":"purchasable","24":"product-type-simple"},"jetpack_sharing_enabled":true,"builder_content":"","_links":{"self":[{"href":"https:\/\/fittingsgo.com\/fr\/wp-json\/wp\/v2\/product\/10970","targetHints":{"allow":["GET"]}}],"collection":[{"href":"https:\/\/fittingsgo.com\/fr\/wp-json\/wp\/v2\/product"}],"about":[{"href":"https:\/\/fittingsgo.com\/fr\/wp-json\/wp\/v2\/types\/product"}],"replies":[{"embeddable":true,"href":"https:\/\/fittingsgo.com\/fr\/wp-json\/wp\/v2\/comments?post=10970"}],"wp:featuredmedia":[{"embeddable":true,"href":"https:\/\/fittingsgo.com\/fr\/wp-json\/wp\/v2\/media\/10969"}],"wp:attachment":[{"href":"https:\/\/fittingsgo.com\/fr\/wp-json\/wp\/v2\/media?parent=10970"}],"wp:term":[{"taxonomy":"product_brand","embeddable":true,"href":"https:\/\/fittingsgo.com\/fr\/wp-json\/wp\/v2\/product_brand?post=10970"},{"taxonomy":"product_cat","embeddable":true,"href":"https:\/\/fittingsgo.com\/fr\/wp-json\/wp\/v2\/product_cat?post=10970"},{"taxonomy":"product_tag","embeddable":true,"href":"https:\/\/fittingsgo.com\/fr\/wp-json\/wp\/v2\/product_tag?post=10970"}],"curies":[{"name":"wp","href":"https:\/\/api.w.org\/{rel}","templated":true}]}}