{"id":10956,"date":"2020-01-11T21:09:30","date_gmt":"2020-01-12T02:09:30","guid":{"rendered":"https:\/\/fittingsgo.com\/product\/micro-pompe-electrique-pour-lessence-de-mr-gasket\/"},"modified":"2020-01-11T21:15:42","modified_gmt":"2020-01-12T02:15:42","slug":"micro-pompe-electrique-pour-lessence-de-mr-gasket","status":"publish","type":"product","link":"https:\/\/fittingsgo.com\/fr\/produit\/micro-pompe-electrique-pour-lessence-de-mr-gasket\/","title":{"rendered":"Micro pompe \u00e9lectrique pour l&#8217;essence de Mr Gasket"},"content":{"rendered":"<p>Pompe de type \u00e0 alimentation par gravit\u00e9 avec une conception simple \u00e0 deux fils. Fonctionne uniquement sur des syst\u00e8mes de masse n\u00e9gative de 12 volts. Comprend des raccords et du mat\u00e9riel de montage ainsi que des instructions de bricolage faciles \u00e0 suivre. Les pompes n\u00e9cessitent environ un ampli en moyenne \u00e0 la livraison maximale. 4-7 PSI, 35 GPH. Conception universelle pour la plupart des applications domestiques de carburateur \u00e0 4, 6 et 8 cylindres.<\/p>\n<p>Application universelle<br \/>\nCode d&#8217;\u00e9mission 5<br \/>\nFree Flow GPH 35<br \/>\nSyst\u00e8me de carburant carbur\u00e9<br \/>\nType de carburant Essence<br \/>\nTaille du tuyau 5\/16<br \/>\nTaille d&#8217;entr\u00e9e 1\/8 po NPT<br \/>\nMat\u00e9riau polym\u00e8re<br \/>\nPression maximale 7 psi<br \/>\n12S<\/p>\n<div id=\"themify_builder_content-10956\" data-postid=\"10956\" class=\"themify_builder_content themify_builder_content-10956 themify_builder\">\n    <\/div>\n<!-- \/themify_builder_content -->\n","protected":false},"excerpt":{"rendered":"<p>&#8211; 4-7 PSI<br \/>\n&#8211; 35 GPH &#8211; Essence &#8211; pour carburateur<br \/>\n&#8211; \u00c9lectronique sans souci \u00e0 l&#8217;\u00e9tat solide<br \/>\n&#8211; R\u00e9gulation de pression interne<br \/>\n&#8211; La conception universelle permet une installation facile<br \/>\n&#8211; Aucun diaphragme ou pi\u00e8ce m\u00e9canique \u00e0 porter<br \/>\n&#8211; Ils font un excellent transfert de carburant ou une pompe de surpression<br \/>\n&#8211; Raccord cannel\u00e9 pour tuyau de carburant 5\/16 po<br \/>\n&#8211; Auto-amor\u00e7ante, conception \u00e0 2 fils<br \/>\n&#8211; \u00c9limine le blocage de vapeur et les inondations<br \/>\nManual (en anglais seulement): <a href=\"https:\/\/fittingsgo.com\/wp-content\/uploads\/2020\/01\/12s42srevised.pdf\" target=\"_blank\" rel=\"noopener noreferrer\">12s42srevised<\/a><br \/>\nFabriqu\u00e9 par Mr Gasket<\/p>\n","protected":false},"featured_media":10953,"comment_status":"open","ping_status":"closed","template":"","meta":[],"product_brand":[],"product_cat":[516],"product_tag":[180,189,177],"class_list":{"0":"post-10956","1":"product","2":"type-product","3":"status-publish","4":"has-post-thumbnail","6":"product_cat-pompes-a-gaz","7":"product_tag-automotive-fr","8":"product_tag-fournitures-datelier","9":"product_tag-pieces-dautos","10":"has-post-title","11":"has-post-date","12":"has-post-category","13":"has-post-tag","14":"has-post-comment","15":"has-post-author","16":"","17":"fullcover","19":"first","20":"instock","21":"taxable","22":"shipping-taxable","23":"purchasable","24":"product-type-simple"},"jetpack_sharing_enabled":true,"builder_content":"","_links":{"self":[{"href":"https:\/\/fittingsgo.com\/fr\/wp-json\/wp\/v2\/product\/10956","targetHints":{"allow":["GET"]}}],"collection":[{"href":"https:\/\/fittingsgo.com\/fr\/wp-json\/wp\/v2\/product"}],"about":[{"href":"https:\/\/fittingsgo.com\/fr\/wp-json\/wp\/v2\/types\/product"}],"replies":[{"embeddable":true,"href":"https:\/\/fittingsgo.com\/fr\/wp-json\/wp\/v2\/comments?post=10956"}],"wp:featuredmedia":[{"embeddable":true,"href":"https:\/\/fittingsgo.com\/fr\/wp-json\/wp\/v2\/media\/10953"}],"wp:attachment":[{"href":"https:\/\/fittingsgo.com\/fr\/wp-json\/wp\/v2\/media?parent=10956"}],"wp:term":[{"taxonomy":"product_brand","embeddable":true,"href":"https:\/\/fittingsgo.com\/fr\/wp-json\/wp\/v2\/product_brand?post=10956"},{"taxonomy":"product_cat","embeddable":true,"href":"https:\/\/fittingsgo.com\/fr\/wp-json\/wp\/v2\/product_cat?post=10956"},{"taxonomy":"product_tag","embeddable":true,"href":"https:\/\/fittingsgo.com\/fr\/wp-json\/wp\/v2\/product_tag?post=10956"}],"curies":[{"name":"wp","href":"https:\/\/api.w.org\/{rel}","templated":true}]}}