{"id":10931,"date":"2020-01-10T22:58:41","date_gmt":"2020-01-11T03:58:41","guid":{"rendered":"https:\/\/fittingsgo.com\/product\/reducteur-3-16-femelle-a-1-4-male-double-flare\/"},"modified":"2020-05-07T14:16:15","modified_gmt":"2020-05-07T19:16:15","slug":"reducteur-femelle-double-flare-a-male-double-flare","status":"publish","type":"product","link":"https:\/\/fittingsgo.com\/fr\/produit\/reducteur-femelle-double-flare-a-male-double-flare\/","title":{"rendered":"R\u00e9ducteur femelle \u00abdouble flare\u00bb \u00e0 m\u00e2le \u00abdouble flare\u00bb"},"content":{"rendered":"<p>Les adaptateurs peuvent \u00eatre utilis\u00e9s pour adapter les conduites de frein standard aux diff\u00e9rents ports de taille utilis\u00e9s dans les ma\u00eetres-cylindres doubles. est le diam\u00e8tre ext\u00e9rieur de la conduite de frein. Les raccords de frein hydraulique Edelmann sont zingu\u00e9s pour aider \u00e0 pr\u00e9venir la corrosion galvanique. Des adaptateurs sont \u00e9galement fournis pour adapter les conduites de frein standard au dimensionnement m\u00e9trique pour l&#8217;importation et certains mod\u00e8les de v\u00e9hicules domestiques r\u00e9cents.<br \/>\n3032, 258350, 3231, 258303, 258340, 3237, 258302, 3233, 258450, 3235, 258430, 3236, 258403<\/p>\n<div id=\"themify_builder_content-10931\" data-postid=\"10931\" class=\"themify_builder_content themify_builder_content-10931 themify_builder\">\n    <\/div>\n<!-- \/themify_builder_content -->\n","protected":false},"excerpt":{"rendered":"<p>Adaptateur de conduite de frein<br \/>\nFabriqu\u00e9 par Edelmann<\/p>\n","protected":false},"featured_media":10926,"comment_status":"open","ping_status":"closed","template":"","meta":[],"product_brand":[],"product_cat":[536],"product_tag":[180,337,196,177,179],"class_list":{"0":"post-10931","1":"product","2":"type-product","3":"status-publish","4":"has-post-thumbnail","6":"product_cat-adaptateurs-et-reducteurs","7":"product_tag-automotive-fr","8":"product_tag-fitting-fr","9":"product_tag-pieces-a-freins","10":"product_tag-pieces-dautos","11":"product_tag-tuyau","12":"has-post-title","13":"has-post-date","14":"has-post-category","15":"has-post-tag","16":"has-post-comment","17":"has-post-author","18":"","19":"fullcover","21":"first","22":"outofstock","23":"taxable","24":"shipping-taxable","25":"purchasable","26":"product-type-variable"},"jetpack_sharing_enabled":true,"builder_content":"","_links":{"self":[{"href":"https:\/\/fittingsgo.com\/fr\/wp-json\/wp\/v2\/product\/10931","targetHints":{"allow":["GET"]}}],"collection":[{"href":"https:\/\/fittingsgo.com\/fr\/wp-json\/wp\/v2\/product"}],"about":[{"href":"https:\/\/fittingsgo.com\/fr\/wp-json\/wp\/v2\/types\/product"}],"replies":[{"embeddable":true,"href":"https:\/\/fittingsgo.com\/fr\/wp-json\/wp\/v2\/comments?post=10931"}],"wp:featuredmedia":[{"embeddable":true,"href":"https:\/\/fittingsgo.com\/fr\/wp-json\/wp\/v2\/media\/10926"}],"wp:attachment":[{"href":"https:\/\/fittingsgo.com\/fr\/wp-json\/wp\/v2\/media?parent=10931"}],"wp:term":[{"taxonomy":"product_brand","embeddable":true,"href":"https:\/\/fittingsgo.com\/fr\/wp-json\/wp\/v2\/product_brand?post=10931"},{"taxonomy":"product_cat","embeddable":true,"href":"https:\/\/fittingsgo.com\/fr\/wp-json\/wp\/v2\/product_cat?post=10931"},{"taxonomy":"product_tag","embeddable":true,"href":"https:\/\/fittingsgo.com\/fr\/wp-json\/wp\/v2\/product_tag?post=10931"}],"curies":[{"name":"wp","href":"https:\/\/api.w.org\/{rel}","templated":true}]}}